{"id":1506,"date":"2024-07-12T16:32:52","date_gmt":"2024-07-12T13:32:52","guid":{"rendered":"https:\/\/vividerm.lv\/?page_id=1506"},"modified":"2024-10-24T17:00:36","modified_gmt":"2024-10-24T14:00:36","slug":"mediostar-monolith","status":"publish","type":"page","link":"https:\/\/vividerm.lv\/en\/ierices\/mediostar-monolith\/","title":{"rendered":"MeDioStar Monolith"},"content":{"rendered":"<div data-elementor-type=\"wp-page\" data-elementor-id=\"1506\" class=\"elementor elementor-1506\" data-elementor-post-type=\"page\">\n\t\t\t\t<div class=\"elementor-element elementor-element-fa5fb27 xts-section-stretch e-con-full e-flex e-con e-parent\" data-id=\"fa5fb27\" data-element_type=\"container\" data-settings=\"{&quot;background_background&quot;:&quot;classic&quot;}\">\n\t\t<div class=\"elementor-element elementor-element-9d6a00a e-con-full e-flex xts-section-disabled e-con e-child\" data-id=\"9d6a00a\" data-element_type=\"container\">\n\t\t\t\t<div class=\"elementor-element elementor-element-f986153 elementor-widget elementor-widget-image\" data-id=\"f986153\" data-element_type=\"widget\" data-widget_type=\"image.default\">\n\t\t\t\t<div class=\"elementor-widget-container\">\n\t\t\t\t\t\t\t\t\t\t\t\t\t\t\t<img fetchpriority=\"high\" decoding=\"async\" width=\"1735\" height=\"1943\" src=\"https:\/\/vividerm.lv\/wp-content\/uploads\/2024\/07\/mediostar-monolith-lazerepilacija.webp\" class=\"attachment-full size-full wp-image-1507\" alt=\"\" srcset=\"https:\/\/vividerm.lv\/wp-content\/uploads\/2024\/07\/mediostar-monolith-lazerepilacija.webp 1735w, https:\/\/vividerm.lv\/wp-content\/uploads\/2024\/07\/mediostar-monolith-lazerepilacija-268x300.webp 268w, https:\/\/vividerm.lv\/wp-content\/uploads\/2024\/07\/mediostar-monolith-lazerepilacija-914x1024.webp 914w, https:\/\/vividerm.lv\/wp-content\/uploads\/2024\/07\/mediostar-monolith-lazerepilacija-768x860.webp 768w, https:\/\/vividerm.lv\/wp-content\/uploads\/2024\/07\/mediostar-monolith-lazerepilacija-1372x1536.webp 1372w\" sizes=\"(max-width: 1735px) 100vw, 1735px\" \/>\t\t\t\t\t\t\t\t\t\t\t\t\t\t\t<\/div>\n\t\t\t\t<\/div>\n\t\t\t\t<\/div>\n\t\t<div class=\"elementor-element elementor-element-fb845f3 e-con-full e-flex xts-section-disabled e-con e-child\" data-id=\"fb845f3\" data-element_type=\"container\">\n\t\t\t\t<div class=\"elementor-element elementor-element-bc0a237 xts-scheme-inherit xts-textalign-inherit elementor-widget elementor-widget-text-editor\" data-id=\"bc0a237\" data-element_type=\"widget\" data-widget_type=\"text-editor.default\">\n\t\t\t\t<div class=\"elementor-widget-container\">\n\t\t\t\t\t\t\t\t\t<p class=\"translation-block\"><strong>MeDioStar Monolith<\/strong> is a 6th (latest) generation laser hair removal device, manufactured since 2019 at the Asclepion factory in Jena, Germany. In terms of technical parameters and functionality, it is the industry standard and is widely used in professional medical centers.<\/p><p><strong>The main advantages of Monolith are:<\/strong><\/p><p class=\"translation-block\">Reduced pulse time to 3 ms and increased laser flash power make Monolith the<strong> most effective laser on the market \u2013 the difference will be maximally noticeable on light and fine hairs.<\/strong><\/p><p class=\"translation-block\">Unique Monolith range manipulators with a <strong>working area of up to 10 cm\u00b2, a 360-degree cooling system<\/strong> around the perimeter, and the ability to produce up to 20 pulses per second with exclusive dual-wavelength technology. <strong>All this makes MeDioStar Monolith one of the fastest, comfortable, and safest laser hair removal device in the world.<\/strong><\/p><p class=\"translation-block\">We use MeDioStar Monolith from Asclepion Laser Technologies GmbH for laser hair removal, skin rejuvenation and whitening, as well as for acne treatment.<\/p><p class=\"translation-block\"><strong>Asclepion Laser Technologies GmbH<\/strong> is the largest medical equipment manufacturer in Europe with over 40 years of experience.<\/p>\t\t\t\t\t\t\t\t<\/div>\n\t\t\t\t<\/div>\n\t\t<div class=\"elementor-element elementor-element-a3fe025 e-con-full e-flex xts-section-disabled e-con e-child\" data-id=\"a3fe025\" data-element_type=\"container\">\n\t\t\t\t<div class=\"elementor-element elementor-element-b2b8ed6 elementor-mobile-align-justify elementor-widget elementor-widget-button\" data-id=\"b2b8ed6\" data-element_type=\"widget\" data-widget_type=\"button.default\">\n\t\t\t\t<div class=\"elementor-widget-container\">\n\t\t\t\t\t\t\t\t\t<div class=\"elementor-button-wrapper\">\n\t\t\t\t\t<a class=\"elementor-button elementor-button-link elementor-size-sm\" href=\"#elementor-action%3Aaction%3Dpopup%3Aopen%26settings%3DeyJpZCI6IjQ2IiwidG9nZ2xlIjpmYWxzZX0%3D\">\n\t\t\t\t\t\t<span class=\"elementor-button-content-wrapper\">\n\t\t\t\t\t\t\t\t\t<span class=\"elementor-button-text\">Apply for the procedure<\/span>\n\t\t\t\t\t<\/span>\n\t\t\t\t\t<\/a>\n\t\t\t\t<\/div>\n\t\t\t\t\t\t\t\t<\/div>\n\t\t\t\t<\/div>\n\t\t\t\t<div class=\"elementor-element elementor-element-efa1b5f elementor-mobile-align-justify elementor-widget elementor-widget-button\" data-id=\"efa1b5f\" data-element_type=\"widget\" data-widget_type=\"button.default\">\n\t\t\t\t<div class=\"elementor-widget-container\">\n\t\t\t\t\t\t\t\t\t<div class=\"elementor-button-wrapper\">\n\t\t\t\t\t<a class=\"elementor-button elementor-button-link elementor-size-sm\" href=\"https:\/\/vividerm.lv\/en\/services\/lazerepilacija\/\">\n\t\t\t\t\t\t<span class=\"elementor-button-content-wrapper\">\n\t\t\t\t\t\t\t\t\t<span class=\"elementor-button-text\">Learn more<\/span>\n\t\t\t\t\t<\/span>\n\t\t\t\t\t<\/a>\n\t\t\t\t<\/div>\n\t\t\t\t\t\t\t\t<\/div>\n\t\t\t\t<\/div>\n\t\t\t\t<\/div>\n\t\t\t\t<\/div>\n\t\t\t\t<\/div>\n\t\t\t\t<\/div>","protected":false},"excerpt":{"rendered":"<p>MeDioStar Monolith ir 6. (jaun\u0101k\u0101s) paaudzes l\u0101zerepil\u0101cijas iek\u0101rta, ko ra\u017eo kop\u0161 2019. gada J\u0113n\u0101 (V\u0101cija) Asclepion r\u016bpn\u012bc\u0101. Tehnisko parametru un funkcionalit\u0101tes zi\u0146\u0101 tas ir nozares etalons un tiek pla\u0161i izmantots profesion\u0101lajos medic\u012bnas centros. Galven\u0101s Monolith priek\u0161roc\u012bbas ir: Samazin\u0101ts impulsa laiks l\u012bdz 3 ms un palielin\u0101ta l\u0101zera zibspuldzes jauda, padarot Monolith par visefekt\u012bv\u0101ko l\u0101zeru tirg\u016b \u2013 [&hellip;]<\/p>\n","protected":false},"author":1,"featured_media":1507,"parent":613,"menu_order":0,"comment_status":"closed","ping_status":"closed","template":"","meta":{"_acf_changed":false,"footnotes":""},"class_list":["post-1506","page","type-page","status-publish","has-post-thumbnail","hentry"],"acf":[],"yoast_head":"<!-- This site is optimized with the Yoast SEO plugin v27.3 - https:\/\/yoast.com\/product\/yoast-seo-wordpress\/ -->\n<title>MeDioStar Monolith - VIVIDERM<\/title>\n<meta name=\"robots\" content=\"index, follow, max-snippet:-1, max-image-preview:large, max-video-preview:-1\" \/>\n<link rel=\"canonical\" href=\"https:\/\/vividerm.lv\/en\/ierices\/mediostar-monolith\/\" \/>\n<meta property=\"og:locale\" content=\"en_US\" \/>\n<meta property=\"og:type\" content=\"article\" \/>\n<meta property=\"og:title\" content=\"MeDioStar Monolith - VIVIDERM\" \/>\n<meta property=\"og:description\" content=\"MeDioStar Monolith ir 6. (jaun\u0101k\u0101s) paaudzes l\u0101zerepil\u0101cijas iek\u0101rta, ko ra\u017eo kop\u0161 2019. gada J\u0113n\u0101 (V\u0101cija) Asclepion r\u016bpn\u012bc\u0101. Tehnisko parametru un funkcionalit\u0101tes zi\u0146\u0101 tas ir nozares etalons un tiek pla\u0161i izmantots profesion\u0101lajos medic\u012bnas centros. Galven\u0101s Monolith priek\u0161roc\u012bbas ir: Samazin\u0101ts impulsa laiks l\u012bdz 3 ms un palielin\u0101ta l\u0101zera zibspuldzes jauda, padarot Monolith par visefekt\u012bv\u0101ko l\u0101zeru tirg\u016b \u2013 [&hellip;]\" \/>\n<meta property=\"og:url\" content=\"https:\/\/vividerm.lv\/en\/ierices\/mediostar-monolith\/\" \/>\n<meta property=\"og:site_name\" content=\"VIVIDERM\" \/>\n<meta property=\"article:publisher\" content=\"https:\/\/www.facebook.com\/vividerm.lv\" \/>\n<meta property=\"article:modified_time\" content=\"2024-10-24T14:00:36+00:00\" \/>\n<meta property=\"og:image\" content=\"https:\/\/vividerm.lv\/wp-content\/uploads\/2024\/07\/mediostar-monolith-lazerepilacija.webp\" \/>\n\t<meta property=\"og:image:width\" content=\"1735\" \/>\n\t<meta property=\"og:image:height\" content=\"1943\" \/>\n\t<meta property=\"og:image:type\" content=\"image\/webp\" \/>\n<meta name=\"twitter:card\" content=\"summary_large_image\" \/>\n<meta name=\"twitter:label1\" content=\"Est. reading time\" \/>\n\t<meta name=\"twitter:data1\" content=\"1 minute\" \/>\n<script type=\"application\/ld+json\" class=\"yoast-schema-graph\">{\"@context\":\"https:\\\/\\\/schema.org\",\"@graph\":[{\"@type\":\"WebPage\",\"@id\":\"https:\\\/\\\/vividerm.lv\\\/ierices\\\/mediostar-monolith\\\/\",\"url\":\"https:\\\/\\\/vividerm.lv\\\/ierices\\\/mediostar-monolith\\\/\",\"name\":\"MeDioStar Monolith - VIVIDERM\",\"isPartOf\":{\"@id\":\"https:\\\/\\\/vividerm.lv\\\/#website\"},\"primaryImageOfPage\":{\"@id\":\"https:\\\/\\\/vividerm.lv\\\/ierices\\\/mediostar-monolith\\\/#primaryimage\"},\"image\":{\"@id\":\"https:\\\/\\\/vividerm.lv\\\/ierices\\\/mediostar-monolith\\\/#primaryimage\"},\"thumbnailUrl\":\"https:\\\/\\\/vividerm.lv\\\/wp-content\\\/uploads\\\/2024\\\/07\\\/mediostar-monolith-lazerepilacija.webp\",\"datePublished\":\"2024-07-12T13:32:52+00:00\",\"dateModified\":\"2024-10-24T14:00:36+00:00\",\"breadcrumb\":{\"@id\":\"https:\\\/\\\/vividerm.lv\\\/ierices\\\/mediostar-monolith\\\/#breadcrumb\"},\"inLanguage\":\"en-US\",\"potentialAction\":[{\"@type\":\"ReadAction\",\"target\":[\"https:\\\/\\\/vividerm.lv\\\/ierices\\\/mediostar-monolith\\\/\"]}]},{\"@type\":\"ImageObject\",\"inLanguage\":\"en-US\",\"@id\":\"https:\\\/\\\/vividerm.lv\\\/ierices\\\/mediostar-monolith\\\/#primaryimage\",\"url\":\"https:\\\/\\\/vividerm.lv\\\/wp-content\\\/uploads\\\/2024\\\/07\\\/mediostar-monolith-lazerepilacija.webp\",\"contentUrl\":\"https:\\\/\\\/vividerm.lv\\\/wp-content\\\/uploads\\\/2024\\\/07\\\/mediostar-monolith-lazerepilacija.webp\",\"width\":1735,\"height\":1943},{\"@type\":\"BreadcrumbList\",\"@id\":\"https:\\\/\\\/vividerm.lv\\\/ierices\\\/mediostar-monolith\\\/#breadcrumb\",\"itemListElement\":[{\"@type\":\"ListItem\",\"position\":1,\"name\":\"Galven\u0101\",\"item\":\"https:\\\/\\\/vividerm.lv\\\/\"},{\"@type\":\"ListItem\",\"position\":2,\"name\":\"Ier\u012bces\",\"item\":\"https:\\\/\\\/vividerm.lv\\\/ierices\\\/\"},{\"@type\":\"ListItem\",\"position\":3,\"name\":\"MeDioStar Monolith\"}]},{\"@type\":\"WebSite\",\"@id\":\"https:\\\/\\\/vividerm.lv\\\/#website\",\"url\":\"https:\\\/\\\/vividerm.lv\\\/\",\"name\":\"VIVIDERM\",\"description\":\"\",\"publisher\":{\"@id\":\"https:\\\/\\\/vividerm.lv\\\/#organization\"},\"potentialAction\":[{\"@type\":\"SearchAction\",\"target\":{\"@type\":\"EntryPoint\",\"urlTemplate\":\"https:\\\/\\\/vividerm.lv\\\/?s={search_term_string}\"},\"query-input\":{\"@type\":\"PropertyValueSpecification\",\"valueRequired\":true,\"valueName\":\"search_term_string\"}}],\"inLanguage\":\"en-US\"},{\"@type\":\"Organization\",\"@id\":\"https:\\\/\\\/vividerm.lv\\\/#organization\",\"name\":\"VIVIDERM\",\"url\":\"https:\\\/\\\/vividerm.lv\\\/\",\"logo\":{\"@type\":\"ImageObject\",\"inLanguage\":\"en-US\",\"@id\":\"https:\\\/\\\/vividerm.lv\\\/#\\\/schema\\\/logo\\\/image\\\/\",\"url\":\"https:\\\/\\\/vividerm.lv\\\/wp-content\\\/uploads\\\/2025\\\/10\\\/VIVIDERM-Logo-White.png\",\"contentUrl\":\"https:\\\/\\\/vividerm.lv\\\/wp-content\\\/uploads\\\/2025\\\/10\\\/VIVIDERM-Logo-White.png\",\"width\":512,\"height\":512,\"caption\":\"VIVIDERM\"},\"image\":{\"@id\":\"https:\\\/\\\/vividerm.lv\\\/#\\\/schema\\\/logo\\\/image\\\/\"},\"sameAs\":[\"https:\\\/\\\/www.facebook.com\\\/vividerm.lv\",\"https:\\\/\\\/www.instagram.com\\\/vividerm_lv\\\/\"]}]}<\/script>\n<!-- \/ Yoast SEO plugin. -->","yoast_head_json":{"title":"MeDioStar Monolith - VIVIDERM","robots":{"index":"index","follow":"follow","max-snippet":"max-snippet:-1","max-image-preview":"max-image-preview:large","max-video-preview":"max-video-preview:-1"},"canonical":"https:\/\/vividerm.lv\/en\/ierices\/mediostar-monolith\/","og_locale":"en_US","og_type":"article","og_title":"MeDioStar Monolith - VIVIDERM","og_description":"MeDioStar Monolith ir 6. (jaun\u0101k\u0101s) paaudzes l\u0101zerepil\u0101cijas iek\u0101rta, ko ra\u017eo kop\u0161 2019. gada J\u0113n\u0101 (V\u0101cija) Asclepion r\u016bpn\u012bc\u0101. Tehnisko parametru un funkcionalit\u0101tes zi\u0146\u0101 tas ir nozares etalons un tiek pla\u0161i izmantots profesion\u0101lajos medic\u012bnas centros. Galven\u0101s Monolith priek\u0161roc\u012bbas ir: Samazin\u0101ts impulsa laiks l\u012bdz 3 ms un palielin\u0101ta l\u0101zera zibspuldzes jauda, padarot Monolith par visefekt\u012bv\u0101ko l\u0101zeru tirg\u016b \u2013 [&hellip;]","og_url":"https:\/\/vividerm.lv\/en\/ierices\/mediostar-monolith\/","og_site_name":"VIVIDERM","article_publisher":"https:\/\/www.facebook.com\/vividerm.lv","article_modified_time":"2024-10-24T14:00:36+00:00","og_image":[{"width":1735,"height":1943,"url":"https:\/\/vividerm.lv\/wp-content\/uploads\/2024\/07\/mediostar-monolith-lazerepilacija.webp","type":"image\/webp"}],"twitter_card":"summary_large_image","twitter_misc":{"Est. reading time":"1 minute"},"schema":{"@context":"https:\/\/schema.org","@graph":[{"@type":"WebPage","@id":"https:\/\/vividerm.lv\/ierices\/mediostar-monolith\/","url":"https:\/\/vividerm.lv\/ierices\/mediostar-monolith\/","name":"MeDioStar Monolith - VIVIDERM","isPartOf":{"@id":"https:\/\/vividerm.lv\/#website"},"primaryImageOfPage":{"@id":"https:\/\/vividerm.lv\/ierices\/mediostar-monolith\/#primaryimage"},"image":{"@id":"https:\/\/vividerm.lv\/ierices\/mediostar-monolith\/#primaryimage"},"thumbnailUrl":"https:\/\/vividerm.lv\/wp-content\/uploads\/2024\/07\/mediostar-monolith-lazerepilacija.webp","datePublished":"2024-07-12T13:32:52+00:00","dateModified":"2024-10-24T14:00:36+00:00","breadcrumb":{"@id":"https:\/\/vividerm.lv\/ierices\/mediostar-monolith\/#breadcrumb"},"inLanguage":"en-US","potentialAction":[{"@type":"ReadAction","target":["https:\/\/vividerm.lv\/ierices\/mediostar-monolith\/"]}]},{"@type":"ImageObject","inLanguage":"en-US","@id":"https:\/\/vividerm.lv\/ierices\/mediostar-monolith\/#primaryimage","url":"https:\/\/vividerm.lv\/wp-content\/uploads\/2024\/07\/mediostar-monolith-lazerepilacija.webp","contentUrl":"https:\/\/vividerm.lv\/wp-content\/uploads\/2024\/07\/mediostar-monolith-lazerepilacija.webp","width":1735,"height":1943},{"@type":"BreadcrumbList","@id":"https:\/\/vividerm.lv\/ierices\/mediostar-monolith\/#breadcrumb","itemListElement":[{"@type":"ListItem","position":1,"name":"Galven\u0101","item":"https:\/\/vividerm.lv\/"},{"@type":"ListItem","position":2,"name":"Ier\u012bces","item":"https:\/\/vividerm.lv\/ierices\/"},{"@type":"ListItem","position":3,"name":"MeDioStar Monolith"}]},{"@type":"WebSite","@id":"https:\/\/vividerm.lv\/#website","url":"https:\/\/vividerm.lv\/","name":"VIVIDERM","description":"","publisher":{"@id":"https:\/\/vividerm.lv\/#organization"},"potentialAction":[{"@type":"SearchAction","target":{"@type":"EntryPoint","urlTemplate":"https:\/\/vividerm.lv\/?s={search_term_string}"},"query-input":{"@type":"PropertyValueSpecification","valueRequired":true,"valueName":"search_term_string"}}],"inLanguage":"en-US"},{"@type":"Organization","@id":"https:\/\/vividerm.lv\/#organization","name":"VIVIDERM","url":"https:\/\/vividerm.lv\/","logo":{"@type":"ImageObject","inLanguage":"en-US","@id":"https:\/\/vividerm.lv\/#\/schema\/logo\/image\/","url":"https:\/\/vividerm.lv\/wp-content\/uploads\/2025\/10\/VIVIDERM-Logo-White.png","contentUrl":"https:\/\/vividerm.lv\/wp-content\/uploads\/2025\/10\/VIVIDERM-Logo-White.png","width":512,"height":512,"caption":"VIVIDERM"},"image":{"@id":"https:\/\/vividerm.lv\/#\/schema\/logo\/image\/"},"sameAs":["https:\/\/www.facebook.com\/vividerm.lv","https:\/\/www.instagram.com\/vividerm_lv\/"]}]}},"_links":{"self":[{"href":"https:\/\/vividerm.lv\/en\/wp-json\/wp\/v2\/pages\/1506","targetHints":{"allow":["GET"]}}],"collection":[{"href":"https:\/\/vividerm.lv\/en\/wp-json\/wp\/v2\/pages"}],"about":[{"href":"https:\/\/vividerm.lv\/en\/wp-json\/wp\/v2\/types\/page"}],"author":[{"embeddable":true,"href":"https:\/\/vividerm.lv\/en\/wp-json\/wp\/v2\/users\/1"}],"replies":[{"embeddable":true,"href":"https:\/\/vividerm.lv\/en\/wp-json\/wp\/v2\/comments?post=1506"}],"version-history":[{"count":0,"href":"https:\/\/vividerm.lv\/en\/wp-json\/wp\/v2\/pages\/1506\/revisions"}],"up":[{"embeddable":true,"href":"https:\/\/vividerm.lv\/en\/wp-json\/wp\/v2\/pages\/613"}],"wp:featuredmedia":[{"embeddable":true,"href":"https:\/\/vividerm.lv\/en\/wp-json\/wp\/v2\/media\/1507"}],"wp:attachment":[{"href":"https:\/\/vividerm.lv\/en\/wp-json\/wp\/v2\/media?parent=1506"}],"curies":[{"name":"wp","href":"https:\/\/api.w.org\/{rel}","templated":true}]}}