{"id":1528,"date":"2024-07-12T16:43:07","date_gmt":"2024-07-12T13:43:07","guid":{"rendered":"https:\/\/vividerm.lv\/?page_id=1528"},"modified":"2024-07-12T16:44:24","modified_gmt":"2024-07-12T13:44:24","slug":"inmode-lumecca-diolazexl","status":"publish","type":"page","link":"https:\/\/vividerm.lv\/en\/ierices\/inmode-lumecca-diolazexl\/","title":{"rendered":"InMode Lumecca \/ DiolazeXL \/ Morpheus 8 \/ Forma"},"content":{"rendered":"<div data-elementor-type=\"wp-page\" data-elementor-id=\"1528\" class=\"elementor elementor-1528\" data-elementor-post-type=\"page\">\n\t\t\t\t<div class=\"elementor-element elementor-element-44c13730 xts-section-stretch e-con-full e-flex e-con e-parent\" data-id=\"44c13730\" data-element_type=\"container\" data-settings=\"{&quot;background_background&quot;:&quot;classic&quot;}\">\n\t\t<div class=\"elementor-element elementor-element-e573ab7 e-con-full e-flex xts-section-disabled e-con e-child\" data-id=\"e573ab7\" data-element_type=\"container\">\n\t\t\t\t<div class=\"elementor-element elementor-element-12ed9e4d elementor-widget elementor-widget-image\" data-id=\"12ed9e4d\" data-element_type=\"widget\" data-widget_type=\"image.default\">\n\t\t\t\t<div class=\"elementor-widget-container\">\n\t\t\t\t\t\t\t\t\t\t\t\t\t\t\t<img fetchpriority=\"high\" decoding=\"async\" width=\"1735\" height=\"1943\" src=\"https:\/\/vividerm.lv\/wp-content\/uploads\/2024\/07\/inmode.webp\" class=\"attachment-full size-full wp-image-1529\" alt=\"\" srcset=\"https:\/\/vividerm.lv\/wp-content\/uploads\/2024\/07\/inmode.webp 1735w, https:\/\/vividerm.lv\/wp-content\/uploads\/2024\/07\/inmode-268x300.webp 268w, https:\/\/vividerm.lv\/wp-content\/uploads\/2024\/07\/inmode-914x1024.webp 914w, https:\/\/vividerm.lv\/wp-content\/uploads\/2024\/07\/inmode-768x860.webp 768w, https:\/\/vividerm.lv\/wp-content\/uploads\/2024\/07\/inmode-1372x1536.webp 1372w\" sizes=\"(max-width: 1735px) 100vw, 1735px\" \/>\t\t\t\t\t\t\t\t\t\t\t\t\t\t\t<\/div>\n\t\t\t\t<\/div>\n\t\t\t\t<\/div>\n\t\t<div class=\"elementor-element elementor-element-5bbea7d9 e-con-full e-flex xts-section-disabled e-con e-child\" data-id=\"5bbea7d9\" data-element_type=\"container\">\n\t\t\t\t<div class=\"elementor-element elementor-element-4ca5ea5e xts-scheme-inherit xts-textalign-inherit elementor-widget elementor-widget-text-editor\" data-id=\"4ca5ea5e\" data-element_type=\"widget\" data-widget_type=\"text-editor.default\">\n\t\t\t\t<div class=\"elementor-widget-container\">\n\t\t\t\t\t\t\t\t\t<p class=\"translation-block\">A unique invention developed by the Israeli company <strong>INMODE Aesthetic Solutions<\/strong>.<\/p><p class=\"translation-block\"><strong>InMode<\/strong> represents a breakthrough in aesthetic medicine with its multifunctional platform, offering minimally invasive and non-invasive methods for popular aesthetic procedures.<\/p><p class=\"translation-block\"><strong>Lumecca<\/strong> is an innovative system designed to address pigmentation, vascular damage, rosacea, and post-acne marks on the skin. This therapeutic effect is achieved through high-intensity light pulses (IPL). Unlike other devices, Lumecca features a maximum power of 3.3 kW\/cm\u00b2, which immediately enhances results and provides impressive outcomes after just one treatment. Photorejuvenation procedures are performed with the <strong>InMode<\/strong> device applicator.<\/p><p class=\"translation-block\"><strong>Lumecca<\/strong> \u2013 in a single session, it is possible to address both pigmentation and vascular defects. This applicator stimulates and promotes the production of new collagen fibers, making the skin thicker, reducing pore size, and giving the skin a smooth and healthy appearance after the procedure.<\/p><p class=\"translation-block\"><strong>DiolazeXL<\/strong> is the \"gold standard\" in laser hair removal! It is the first hybrid laser applicator approved by the <strong>FDA<\/strong>.<\/p><p class=\"translation-block\">The conceptual advantage of this technique lies in its intense impact on hair follicles using two laser wavelengths, rather than one as in similar devices. Possible combinations include: <strong>755\/810 nm<\/strong> (alexandrite\/diode) or <strong>810\/1064 nm<\/strong> (diode\/nd:YAG).<\/p><p>Thanks to these two laser wavelengths, maximum effectiveness is achieved in treating various hair colors and any hair structure.<\/p><p class=\"translation-block\"><strong>MORPHEUS8<\/strong> is a breakthrough technology in non-surgical cosmetology \u2013 the latest needle-based <strong>RF lifting<\/strong> system for wrinkle reduction and skin rejuvenation, a significant achievement from <strong>INMODE Aesthetic Solution<\/strong> in the global market.<\/p><p class=\"translation-block\">The technical features and impact principle of <strong>MORPHEUS8<\/strong> include <strong>24 sharp needles<\/strong> with a polymer coating. Each needle is surrounded by a return electrode, ensuring even heating in the treatment area. This technology provides deep and safe fractional impact with penetration of up to <strong>4000 microns<\/strong> and additional heating zones up to <strong>1000 microns<\/strong>. It offers a uniform effect with a minimal recovery period. It is safe for <strong>skin type VI<\/strong> and provides the deepest impact compared to any other fractional technology approved by the <strong>FDA<\/strong>.<\/p><p class=\"translation-block\">RF \u2013 FORM renewal or CELEB GLOW<\/p><p class=\"translation-block\">Visible RF Effect \u2013 Rejuvenation with the Forma InMode device yields very quick results, to the point where this procedure can even be referred to as \"celebrity lifting.\" In just one session, the innovative technology allows for skin rejuvenation of up to 5 years.<\/p><p class=\"translation-block\">The primary mechanism of the <strong>Forma InMode<\/strong> applicator is heating the skin with fractional radiofrequency current up to <strong>38-43 degrees Celsius<\/strong>, which is completely comfortable for the patient and well-controlled by the cosmetologist.<\/p><p>Such thermal lifting causes the skin to smooth out and form collagen fibers. Additionally, it enhances the production of elastin in the skin, tightens the dermal matrix, and reduces wrinkles.<\/p>\t\t\t\t\t\t\t\t<\/div>\n\t\t\t\t<\/div>\n\t\t<div class=\"elementor-element elementor-element-707283e e-con-full e-flex xts-section-disabled e-con e-child\" data-id=\"707283e\" data-element_type=\"container\">\n\t\t\t\t<div class=\"elementor-element elementor-element-26b8a72e elementor-mobile-align-justify elementor-widget elementor-widget-button\" data-id=\"26b8a72e\" data-element_type=\"widget\" data-widget_type=\"button.default\">\n\t\t\t\t<div class=\"elementor-widget-container\">\n\t\t\t\t\t\t\t\t\t<div class=\"elementor-button-wrapper\">\n\t\t\t\t\t<a class=\"elementor-button elementor-button-link elementor-size-sm\" href=\"#elementor-action%3Aaction%3Dpopup%3Aopen%26settings%3DeyJpZCI6IjQ2IiwidG9nZ2xlIjpmYWxzZX0%3D\">\n\t\t\t\t\t\t<span class=\"elementor-button-content-wrapper\">\n\t\t\t\t\t\t\t\t\t<span class=\"elementor-button-text\">Apply for the procedure<\/span>\n\t\t\t\t\t<\/span>\n\t\t\t\t\t<\/a>\n\t\t\t\t<\/div>\n\t\t\t\t\t\t\t\t<\/div>\n\t\t\t\t<\/div>\n\t\t\t\t<div class=\"elementor-element elementor-element-2301995f elementor-mobile-align-justify elementor-widget elementor-widget-button\" data-id=\"2301995f\" data-element_type=\"widget\" data-widget_type=\"button.default\">\n\t\t\t\t<div class=\"elementor-widget-container\">\n\t\t\t\t\t\t\t\t\t<div class=\"elementor-button-wrapper\">\n\t\t\t\t\t<a class=\"elementor-button elementor-button-link elementor-size-sm\" href=\"https:\/\/vividerm.lv\/en\/services\/lazerepilacija\/\">\n\t\t\t\t\t\t<span class=\"elementor-button-content-wrapper\">\n\t\t\t\t\t\t\t\t\t<span class=\"elementor-button-text\">Learn more<\/span>\n\t\t\t\t\t<\/span>\n\t\t\t\t\t<\/a>\n\t\t\t\t<\/div>\n\t\t\t\t\t\t\t\t<\/div>\n\t\t\t\t<\/div>\n\t\t\t\t<\/div>\n\t\t\t\t<\/div>\n\t\t\t\t<\/div>\n\t\t\t\t<\/div>","protected":false},"excerpt":{"rendered":"<p>Unik\u0101ls izgudrojums, ko paveikusi Izra\u0113las komp\u0101nija\u00a0INMODE Aesthetic Solution. InMode\u00a0ir daudzfunkcion\u0101l\u0101s platformas izvirziens est\u0113tisk\u0101s medic\u012bnas jom\u0101, pied\u0101v\u0101jot tai minim\u0101li invaz\u012bvas un neinvaz\u012bvas metodes popul\u0101r\u0101kaj\u0101m est\u0113tiskaj\u0101m proced\u016br\u0101m. Lumecca\u00a0\u2013 inovat\u012bva sist\u0113ma, kuras m\u0113r\u0137is ir atbr\u012bvoties no pigment\u0101cijas, asinsvadu boj\u0101jumiem, rosacejas, p\u0113c aknes plankumiem uz \u0101das. \u0160\u012b terapeitisk\u0101 iedarb\u012bba tiek pan\u0101kta augstas intensit\u0101tes gaismas impulsu (IPL) iedarb\u012bbas d\u0113\u013c. At\u0161\u0137ir\u012bb\u0101 [&hellip;]<\/p>\n","protected":false},"author":1,"featured_media":1529,"parent":613,"menu_order":0,"comment_status":"closed","ping_status":"closed","template":"","meta":{"_acf_changed":false,"footnotes":""},"class_list":["post-1528","page","type-page","status-publish","has-post-thumbnail","hentry"],"acf":[],"yoast_head":"<!-- This site is optimized with the Yoast SEO plugin v27.3 - https:\/\/yoast.com\/product\/yoast-seo-wordpress\/ -->\n<title>InMode Lumecca \/ DiolazeXL \/ Morpheus 8 \/ Forma - VIVIDERM<\/title>\n<meta name=\"robots\" content=\"index, follow, max-snippet:-1, max-image-preview:large, max-video-preview:-1\" \/>\n<link rel=\"canonical\" href=\"https:\/\/vividerm.lv\/en\/ierices\/inmode-lumecca-diolazexl\/\" \/>\n<meta property=\"og:locale\" content=\"en_US\" \/>\n<meta property=\"og:type\" content=\"article\" \/>\n<meta property=\"og:title\" content=\"InMode Lumecca \/ DiolazeXL \/ Morpheus 8 \/ Forma - VIVIDERM\" \/>\n<meta property=\"og:description\" content=\"Unik\u0101ls izgudrojums, ko paveikusi Izra\u0113las komp\u0101nija\u00a0INMODE Aesthetic Solution. InMode\u00a0ir daudzfunkcion\u0101l\u0101s platformas izvirziens est\u0113tisk\u0101s medic\u012bnas jom\u0101, pied\u0101v\u0101jot tai minim\u0101li invaz\u012bvas un neinvaz\u012bvas metodes popul\u0101r\u0101kaj\u0101m est\u0113tiskaj\u0101m proced\u016br\u0101m. Lumecca\u00a0\u2013 inovat\u012bva sist\u0113ma, kuras m\u0113r\u0137is ir atbr\u012bvoties no pigment\u0101cijas, asinsvadu boj\u0101jumiem, rosacejas, p\u0113c aknes plankumiem uz \u0101das. \u0160\u012b terapeitisk\u0101 iedarb\u012bba tiek pan\u0101kta augstas intensit\u0101tes gaismas impulsu (IPL) iedarb\u012bbas d\u0113\u013c. At\u0161\u0137ir\u012bb\u0101 [&hellip;]\" \/>\n<meta property=\"og:url\" content=\"https:\/\/vividerm.lv\/en\/ierices\/inmode-lumecca-diolazexl\/\" \/>\n<meta property=\"og:site_name\" content=\"VIVIDERM\" \/>\n<meta property=\"article:publisher\" content=\"https:\/\/www.facebook.com\/vividerm.lv\" \/>\n<meta property=\"article:modified_time\" content=\"2024-07-12T13:44:24+00:00\" \/>\n<meta property=\"og:image\" content=\"https:\/\/vividerm.lv\/wp-content\/uploads\/2024\/07\/inmode.webp\" \/>\n\t<meta property=\"og:image:width\" content=\"1735\" \/>\n\t<meta property=\"og:image:height\" content=\"1943\" \/>\n\t<meta property=\"og:image:type\" content=\"image\/webp\" \/>\n<meta name=\"twitter:card\" content=\"summary_large_image\" \/>\n<meta name=\"twitter:label1\" content=\"Est. reading time\" \/>\n\t<meta name=\"twitter:data1\" content=\"3 minutes\" \/>\n<script type=\"application\/ld+json\" class=\"yoast-schema-graph\">{\"@context\":\"https:\\\/\\\/schema.org\",\"@graph\":[{\"@type\":\"WebPage\",\"@id\":\"https:\\\/\\\/vividerm.lv\\\/ierices\\\/inmode-lumecca-diolazexl\\\/\",\"url\":\"https:\\\/\\\/vividerm.lv\\\/ierices\\\/inmode-lumecca-diolazexl\\\/\",\"name\":\"InMode Lumecca \\\/ DiolazeXL \\\/ Morpheus 8 \\\/ Forma - VIVIDERM\",\"isPartOf\":{\"@id\":\"https:\\\/\\\/vividerm.lv\\\/#website\"},\"primaryImageOfPage\":{\"@id\":\"https:\\\/\\\/vividerm.lv\\\/ierices\\\/inmode-lumecca-diolazexl\\\/#primaryimage\"},\"image\":{\"@id\":\"https:\\\/\\\/vividerm.lv\\\/ierices\\\/inmode-lumecca-diolazexl\\\/#primaryimage\"},\"thumbnailUrl\":\"https:\\\/\\\/vividerm.lv\\\/wp-content\\\/uploads\\\/2024\\\/07\\\/inmode.webp\",\"datePublished\":\"2024-07-12T13:43:07+00:00\",\"dateModified\":\"2024-07-12T13:44:24+00:00\",\"breadcrumb\":{\"@id\":\"https:\\\/\\\/vividerm.lv\\\/ierices\\\/inmode-lumecca-diolazexl\\\/#breadcrumb\"},\"inLanguage\":\"en-US\",\"potentialAction\":[{\"@type\":\"ReadAction\",\"target\":[\"https:\\\/\\\/vividerm.lv\\\/ierices\\\/inmode-lumecca-diolazexl\\\/\"]}]},{\"@type\":\"ImageObject\",\"inLanguage\":\"en-US\",\"@id\":\"https:\\\/\\\/vividerm.lv\\\/ierices\\\/inmode-lumecca-diolazexl\\\/#primaryimage\",\"url\":\"https:\\\/\\\/vividerm.lv\\\/wp-content\\\/uploads\\\/2024\\\/07\\\/inmode.webp\",\"contentUrl\":\"https:\\\/\\\/vividerm.lv\\\/wp-content\\\/uploads\\\/2024\\\/07\\\/inmode.webp\",\"width\":1735,\"height\":1943},{\"@type\":\"BreadcrumbList\",\"@id\":\"https:\\\/\\\/vividerm.lv\\\/ierices\\\/inmode-lumecca-diolazexl\\\/#breadcrumb\",\"itemListElement\":[{\"@type\":\"ListItem\",\"position\":1,\"name\":\"Galven\u0101\",\"item\":\"https:\\\/\\\/vividerm.lv\\\/\"},{\"@type\":\"ListItem\",\"position\":2,\"name\":\"Ier\u012bces\",\"item\":\"https:\\\/\\\/vividerm.lv\\\/ierices\\\/\"},{\"@type\":\"ListItem\",\"position\":3,\"name\":\"InMode Lumecca \\\/ DiolazeXL \\\/ Morpheus 8 \\\/ Forma\"}]},{\"@type\":\"WebSite\",\"@id\":\"https:\\\/\\\/vividerm.lv\\\/#website\",\"url\":\"https:\\\/\\\/vividerm.lv\\\/\",\"name\":\"VIVIDERM\",\"description\":\"\",\"publisher\":{\"@id\":\"https:\\\/\\\/vividerm.lv\\\/#organization\"},\"potentialAction\":[{\"@type\":\"SearchAction\",\"target\":{\"@type\":\"EntryPoint\",\"urlTemplate\":\"https:\\\/\\\/vividerm.lv\\\/?s={search_term_string}\"},\"query-input\":{\"@type\":\"PropertyValueSpecification\",\"valueRequired\":true,\"valueName\":\"search_term_string\"}}],\"inLanguage\":\"en-US\"},{\"@type\":\"Organization\",\"@id\":\"https:\\\/\\\/vividerm.lv\\\/#organization\",\"name\":\"VIVIDERM\",\"url\":\"https:\\\/\\\/vividerm.lv\\\/\",\"logo\":{\"@type\":\"ImageObject\",\"inLanguage\":\"en-US\",\"@id\":\"https:\\\/\\\/vividerm.lv\\\/#\\\/schema\\\/logo\\\/image\\\/\",\"url\":\"https:\\\/\\\/vividerm.lv\\\/wp-content\\\/uploads\\\/2025\\\/10\\\/VIVIDERM-Logo-White.png\",\"contentUrl\":\"https:\\\/\\\/vividerm.lv\\\/wp-content\\\/uploads\\\/2025\\\/10\\\/VIVIDERM-Logo-White.png\",\"width\":512,\"height\":512,\"caption\":\"VIVIDERM\"},\"image\":{\"@id\":\"https:\\\/\\\/vividerm.lv\\\/#\\\/schema\\\/logo\\\/image\\\/\"},\"sameAs\":[\"https:\\\/\\\/www.facebook.com\\\/vividerm.lv\",\"https:\\\/\\\/www.instagram.com\\\/vividerm_lv\\\/\"]}]}<\/script>\n<!-- \/ Yoast SEO plugin. -->","yoast_head_json":{"title":"InMode Lumecca \/ DiolazeXL \/ Morpheus 8 \/ Forma - VIVIDERM","robots":{"index":"index","follow":"follow","max-snippet":"max-snippet:-1","max-image-preview":"max-image-preview:large","max-video-preview":"max-video-preview:-1"},"canonical":"https:\/\/vividerm.lv\/en\/ierices\/inmode-lumecca-diolazexl\/","og_locale":"en_US","og_type":"article","og_title":"InMode Lumecca \/ DiolazeXL \/ Morpheus 8 \/ Forma - VIVIDERM","og_description":"Unik\u0101ls izgudrojums, ko paveikusi Izra\u0113las komp\u0101nija\u00a0INMODE Aesthetic Solution. InMode\u00a0ir daudzfunkcion\u0101l\u0101s platformas izvirziens est\u0113tisk\u0101s medic\u012bnas jom\u0101, pied\u0101v\u0101jot tai minim\u0101li invaz\u012bvas un neinvaz\u012bvas metodes popul\u0101r\u0101kaj\u0101m est\u0113tiskaj\u0101m proced\u016br\u0101m. Lumecca\u00a0\u2013 inovat\u012bva sist\u0113ma, kuras m\u0113r\u0137is ir atbr\u012bvoties no pigment\u0101cijas, asinsvadu boj\u0101jumiem, rosacejas, p\u0113c aknes plankumiem uz \u0101das. \u0160\u012b terapeitisk\u0101 iedarb\u012bba tiek pan\u0101kta augstas intensit\u0101tes gaismas impulsu (IPL) iedarb\u012bbas d\u0113\u013c. At\u0161\u0137ir\u012bb\u0101 [&hellip;]","og_url":"https:\/\/vividerm.lv\/en\/ierices\/inmode-lumecca-diolazexl\/","og_site_name":"VIVIDERM","article_publisher":"https:\/\/www.facebook.com\/vividerm.lv","article_modified_time":"2024-07-12T13:44:24+00:00","og_image":[{"width":1735,"height":1943,"url":"https:\/\/vividerm.lv\/wp-content\/uploads\/2024\/07\/inmode.webp","type":"image\/webp"}],"twitter_card":"summary_large_image","twitter_misc":{"Est. reading time":"3 minutes"},"schema":{"@context":"https:\/\/schema.org","@graph":[{"@type":"WebPage","@id":"https:\/\/vividerm.lv\/ierices\/inmode-lumecca-diolazexl\/","url":"https:\/\/vividerm.lv\/ierices\/inmode-lumecca-diolazexl\/","name":"InMode Lumecca \/ DiolazeXL \/ Morpheus 8 \/ Forma - VIVIDERM","isPartOf":{"@id":"https:\/\/vividerm.lv\/#website"},"primaryImageOfPage":{"@id":"https:\/\/vividerm.lv\/ierices\/inmode-lumecca-diolazexl\/#primaryimage"},"image":{"@id":"https:\/\/vividerm.lv\/ierices\/inmode-lumecca-diolazexl\/#primaryimage"},"thumbnailUrl":"https:\/\/vividerm.lv\/wp-content\/uploads\/2024\/07\/inmode.webp","datePublished":"2024-07-12T13:43:07+00:00","dateModified":"2024-07-12T13:44:24+00:00","breadcrumb":{"@id":"https:\/\/vividerm.lv\/ierices\/inmode-lumecca-diolazexl\/#breadcrumb"},"inLanguage":"en-US","potentialAction":[{"@type":"ReadAction","target":["https:\/\/vividerm.lv\/ierices\/inmode-lumecca-diolazexl\/"]}]},{"@type":"ImageObject","inLanguage":"en-US","@id":"https:\/\/vividerm.lv\/ierices\/inmode-lumecca-diolazexl\/#primaryimage","url":"https:\/\/vividerm.lv\/wp-content\/uploads\/2024\/07\/inmode.webp","contentUrl":"https:\/\/vividerm.lv\/wp-content\/uploads\/2024\/07\/inmode.webp","width":1735,"height":1943},{"@type":"BreadcrumbList","@id":"https:\/\/vividerm.lv\/ierices\/inmode-lumecca-diolazexl\/#breadcrumb","itemListElement":[{"@type":"ListItem","position":1,"name":"Galven\u0101","item":"https:\/\/vividerm.lv\/"},{"@type":"ListItem","position":2,"name":"Ier\u012bces","item":"https:\/\/vividerm.lv\/ierices\/"},{"@type":"ListItem","position":3,"name":"InMode Lumecca \/ DiolazeXL \/ Morpheus 8 \/ Forma"}]},{"@type":"WebSite","@id":"https:\/\/vividerm.lv\/#website","url":"https:\/\/vividerm.lv\/","name":"VIVIDERM","description":"","publisher":{"@id":"https:\/\/vividerm.lv\/#organization"},"potentialAction":[{"@type":"SearchAction","target":{"@type":"EntryPoint","urlTemplate":"https:\/\/vividerm.lv\/?s={search_term_string}"},"query-input":{"@type":"PropertyValueSpecification","valueRequired":true,"valueName":"search_term_string"}}],"inLanguage":"en-US"},{"@type":"Organization","@id":"https:\/\/vividerm.lv\/#organization","name":"VIVIDERM","url":"https:\/\/vividerm.lv\/","logo":{"@type":"ImageObject","inLanguage":"en-US","@id":"https:\/\/vividerm.lv\/#\/schema\/logo\/image\/","url":"https:\/\/vividerm.lv\/wp-content\/uploads\/2025\/10\/VIVIDERM-Logo-White.png","contentUrl":"https:\/\/vividerm.lv\/wp-content\/uploads\/2025\/10\/VIVIDERM-Logo-White.png","width":512,"height":512,"caption":"VIVIDERM"},"image":{"@id":"https:\/\/vividerm.lv\/#\/schema\/logo\/image\/"},"sameAs":["https:\/\/www.facebook.com\/vividerm.lv","https:\/\/www.instagram.com\/vividerm_lv\/"]}]}},"_links":{"self":[{"href":"https:\/\/vividerm.lv\/en\/wp-json\/wp\/v2\/pages\/1528","targetHints":{"allow":["GET"]}}],"collection":[{"href":"https:\/\/vividerm.lv\/en\/wp-json\/wp\/v2\/pages"}],"about":[{"href":"https:\/\/vividerm.lv\/en\/wp-json\/wp\/v2\/types\/page"}],"author":[{"embeddable":true,"href":"https:\/\/vividerm.lv\/en\/wp-json\/wp\/v2\/users\/1"}],"replies":[{"embeddable":true,"href":"https:\/\/vividerm.lv\/en\/wp-json\/wp\/v2\/comments?post=1528"}],"version-history":[{"count":0,"href":"https:\/\/vividerm.lv\/en\/wp-json\/wp\/v2\/pages\/1528\/revisions"}],"up":[{"embeddable":true,"href":"https:\/\/vividerm.lv\/en\/wp-json\/wp\/v2\/pages\/613"}],"wp:featuredmedia":[{"embeddable":true,"href":"https:\/\/vividerm.lv\/en\/wp-json\/wp\/v2\/media\/1529"}],"wp:attachment":[{"href":"https:\/\/vividerm.lv\/en\/wp-json\/wp\/v2\/media?parent=1528"}],"curies":[{"name":"wp","href":"https:\/\/api.w.org\/{rel}","templated":true}]}}