{"id":1534,"date":"2024-07-12T16:45:21","date_gmt":"2024-07-12T13:45:21","guid":{"rendered":"https:\/\/vividerm.lv\/?page_id=1534"},"modified":"2024-07-12T16:51:31","modified_gmt":"2024-07-12T13:51:31","slug":"deka-motus-ax","status":"publish","type":"page","link":"https:\/\/vividerm.lv\/en\/ierices\/deka-motus-ax\/","title":{"rendered":"DEKA Motus AX"},"content":{"rendered":"<div data-elementor-type=\"wp-page\" data-elementor-id=\"1534\" class=\"elementor elementor-1534\" data-elementor-post-type=\"page\">\n\t\t\t\t<div class=\"elementor-element elementor-element-a6553cc xts-section-stretch e-con-full e-flex e-con e-parent\" data-id=\"a6553cc\" data-element_type=\"container\" data-settings=\"{&quot;background_background&quot;:&quot;classic&quot;}\">\n\t\t<div class=\"elementor-element elementor-element-78fe0369 e-con-full e-flex xts-section-disabled e-con e-child\" data-id=\"78fe0369\" data-element_type=\"container\">\n\t\t\t\t<div class=\"elementor-element elementor-element-7ec6f234 elementor-widget elementor-widget-image\" data-id=\"7ec6f234\" data-element_type=\"widget\" data-widget_type=\"image.default\">\n\t\t\t\t<div class=\"elementor-widget-container\">\n\t\t\t\t\t\t\t\t\t\t\t\t\t\t\t<img fetchpriority=\"high\" decoding=\"async\" width=\"1735\" height=\"1943\" src=\"https:\/\/vividerm.lv\/wp-content\/uploads\/2024\/07\/deka-laser-1.webp\" class=\"attachment-full size-full wp-image-1535\" alt=\"\" srcset=\"https:\/\/vividerm.lv\/wp-content\/uploads\/2024\/07\/deka-laser-1.webp 1735w, https:\/\/vividerm.lv\/wp-content\/uploads\/2024\/07\/deka-laser-1-268x300.webp 268w, https:\/\/vividerm.lv\/wp-content\/uploads\/2024\/07\/deka-laser-1-914x1024.webp 914w, https:\/\/vividerm.lv\/wp-content\/uploads\/2024\/07\/deka-laser-1-768x860.webp 768w, https:\/\/vividerm.lv\/wp-content\/uploads\/2024\/07\/deka-laser-1-1372x1536.webp 1372w\" sizes=\"(max-width: 1735px) 100vw, 1735px\" \/>\t\t\t\t\t\t\t\t\t\t\t\t\t\t\t<\/div>\n\t\t\t\t<\/div>\n\t\t\t\t<\/div>\n\t\t<div class=\"elementor-element elementor-element-572ad5a7 e-con-full e-flex xts-section-disabled e-con e-child\" data-id=\"572ad5a7\" data-element_type=\"container\">\n\t\t\t\t<div class=\"elementor-element elementor-element-c42a0f2 xts-scheme-inherit xts-textalign-inherit elementor-widget elementor-widget-text-editor\" data-id=\"c42a0f2\" data-element_type=\"widget\" data-widget_type=\"text-editor.default\">\n\t\t\t\t<div class=\"elementor-widget-container\">\n\t\t\t\t\t\t\t\t\t<p class=\"translation-block\">The developers from Italy's DEKA have made a breakthrough in laser hair removal and achieved perfection. The world's first Motus AX high-speed dynamic Alexandrite laser with a wavelength of 755 nm is powered by innovative technology that removes potential limitations. Number 1 in the European market, awarded \u201cBest Laser, Lights &amp; Energy-based Device\u201d at the AMWC Awards 2023!<\/p><p class=\"translation-block\">The new development leaves all contraindications for sun enthusiasts in the past. Laser hair removal with the Moveo applicator is also indicated if the patient has naturally dark skin. Moveo technology accomplishes the impossible \u2013 now clients can undergo laser hair removal immediately upon returning from warm destinations.<\/p><p class=\"translation-block\">Excellent laser hair removal results with Moveo technology are achieved with any skin phototype and any hair color. The Alexandrite laser has long earned the title of the most effective hair removal device. The range of procedure options and results astonishes cosmetologists and clients around the world.<\/p><p class=\"translation-block\">DEKA's innovation is a unique handle with a cooling sapphire cylindrical tip that delivers the laser beam to the client's skin.<\/p><p>The laser pulse is applied in circular or linear motions. During the procedure, the doctor moves the cooled handpiece over the client's skin, covering an area almost the size of a palm. The heating occurs evenly and is localized to the follicle itself, without damaging or overheating the skin.<\/p><p><strong>DEKA enhances the effectiveness of laser hair removal!<\/strong><\/p>\t\t\t\t\t\t\t\t<\/div>\n\t\t\t\t<\/div>\n\t\t<div class=\"elementor-element elementor-element-71292002 e-con-full e-flex xts-section-disabled e-con e-child\" data-id=\"71292002\" data-element_type=\"container\">\n\t\t\t\t<div class=\"elementor-element elementor-element-32c94235 elementor-mobile-align-justify elementor-widget elementor-widget-button\" data-id=\"32c94235\" data-element_type=\"widget\" data-widget_type=\"button.default\">\n\t\t\t\t<div class=\"elementor-widget-container\">\n\t\t\t\t\t\t\t\t\t<div class=\"elementor-button-wrapper\">\n\t\t\t\t\t<a class=\"elementor-button elementor-button-link elementor-size-sm\" href=\"#elementor-action%3Aaction%3Dpopup%3Aopen%26settings%3DeyJpZCI6IjQ2IiwidG9nZ2xlIjpmYWxzZX0%3D\">\n\t\t\t\t\t\t<span class=\"elementor-button-content-wrapper\">\n\t\t\t\t\t\t\t\t\t<span class=\"elementor-button-text\">Apply for the procedure<\/span>\n\t\t\t\t\t<\/span>\n\t\t\t\t\t<\/a>\n\t\t\t\t<\/div>\n\t\t\t\t\t\t\t\t<\/div>\n\t\t\t\t<\/div>\n\t\t\t\t<div class=\"elementor-element elementor-element-d9ced15 elementor-mobile-align-justify elementor-widget elementor-widget-button\" data-id=\"d9ced15\" data-element_type=\"widget\" data-widget_type=\"button.default\">\n\t\t\t\t<div class=\"elementor-widget-container\">\n\t\t\t\t\t\t\t\t\t<div class=\"elementor-button-wrapper\">\n\t\t\t\t\t<a class=\"elementor-button elementor-button-link elementor-size-sm\" href=\"https:\/\/vividerm.lv\/en\/services\/aleksandrita-lazerepilacija\/\">\n\t\t\t\t\t\t<span class=\"elementor-button-content-wrapper\">\n\t\t\t\t\t\t\t\t\t<span class=\"elementor-button-text\">Learn more<\/span>\n\t\t\t\t\t<\/span>\n\t\t\t\t\t<\/a>\n\t\t\t\t<\/div>\n\t\t\t\t\t\t\t\t<\/div>\n\t\t\t\t<\/div>\n\t\t\t\t<\/div>\n\t\t\t\t<\/div>\n\t\t\t\t<\/div>\n\t\t\t\t<\/div>","protected":false},"excerpt":{"rendered":"<p>It\u0101lijas DEKA\u00a0izstr\u0101d\u0101t\u0101ji ir pan\u0101ku\u0161i izr\u0101vienu l\u0101zerepil\u0101cijas jom\u0101 un sasniegu\u0161i piln\u012bbu. Pasaul\u0113 pirmais\u00a0Motus AX\u00a0\u0101trgaitas dinamiskais\u00a0Aleksandr\u012bta l\u0101zers\u00a0ar vi\u013c\u0146a garumu\u00a0755 nm\u00a0\u2013 to darbina novatoriska tehnolo\u0123ija, kas izdz\u0113\u0161 iesp\u0113jam\u0101s robe\u017eas.\u00a0Nr. 1\u00a0Eiropas tirg\u016b, \u201cBest Laser, Lights &amp; Energy-based Device\u201d apstiprin\u0101ts\u00a0AMWCawards2023! Jaun\u0101 izstr\u0101de atst\u0101j pag\u0101tn\u0113 visas kontrindik\u0101cijas iedeguma cien\u012bt\u0101jiem. L\u0101zerepil\u0101cija ar\u00a0Moveo\u00a0manipulu ir nor\u0101d\u012bta ar\u012b tad, ja pacientam kop\u0161 dzim\u0161anas ir vienk\u0101r\u0161i [&hellip;]<\/p>\n","protected":false},"author":1,"featured_media":1535,"parent":613,"menu_order":0,"comment_status":"closed","ping_status":"closed","template":"","meta":{"_acf_changed":false,"footnotes":""},"class_list":["post-1534","page","type-page","status-publish","has-post-thumbnail","hentry"],"acf":[],"yoast_head":"<!-- This site is optimized with the Yoast SEO plugin v27.4 - https:\/\/yoast.com\/product\/yoast-seo-wordpress\/ -->\n<title>DEKA Motus AX - VIVIDERM<\/title>\n<meta name=\"robots\" content=\"index, follow, max-snippet:-1, max-image-preview:large, max-video-preview:-1\" \/>\n<link rel=\"canonical\" href=\"https:\/\/vividerm.lv\/en\/ierices\/deka-motus-ax\/\" \/>\n<meta property=\"og:locale\" content=\"en_US\" \/>\n<meta property=\"og:type\" content=\"article\" \/>\n<meta property=\"og:title\" content=\"DEKA Motus AX - VIVIDERM\" \/>\n<meta property=\"og:description\" content=\"It\u0101lijas DEKA\u00a0izstr\u0101d\u0101t\u0101ji ir pan\u0101ku\u0161i izr\u0101vienu l\u0101zerepil\u0101cijas jom\u0101 un sasniegu\u0161i piln\u012bbu. Pasaul\u0113 pirmais\u00a0Motus AX\u00a0\u0101trgaitas dinamiskais\u00a0Aleksandr\u012bta l\u0101zers\u00a0ar vi\u013c\u0146a garumu\u00a0755 nm\u00a0\u2013 to darbina novatoriska tehnolo\u0123ija, kas izdz\u0113\u0161 iesp\u0113jam\u0101s robe\u017eas.\u00a0Nr. 1\u00a0Eiropas tirg\u016b, \u201cBest Laser, Lights &amp; Energy-based Device\u201d apstiprin\u0101ts\u00a0AMWCawards2023! Jaun\u0101 izstr\u0101de atst\u0101j pag\u0101tn\u0113 visas kontrindik\u0101cijas iedeguma cien\u012bt\u0101jiem. L\u0101zerepil\u0101cija ar\u00a0Moveo\u00a0manipulu ir nor\u0101d\u012bta ar\u012b tad, ja pacientam kop\u0161 dzim\u0161anas ir vienk\u0101r\u0161i [&hellip;]\" \/>\n<meta property=\"og:url\" content=\"https:\/\/vividerm.lv\/en\/ierices\/deka-motus-ax\/\" \/>\n<meta property=\"og:site_name\" content=\"VIVIDERM\" \/>\n<meta property=\"article:publisher\" content=\"https:\/\/www.facebook.com\/vividerm.lv\" \/>\n<meta property=\"article:modified_time\" content=\"2024-07-12T13:51:31+00:00\" \/>\n<meta property=\"og:image\" content=\"https:\/\/vividerm.lv\/wp-content\/uploads\/2024\/07\/deka-laser-1.webp\" \/>\n\t<meta property=\"og:image:width\" content=\"1735\" \/>\n\t<meta property=\"og:image:height\" content=\"1943\" \/>\n\t<meta property=\"og:image:type\" content=\"image\/webp\" \/>\n<meta name=\"twitter:card\" content=\"summary_large_image\" \/>\n<meta name=\"twitter:label1\" content=\"Est. reading time\" \/>\n\t<meta name=\"twitter:data1\" content=\"2 minutes\" \/>\n<script type=\"application\/ld+json\" class=\"yoast-schema-graph\">{\"@context\":\"https:\\\/\\\/schema.org\",\"@graph\":[{\"@type\":\"WebPage\",\"@id\":\"https:\\\/\\\/vividerm.lv\\\/ierices\\\/deka-motus-ax\\\/\",\"url\":\"https:\\\/\\\/vividerm.lv\\\/ierices\\\/deka-motus-ax\\\/\",\"name\":\"DEKA Motus AX - VIVIDERM\",\"isPartOf\":{\"@id\":\"https:\\\/\\\/vividerm.lv\\\/#website\"},\"primaryImageOfPage\":{\"@id\":\"https:\\\/\\\/vividerm.lv\\\/ierices\\\/deka-motus-ax\\\/#primaryimage\"},\"image\":{\"@id\":\"https:\\\/\\\/vividerm.lv\\\/ierices\\\/deka-motus-ax\\\/#primaryimage\"},\"thumbnailUrl\":\"https:\\\/\\\/vividerm.lv\\\/wp-content\\\/uploads\\\/2024\\\/07\\\/deka-laser-1.webp\",\"datePublished\":\"2024-07-12T13:45:21+00:00\",\"dateModified\":\"2024-07-12T13:51:31+00:00\",\"breadcrumb\":{\"@id\":\"https:\\\/\\\/vividerm.lv\\\/ierices\\\/deka-motus-ax\\\/#breadcrumb\"},\"inLanguage\":\"en-US\",\"potentialAction\":[{\"@type\":\"ReadAction\",\"target\":[\"https:\\\/\\\/vividerm.lv\\\/ierices\\\/deka-motus-ax\\\/\"]}]},{\"@type\":\"ImageObject\",\"inLanguage\":\"en-US\",\"@id\":\"https:\\\/\\\/vividerm.lv\\\/ierices\\\/deka-motus-ax\\\/#primaryimage\",\"url\":\"https:\\\/\\\/vividerm.lv\\\/wp-content\\\/uploads\\\/2024\\\/07\\\/deka-laser-1.webp\",\"contentUrl\":\"https:\\\/\\\/vividerm.lv\\\/wp-content\\\/uploads\\\/2024\\\/07\\\/deka-laser-1.webp\",\"width\":1735,\"height\":1943},{\"@type\":\"BreadcrumbList\",\"@id\":\"https:\\\/\\\/vividerm.lv\\\/ierices\\\/deka-motus-ax\\\/#breadcrumb\",\"itemListElement\":[{\"@type\":\"ListItem\",\"position\":1,\"name\":\"Galven\u0101\",\"item\":\"https:\\\/\\\/vividerm.lv\\\/\"},{\"@type\":\"ListItem\",\"position\":2,\"name\":\"Ier\u012bces\",\"item\":\"https:\\\/\\\/vividerm.lv\\\/ierices\\\/\"},{\"@type\":\"ListItem\",\"position\":3,\"name\":\"DEKA Motus AX\"}]},{\"@type\":\"WebSite\",\"@id\":\"https:\\\/\\\/vividerm.lv\\\/#website\",\"url\":\"https:\\\/\\\/vividerm.lv\\\/\",\"name\":\"VIVIDERM\",\"description\":\"\",\"publisher\":{\"@id\":\"https:\\\/\\\/vividerm.lv\\\/#organization\"},\"potentialAction\":[{\"@type\":\"SearchAction\",\"target\":{\"@type\":\"EntryPoint\",\"urlTemplate\":\"https:\\\/\\\/vividerm.lv\\\/?s={search_term_string}\"},\"query-input\":{\"@type\":\"PropertyValueSpecification\",\"valueRequired\":true,\"valueName\":\"search_term_string\"}}],\"inLanguage\":\"en-US\"},{\"@type\":\"Organization\",\"@id\":\"https:\\\/\\\/vividerm.lv\\\/#organization\",\"name\":\"VIVIDERM\",\"url\":\"https:\\\/\\\/vividerm.lv\\\/\",\"logo\":{\"@type\":\"ImageObject\",\"inLanguage\":\"en-US\",\"@id\":\"https:\\\/\\\/vividerm.lv\\\/#\\\/schema\\\/logo\\\/image\\\/\",\"url\":\"https:\\\/\\\/vividerm.lv\\\/wp-content\\\/uploads\\\/2025\\\/10\\\/VIVIDERM-Logo-White.png\",\"contentUrl\":\"https:\\\/\\\/vividerm.lv\\\/wp-content\\\/uploads\\\/2025\\\/10\\\/VIVIDERM-Logo-White.png\",\"width\":512,\"height\":512,\"caption\":\"VIVIDERM\"},\"image\":{\"@id\":\"https:\\\/\\\/vividerm.lv\\\/#\\\/schema\\\/logo\\\/image\\\/\"},\"sameAs\":[\"https:\\\/\\\/www.facebook.com\\\/vividerm.lv\",\"https:\\\/\\\/www.instagram.com\\\/vividerm_lv\\\/\"]}]}<\/script>\n<!-- \/ Yoast SEO plugin. -->","yoast_head_json":{"title":"DEKA Motus AX - VIVIDERM","robots":{"index":"index","follow":"follow","max-snippet":"max-snippet:-1","max-image-preview":"max-image-preview:large","max-video-preview":"max-video-preview:-1"},"canonical":"https:\/\/vividerm.lv\/en\/ierices\/deka-motus-ax\/","og_locale":"en_US","og_type":"article","og_title":"DEKA Motus AX - VIVIDERM","og_description":"It\u0101lijas DEKA\u00a0izstr\u0101d\u0101t\u0101ji ir pan\u0101ku\u0161i izr\u0101vienu l\u0101zerepil\u0101cijas jom\u0101 un sasniegu\u0161i piln\u012bbu. Pasaul\u0113 pirmais\u00a0Motus AX\u00a0\u0101trgaitas dinamiskais\u00a0Aleksandr\u012bta l\u0101zers\u00a0ar vi\u013c\u0146a garumu\u00a0755 nm\u00a0\u2013 to darbina novatoriska tehnolo\u0123ija, kas izdz\u0113\u0161 iesp\u0113jam\u0101s robe\u017eas.\u00a0Nr. 1\u00a0Eiropas tirg\u016b, \u201cBest Laser, Lights &amp; Energy-based Device\u201d apstiprin\u0101ts\u00a0AMWCawards2023! Jaun\u0101 izstr\u0101de atst\u0101j pag\u0101tn\u0113 visas kontrindik\u0101cijas iedeguma cien\u012bt\u0101jiem. L\u0101zerepil\u0101cija ar\u00a0Moveo\u00a0manipulu ir nor\u0101d\u012bta ar\u012b tad, ja pacientam kop\u0161 dzim\u0161anas ir vienk\u0101r\u0161i [&hellip;]","og_url":"https:\/\/vividerm.lv\/en\/ierices\/deka-motus-ax\/","og_site_name":"VIVIDERM","article_publisher":"https:\/\/www.facebook.com\/vividerm.lv","article_modified_time":"2024-07-12T13:51:31+00:00","og_image":[{"width":1735,"height":1943,"url":"https:\/\/vividerm.lv\/wp-content\/uploads\/2024\/07\/deka-laser-1.webp","type":"image\/webp"}],"twitter_card":"summary_large_image","twitter_misc":{"Est. reading time":"2 minutes"},"schema":{"@context":"https:\/\/schema.org","@graph":[{"@type":"WebPage","@id":"https:\/\/vividerm.lv\/ierices\/deka-motus-ax\/","url":"https:\/\/vividerm.lv\/ierices\/deka-motus-ax\/","name":"DEKA Motus AX - VIVIDERM","isPartOf":{"@id":"https:\/\/vividerm.lv\/#website"},"primaryImageOfPage":{"@id":"https:\/\/vividerm.lv\/ierices\/deka-motus-ax\/#primaryimage"},"image":{"@id":"https:\/\/vividerm.lv\/ierices\/deka-motus-ax\/#primaryimage"},"thumbnailUrl":"https:\/\/vividerm.lv\/wp-content\/uploads\/2024\/07\/deka-laser-1.webp","datePublished":"2024-07-12T13:45:21+00:00","dateModified":"2024-07-12T13:51:31+00:00","breadcrumb":{"@id":"https:\/\/vividerm.lv\/ierices\/deka-motus-ax\/#breadcrumb"},"inLanguage":"en-US","potentialAction":[{"@type":"ReadAction","target":["https:\/\/vividerm.lv\/ierices\/deka-motus-ax\/"]}]},{"@type":"ImageObject","inLanguage":"en-US","@id":"https:\/\/vividerm.lv\/ierices\/deka-motus-ax\/#primaryimage","url":"https:\/\/vividerm.lv\/wp-content\/uploads\/2024\/07\/deka-laser-1.webp","contentUrl":"https:\/\/vividerm.lv\/wp-content\/uploads\/2024\/07\/deka-laser-1.webp","width":1735,"height":1943},{"@type":"BreadcrumbList","@id":"https:\/\/vividerm.lv\/ierices\/deka-motus-ax\/#breadcrumb","itemListElement":[{"@type":"ListItem","position":1,"name":"Galven\u0101","item":"https:\/\/vividerm.lv\/"},{"@type":"ListItem","position":2,"name":"Ier\u012bces","item":"https:\/\/vividerm.lv\/ierices\/"},{"@type":"ListItem","position":3,"name":"DEKA Motus AX"}]},{"@type":"WebSite","@id":"https:\/\/vividerm.lv\/#website","url":"https:\/\/vividerm.lv\/","name":"VIVIDERM","description":"","publisher":{"@id":"https:\/\/vividerm.lv\/#organization"},"potentialAction":[{"@type":"SearchAction","target":{"@type":"EntryPoint","urlTemplate":"https:\/\/vividerm.lv\/?s={search_term_string}"},"query-input":{"@type":"PropertyValueSpecification","valueRequired":true,"valueName":"search_term_string"}}],"inLanguage":"en-US"},{"@type":"Organization","@id":"https:\/\/vividerm.lv\/#organization","name":"VIVIDERM","url":"https:\/\/vividerm.lv\/","logo":{"@type":"ImageObject","inLanguage":"en-US","@id":"https:\/\/vividerm.lv\/#\/schema\/logo\/image\/","url":"https:\/\/vividerm.lv\/wp-content\/uploads\/2025\/10\/VIVIDERM-Logo-White.png","contentUrl":"https:\/\/vividerm.lv\/wp-content\/uploads\/2025\/10\/VIVIDERM-Logo-White.png","width":512,"height":512,"caption":"VIVIDERM"},"image":{"@id":"https:\/\/vividerm.lv\/#\/schema\/logo\/image\/"},"sameAs":["https:\/\/www.facebook.com\/vividerm.lv","https:\/\/www.instagram.com\/vividerm_lv\/"]}]}},"_links":{"self":[{"href":"https:\/\/vividerm.lv\/en\/wp-json\/wp\/v2\/pages\/1534","targetHints":{"allow":["GET"]}}],"collection":[{"href":"https:\/\/vividerm.lv\/en\/wp-json\/wp\/v2\/pages"}],"about":[{"href":"https:\/\/vividerm.lv\/en\/wp-json\/wp\/v2\/types\/page"}],"author":[{"embeddable":true,"href":"https:\/\/vividerm.lv\/en\/wp-json\/wp\/v2\/users\/1"}],"replies":[{"embeddable":true,"href":"https:\/\/vividerm.lv\/en\/wp-json\/wp\/v2\/comments?post=1534"}],"version-history":[{"count":0,"href":"https:\/\/vividerm.lv\/en\/wp-json\/wp\/v2\/pages\/1534\/revisions"}],"up":[{"embeddable":true,"href":"https:\/\/vividerm.lv\/en\/wp-json\/wp\/v2\/pages\/613"}],"wp:featuredmedia":[{"embeddable":true,"href":"https:\/\/vividerm.lv\/en\/wp-json\/wp\/v2\/media\/1535"}],"wp:attachment":[{"href":"https:\/\/vividerm.lv\/en\/wp-json\/wp\/v2\/media?parent=1534"}],"curies":[{"name":"wp","href":"https:\/\/api.w.org\/{rel}","templated":true}]}}