{"id":1540,"date":"2024-07-12T16:46:50","date_gmt":"2024-07-12T13:46:50","guid":{"rendered":"https:\/\/vividerm.lv\/?page_id=1540"},"modified":"2024-07-12T16:52:10","modified_gmt":"2024-07-12T13:52:10","slug":"onda-plus-coolwaves","status":"publish","type":"page","link":"https:\/\/vividerm.lv\/en\/ierices\/onda-plus-coolwaves\/","title":{"rendered":"Onda Plus Coolwaves"},"content":{"rendered":"<div data-elementor-type=\"wp-page\" data-elementor-id=\"1540\" class=\"elementor elementor-1540\" data-elementor-post-type=\"page\">\n\t\t\t\t<div class=\"elementor-element elementor-element-5142115 xts-section-stretch e-con-full e-flex e-con e-parent\" data-id=\"5142115\" data-element_type=\"container\" data-settings=\"{&quot;background_background&quot;:&quot;classic&quot;}\">\n\t\t<div class=\"elementor-element elementor-element-3f6066ba e-con-full e-flex xts-section-disabled e-con e-child\" data-id=\"3f6066ba\" data-element_type=\"container\">\n\t\t\t\t<div class=\"elementor-element elementor-element-7f9583f9 elementor-widget elementor-widget-image\" data-id=\"7f9583f9\" data-element_type=\"widget\" data-widget_type=\"image.default\">\n\t\t\t\t<div class=\"elementor-widget-container\">\n\t\t\t\t\t\t\t\t\t\t\t\t\t\t\t<img fetchpriority=\"high\" decoding=\"async\" width=\"1735\" height=\"1943\" src=\"https:\/\/vividerm.lv\/wp-content\/uploads\/2024\/07\/Frame-14.webp\" class=\"attachment-full size-full wp-image-1541\" alt=\"\" srcset=\"https:\/\/vividerm.lv\/wp-content\/uploads\/2024\/07\/Frame-14.webp 1735w, https:\/\/vividerm.lv\/wp-content\/uploads\/2024\/07\/Frame-14-268x300.webp 268w, https:\/\/vividerm.lv\/wp-content\/uploads\/2024\/07\/Frame-14-914x1024.webp 914w, https:\/\/vividerm.lv\/wp-content\/uploads\/2024\/07\/Frame-14-768x860.webp 768w, https:\/\/vividerm.lv\/wp-content\/uploads\/2024\/07\/Frame-14-1372x1536.webp 1372w\" sizes=\"(max-width: 1735px) 100vw, 1735px\" \/>\t\t\t\t\t\t\t\t\t\t\t\t\t\t\t<\/div>\n\t\t\t\t<\/div>\n\t\t\t\t<\/div>\n\t\t<div class=\"elementor-element elementor-element-2b89f980 e-con-full e-flex xts-section-disabled e-con e-child\" data-id=\"2b89f980\" data-element_type=\"container\">\n\t\t\t\t<div class=\"elementor-element elementor-element-45ec38f5 xts-scheme-inherit xts-textalign-inherit elementor-widget elementor-widget-text-editor\" data-id=\"45ec38f5\" data-element_type=\"widget\" data-widget_type=\"text-editor.default\">\n\t\t\t\t<div class=\"elementor-widget-container\">\n\t\t\t\t\t\t\t\t\t<p class=\"translation-block\">The world's first microwave body contouring system. The Onda Plus, created by the Italian company DEKA, is an innovation in body correction. The system uses Coolwaves\u2122 microwave technology, which selectively targets fat cells, providing a safe, effective, and non-invasive reduction of fat layers.<\/p><p><strong>Innovative technology and skin protection<\/strong><\/p><p class=\"translation-block\">Coolwaves\u2122 microwaves are generated at a frequency of 2.45 GHz and are primarily absorbed by fat molecules. This allows the waves to penetrate the upper layers of the skin without overheating them, concentrating the energy on the subcutaneous fat tissue. The built-in cooling system protects the upper layers of the skin, preventing overheating.<\/p><p><strong>Comfort and advantages compared to similar products<\/strong><\/p><p class=\"translation-block\">Onda Plus is ergonomically designed and easy to use, providing comfortable and effective treatments. Unlike radiofrequency systems, Onda Plus concentrates energy on fat cells, ensuring maximum effectiveness and safety for the patient. This makes Onda Plus an ideal solution for individuals who want to achieve perfect body contours without surgical intervention.<\/p>\t\t\t\t\t\t\t\t<\/div>\n\t\t\t\t<\/div>\n\t\t<div class=\"elementor-element elementor-element-6e84a998 e-con-full e-flex xts-section-disabled e-con e-child\" data-id=\"6e84a998\" data-element_type=\"container\">\n\t\t\t\t<div class=\"elementor-element elementor-element-48847eba elementor-mobile-align-justify elementor-widget elementor-widget-button\" data-id=\"48847eba\" data-element_type=\"widget\" data-widget_type=\"button.default\">\n\t\t\t\t<div class=\"elementor-widget-container\">\n\t\t\t\t\t\t\t\t\t<div class=\"elementor-button-wrapper\">\n\t\t\t\t\t<a class=\"elementor-button elementor-button-link elementor-size-sm\" href=\"#elementor-action%3Aaction%3Dpopup%3Aopen%26settings%3DeyJpZCI6IjQ2IiwidG9nZ2xlIjpmYWxzZX0%3D\">\n\t\t\t\t\t\t<span class=\"elementor-button-content-wrapper\">\n\t\t\t\t\t\t\t\t\t<span class=\"elementor-button-text\">Apply for the procedure<\/span>\n\t\t\t\t\t<\/span>\n\t\t\t\t\t<\/a>\n\t\t\t\t<\/div>\n\t\t\t\t\t\t\t\t<\/div>\n\t\t\t\t<\/div>\n\t\t\t\t<div class=\"elementor-element elementor-element-2ace03ec elementor-mobile-align-justify elementor-widget elementor-widget-button\" data-id=\"2ace03ec\" data-element_type=\"widget\" data-widget_type=\"button.default\">\n\t\t\t\t<div class=\"elementor-widget-container\">\n\t\t\t\t\t\t\t\t\t<div class=\"elementor-button-wrapper\">\n\t\t\t\t\t<a class=\"elementor-button elementor-button-link elementor-size-sm\" href=\"https:\/\/vividerm.lv\/en\/services\/onda-plus-coolwaves\/\">\n\t\t\t\t\t\t<span class=\"elementor-button-content-wrapper\">\n\t\t\t\t\t\t\t\t\t<span class=\"elementor-button-text\">Learn more<\/span>\n\t\t\t\t\t<\/span>\n\t\t\t\t\t<\/a>\n\t\t\t\t<\/div>\n\t\t\t\t\t\t\t\t<\/div>\n\t\t\t\t<\/div>\n\t\t\t\t<\/div>\n\t\t\t\t<\/div>\n\t\t\t\t<\/div>\n\t\t\t\t<\/div>","protected":false},"excerpt":{"rendered":"<p>Pasaul\u0113 pirm\u0101 mikrovi\u013c\u0146u \u0137erme\u0146a kontur\u0113\u0161anas sist\u0113ma. It\u0101\u013cu uz\u0146\u0113muma \u201cDEKA\u201d izveidot\u0101\u00a0Onda Plus\u00a0ir inov\u0101cija \u0137erme\u0146a korekcijas jom\u0101. Sist\u0113ma izmanto\u00a0Coolwaves\u2122\u00a0mikrovi\u013c\u0146u tehnolo\u0123iju, kas selekt\u012bvi iedarbojas uz tauku \u0161\u016bn\u0101m, nodro\u0161inot nekait\u012bgu, efekt\u012bvu un neinvaz\u012bvu tauku sl\u0101\u0146u samazin\u0101\u0161anu. Inovat\u012bva tehnolo\u0123ija un \u0101das aizsardz\u012bba Coolwaves\u2122\u00a0mikrovi\u013c\u0146i tiek \u0123ener\u0113ti 2,45 GHz frekvenc\u0113, un tos priorit\u0101ri absorb\u0113 tauku molekulas. Tas \u013cauj vi\u013c\u0146iem iek\u013c\u016bt \u0101das aug\u0161\u0113jos [&hellip;]<\/p>\n","protected":false},"author":1,"featured_media":1541,"parent":613,"menu_order":0,"comment_status":"closed","ping_status":"closed","template":"","meta":{"_acf_changed":false,"footnotes":""},"class_list":["post-1540","page","type-page","status-publish","has-post-thumbnail","hentry"],"acf":[],"yoast_head":"<!-- This site is optimized with the Yoast SEO plugin v27.4 - https:\/\/yoast.com\/product\/yoast-seo-wordpress\/ -->\n<title>Onda Plus Coolwaves - VIVIDERM<\/title>\n<meta name=\"robots\" content=\"index, follow, max-snippet:-1, max-image-preview:large, max-video-preview:-1\" \/>\n<link rel=\"canonical\" href=\"https:\/\/vividerm.lv\/en\/ierices\/onda-plus-coolwaves\/\" \/>\n<meta property=\"og:locale\" content=\"en_US\" \/>\n<meta property=\"og:type\" content=\"article\" \/>\n<meta property=\"og:title\" content=\"Onda Plus Coolwaves - VIVIDERM\" \/>\n<meta property=\"og:description\" content=\"Pasaul\u0113 pirm\u0101 mikrovi\u013c\u0146u \u0137erme\u0146a kontur\u0113\u0161anas sist\u0113ma. It\u0101\u013cu uz\u0146\u0113muma \u201cDEKA\u201d izveidot\u0101\u00a0Onda Plus\u00a0ir inov\u0101cija \u0137erme\u0146a korekcijas jom\u0101. Sist\u0113ma izmanto\u00a0Coolwaves\u2122\u00a0mikrovi\u013c\u0146u tehnolo\u0123iju, kas selekt\u012bvi iedarbojas uz tauku \u0161\u016bn\u0101m, nodro\u0161inot nekait\u012bgu, efekt\u012bvu un neinvaz\u012bvu tauku sl\u0101\u0146u samazin\u0101\u0161anu. Inovat\u012bva tehnolo\u0123ija un \u0101das aizsardz\u012bba Coolwaves\u2122\u00a0mikrovi\u013c\u0146i tiek \u0123ener\u0113ti 2,45 GHz frekvenc\u0113, un tos priorit\u0101ri absorb\u0113 tauku molekulas. Tas \u013cauj vi\u013c\u0146iem iek\u013c\u016bt \u0101das aug\u0161\u0113jos [&hellip;]\" \/>\n<meta property=\"og:url\" content=\"https:\/\/vividerm.lv\/en\/ierices\/onda-plus-coolwaves\/\" \/>\n<meta property=\"og:site_name\" content=\"VIVIDERM\" \/>\n<meta property=\"article:publisher\" content=\"https:\/\/www.facebook.com\/vividerm.lv\" \/>\n<meta property=\"article:modified_time\" content=\"2024-07-12T13:52:10+00:00\" \/>\n<meta property=\"og:image\" content=\"https:\/\/vividerm.lv\/wp-content\/uploads\/2024\/07\/Frame-14.webp\" \/>\n\t<meta property=\"og:image:width\" content=\"1735\" \/>\n\t<meta property=\"og:image:height\" content=\"1943\" \/>\n\t<meta property=\"og:image:type\" content=\"image\/webp\" \/>\n<meta name=\"twitter:card\" content=\"summary_large_image\" \/>\n<meta name=\"twitter:label1\" content=\"Est. reading time\" \/>\n\t<meta name=\"twitter:data1\" content=\"1 minute\" \/>\n<script type=\"application\/ld+json\" class=\"yoast-schema-graph\">{\"@context\":\"https:\\\/\\\/schema.org\",\"@graph\":[{\"@type\":\"WebPage\",\"@id\":\"https:\\\/\\\/vividerm.lv\\\/ierices\\\/onda-plus-coolwaves\\\/\",\"url\":\"https:\\\/\\\/vividerm.lv\\\/ierices\\\/onda-plus-coolwaves\\\/\",\"name\":\"Onda Plus Coolwaves - VIVIDERM\",\"isPartOf\":{\"@id\":\"https:\\\/\\\/vividerm.lv\\\/#website\"},\"primaryImageOfPage\":{\"@id\":\"https:\\\/\\\/vividerm.lv\\\/ierices\\\/onda-plus-coolwaves\\\/#primaryimage\"},\"image\":{\"@id\":\"https:\\\/\\\/vividerm.lv\\\/ierices\\\/onda-plus-coolwaves\\\/#primaryimage\"},\"thumbnailUrl\":\"https:\\\/\\\/vividerm.lv\\\/wp-content\\\/uploads\\\/2024\\\/07\\\/Frame-14.webp\",\"datePublished\":\"2024-07-12T13:46:50+00:00\",\"dateModified\":\"2024-07-12T13:52:10+00:00\",\"breadcrumb\":{\"@id\":\"https:\\\/\\\/vividerm.lv\\\/ierices\\\/onda-plus-coolwaves\\\/#breadcrumb\"},\"inLanguage\":\"en-US\",\"potentialAction\":[{\"@type\":\"ReadAction\",\"target\":[\"https:\\\/\\\/vividerm.lv\\\/ierices\\\/onda-plus-coolwaves\\\/\"]}]},{\"@type\":\"ImageObject\",\"inLanguage\":\"en-US\",\"@id\":\"https:\\\/\\\/vividerm.lv\\\/ierices\\\/onda-plus-coolwaves\\\/#primaryimage\",\"url\":\"https:\\\/\\\/vividerm.lv\\\/wp-content\\\/uploads\\\/2024\\\/07\\\/Frame-14.webp\",\"contentUrl\":\"https:\\\/\\\/vividerm.lv\\\/wp-content\\\/uploads\\\/2024\\\/07\\\/Frame-14.webp\",\"width\":1735,\"height\":1943},{\"@type\":\"BreadcrumbList\",\"@id\":\"https:\\\/\\\/vividerm.lv\\\/ierices\\\/onda-plus-coolwaves\\\/#breadcrumb\",\"itemListElement\":[{\"@type\":\"ListItem\",\"position\":1,\"name\":\"Galven\u0101\",\"item\":\"https:\\\/\\\/vividerm.lv\\\/\"},{\"@type\":\"ListItem\",\"position\":2,\"name\":\"Ier\u012bces\",\"item\":\"https:\\\/\\\/vividerm.lv\\\/ierices\\\/\"},{\"@type\":\"ListItem\",\"position\":3,\"name\":\"Onda Plus Coolwaves\"}]},{\"@type\":\"WebSite\",\"@id\":\"https:\\\/\\\/vividerm.lv\\\/#website\",\"url\":\"https:\\\/\\\/vividerm.lv\\\/\",\"name\":\"VIVIDERM\",\"description\":\"\",\"publisher\":{\"@id\":\"https:\\\/\\\/vividerm.lv\\\/#organization\"},\"potentialAction\":[{\"@type\":\"SearchAction\",\"target\":{\"@type\":\"EntryPoint\",\"urlTemplate\":\"https:\\\/\\\/vividerm.lv\\\/?s={search_term_string}\"},\"query-input\":{\"@type\":\"PropertyValueSpecification\",\"valueRequired\":true,\"valueName\":\"search_term_string\"}}],\"inLanguage\":\"en-US\"},{\"@type\":\"Organization\",\"@id\":\"https:\\\/\\\/vividerm.lv\\\/#organization\",\"name\":\"VIVIDERM\",\"url\":\"https:\\\/\\\/vividerm.lv\\\/\",\"logo\":{\"@type\":\"ImageObject\",\"inLanguage\":\"en-US\",\"@id\":\"https:\\\/\\\/vividerm.lv\\\/#\\\/schema\\\/logo\\\/image\\\/\",\"url\":\"https:\\\/\\\/vividerm.lv\\\/wp-content\\\/uploads\\\/2025\\\/10\\\/VIVIDERM-Logo-White.png\",\"contentUrl\":\"https:\\\/\\\/vividerm.lv\\\/wp-content\\\/uploads\\\/2025\\\/10\\\/VIVIDERM-Logo-White.png\",\"width\":512,\"height\":512,\"caption\":\"VIVIDERM\"},\"image\":{\"@id\":\"https:\\\/\\\/vividerm.lv\\\/#\\\/schema\\\/logo\\\/image\\\/\"},\"sameAs\":[\"https:\\\/\\\/www.facebook.com\\\/vividerm.lv\",\"https:\\\/\\\/www.instagram.com\\\/vividerm_lv\\\/\"]}]}<\/script>\n<!-- \/ Yoast SEO plugin. -->","yoast_head_json":{"title":"Onda Plus Coolwaves - VIVIDERM","robots":{"index":"index","follow":"follow","max-snippet":"max-snippet:-1","max-image-preview":"max-image-preview:large","max-video-preview":"max-video-preview:-1"},"canonical":"https:\/\/vividerm.lv\/en\/ierices\/onda-plus-coolwaves\/","og_locale":"en_US","og_type":"article","og_title":"Onda Plus Coolwaves - VIVIDERM","og_description":"Pasaul\u0113 pirm\u0101 mikrovi\u013c\u0146u \u0137erme\u0146a kontur\u0113\u0161anas sist\u0113ma. It\u0101\u013cu uz\u0146\u0113muma \u201cDEKA\u201d izveidot\u0101\u00a0Onda Plus\u00a0ir inov\u0101cija \u0137erme\u0146a korekcijas jom\u0101. Sist\u0113ma izmanto\u00a0Coolwaves\u2122\u00a0mikrovi\u013c\u0146u tehnolo\u0123iju, kas selekt\u012bvi iedarbojas uz tauku \u0161\u016bn\u0101m, nodro\u0161inot nekait\u012bgu, efekt\u012bvu un neinvaz\u012bvu tauku sl\u0101\u0146u samazin\u0101\u0161anu. Inovat\u012bva tehnolo\u0123ija un \u0101das aizsardz\u012bba Coolwaves\u2122\u00a0mikrovi\u013c\u0146i tiek \u0123ener\u0113ti 2,45 GHz frekvenc\u0113, un tos priorit\u0101ri absorb\u0113 tauku molekulas. Tas \u013cauj vi\u013c\u0146iem iek\u013c\u016bt \u0101das aug\u0161\u0113jos [&hellip;]","og_url":"https:\/\/vividerm.lv\/en\/ierices\/onda-plus-coolwaves\/","og_site_name":"VIVIDERM","article_publisher":"https:\/\/www.facebook.com\/vividerm.lv","article_modified_time":"2024-07-12T13:52:10+00:00","og_image":[{"width":1735,"height":1943,"url":"https:\/\/vividerm.lv\/wp-content\/uploads\/2024\/07\/Frame-14.webp","type":"image\/webp"}],"twitter_card":"summary_large_image","twitter_misc":{"Est. reading time":"1 minute"},"schema":{"@context":"https:\/\/schema.org","@graph":[{"@type":"WebPage","@id":"https:\/\/vividerm.lv\/ierices\/onda-plus-coolwaves\/","url":"https:\/\/vividerm.lv\/ierices\/onda-plus-coolwaves\/","name":"Onda Plus Coolwaves - VIVIDERM","isPartOf":{"@id":"https:\/\/vividerm.lv\/#website"},"primaryImageOfPage":{"@id":"https:\/\/vividerm.lv\/ierices\/onda-plus-coolwaves\/#primaryimage"},"image":{"@id":"https:\/\/vividerm.lv\/ierices\/onda-plus-coolwaves\/#primaryimage"},"thumbnailUrl":"https:\/\/vividerm.lv\/wp-content\/uploads\/2024\/07\/Frame-14.webp","datePublished":"2024-07-12T13:46:50+00:00","dateModified":"2024-07-12T13:52:10+00:00","breadcrumb":{"@id":"https:\/\/vividerm.lv\/ierices\/onda-plus-coolwaves\/#breadcrumb"},"inLanguage":"en-US","potentialAction":[{"@type":"ReadAction","target":["https:\/\/vividerm.lv\/ierices\/onda-plus-coolwaves\/"]}]},{"@type":"ImageObject","inLanguage":"en-US","@id":"https:\/\/vividerm.lv\/ierices\/onda-plus-coolwaves\/#primaryimage","url":"https:\/\/vividerm.lv\/wp-content\/uploads\/2024\/07\/Frame-14.webp","contentUrl":"https:\/\/vividerm.lv\/wp-content\/uploads\/2024\/07\/Frame-14.webp","width":1735,"height":1943},{"@type":"BreadcrumbList","@id":"https:\/\/vividerm.lv\/ierices\/onda-plus-coolwaves\/#breadcrumb","itemListElement":[{"@type":"ListItem","position":1,"name":"Galven\u0101","item":"https:\/\/vividerm.lv\/"},{"@type":"ListItem","position":2,"name":"Ier\u012bces","item":"https:\/\/vividerm.lv\/ierices\/"},{"@type":"ListItem","position":3,"name":"Onda Plus Coolwaves"}]},{"@type":"WebSite","@id":"https:\/\/vividerm.lv\/#website","url":"https:\/\/vividerm.lv\/","name":"VIVIDERM","description":"","publisher":{"@id":"https:\/\/vividerm.lv\/#organization"},"potentialAction":[{"@type":"SearchAction","target":{"@type":"EntryPoint","urlTemplate":"https:\/\/vividerm.lv\/?s={search_term_string}"},"query-input":{"@type":"PropertyValueSpecification","valueRequired":true,"valueName":"search_term_string"}}],"inLanguage":"en-US"},{"@type":"Organization","@id":"https:\/\/vividerm.lv\/#organization","name":"VIVIDERM","url":"https:\/\/vividerm.lv\/","logo":{"@type":"ImageObject","inLanguage":"en-US","@id":"https:\/\/vividerm.lv\/#\/schema\/logo\/image\/","url":"https:\/\/vividerm.lv\/wp-content\/uploads\/2025\/10\/VIVIDERM-Logo-White.png","contentUrl":"https:\/\/vividerm.lv\/wp-content\/uploads\/2025\/10\/VIVIDERM-Logo-White.png","width":512,"height":512,"caption":"VIVIDERM"},"image":{"@id":"https:\/\/vividerm.lv\/#\/schema\/logo\/image\/"},"sameAs":["https:\/\/www.facebook.com\/vividerm.lv","https:\/\/www.instagram.com\/vividerm_lv\/"]}]}},"_links":{"self":[{"href":"https:\/\/vividerm.lv\/en\/wp-json\/wp\/v2\/pages\/1540","targetHints":{"allow":["GET"]}}],"collection":[{"href":"https:\/\/vividerm.lv\/en\/wp-json\/wp\/v2\/pages"}],"about":[{"href":"https:\/\/vividerm.lv\/en\/wp-json\/wp\/v2\/types\/page"}],"author":[{"embeddable":true,"href":"https:\/\/vividerm.lv\/en\/wp-json\/wp\/v2\/users\/1"}],"replies":[{"embeddable":true,"href":"https:\/\/vividerm.lv\/en\/wp-json\/wp\/v2\/comments?post=1540"}],"version-history":[{"count":0,"href":"https:\/\/vividerm.lv\/en\/wp-json\/wp\/v2\/pages\/1540\/revisions"}],"up":[{"embeddable":true,"href":"https:\/\/vividerm.lv\/en\/wp-json\/wp\/v2\/pages\/613"}],"wp:featuredmedia":[{"embeddable":true,"href":"https:\/\/vividerm.lv\/en\/wp-json\/wp\/v2\/media\/1541"}],"wp:attachment":[{"href":"https:\/\/vividerm.lv\/en\/wp-json\/wp\/v2\/media?parent=1540"}],"curies":[{"name":"wp","href":"https:\/\/api.w.org\/{rel}","templated":true}]}}