{"id":1555,"date":"2024-07-12T16:55:06","date_gmt":"2024-07-12T13:55:06","guid":{"rendered":"https:\/\/vividerm.lv\/?page_id=1555"},"modified":"2024-07-12T16:59:39","modified_gmt":"2024-07-12T13:59:39","slug":"venus-versa","status":"publish","type":"page","link":"https:\/\/vividerm.lv\/en\/ierices\/venus-versa\/","title":{"rendered":"Venus Versa"},"content":{"rendered":"<div data-elementor-type=\"wp-page\" data-elementor-id=\"1555\" class=\"elementor elementor-1555\" data-elementor-post-type=\"page\">\n\t\t\t\t<div class=\"elementor-element elementor-element-43a9cb2a xts-section-stretch e-con-full e-flex e-con e-parent\" data-id=\"43a9cb2a\" data-element_type=\"container\" data-settings=\"{&quot;background_background&quot;:&quot;classic&quot;}\">\n\t\t<div class=\"elementor-element elementor-element-107a34c1 e-con-full e-flex xts-section-disabled e-con e-child\" data-id=\"107a34c1\" data-element_type=\"container\">\n\t\t\t\t<div class=\"elementor-element elementor-element-1d4993b1 elementor-widget elementor-widget-image\" data-id=\"1d4993b1\" data-element_type=\"widget\" data-widget_type=\"image.default\">\n\t\t\t\t<div class=\"elementor-widget-container\">\n\t\t\t\t\t\t\t\t\t\t\t\t\t\t\t<img fetchpriority=\"high\" decoding=\"async\" width=\"1735\" height=\"1943\" src=\"https:\/\/vividerm.lv\/wp-content\/uploads\/2024\/07\/venus-versa-lazerepilacija.webp\" class=\"attachment-full size-full wp-image-1556\" alt=\"\" srcset=\"https:\/\/vividerm.lv\/wp-content\/uploads\/2024\/07\/venus-versa-lazerepilacija.webp 1735w, https:\/\/vividerm.lv\/wp-content\/uploads\/2024\/07\/venus-versa-lazerepilacija-268x300.webp 268w, https:\/\/vividerm.lv\/wp-content\/uploads\/2024\/07\/venus-versa-lazerepilacija-914x1024.webp 914w, https:\/\/vividerm.lv\/wp-content\/uploads\/2024\/07\/venus-versa-lazerepilacija-768x860.webp 768w, https:\/\/vividerm.lv\/wp-content\/uploads\/2024\/07\/venus-versa-lazerepilacija-1372x1536.webp 1372w\" sizes=\"(max-width: 1735px) 100vw, 1735px\" \/>\t\t\t\t\t\t\t\t\t\t\t\t\t\t\t<\/div>\n\t\t\t\t<\/div>\n\t\t\t\t<\/div>\n\t\t<div class=\"elementor-element elementor-element-72bddb4b e-con-full e-flex xts-section-disabled e-con e-child\" data-id=\"72bddb4b\" data-element_type=\"container\">\n\t\t\t\t<div class=\"elementor-element elementor-element-1fed7281 xts-scheme-inherit xts-textalign-inherit elementor-widget elementor-widget-text-editor\" data-id=\"1fed7281\" data-element_type=\"widget\" data-widget_type=\"text-editor.default\">\n\t\t\t\t<div class=\"elementor-widget-container\">\n\t\t\t\t\t\t\t\t\t<p class=\"translation-block\">Venus Concept has been a global leader in aesthetic medicine and cosmetology since 2009. Prior to the company's official registration, its founders had over 15 years of experience in the field.<\/p><p class=\"translation-block\">Venus Versa \u2013 a multifunctional platform for the most sought-after aesthetic procedures.<\/p>\t\t\t\t\t\t\t\t<\/div>\n\t\t\t\t<\/div>\n\t\t\t\t<div class=\"elementor-element elementor-element-59f0979 xts-scheme-inherit xts-textalign-inherit elementor-widget elementor-widget-text-editor\" data-id=\"59f0979\" data-element_type=\"widget\" data-widget_type=\"text-editor.default\">\n\t\t\t\t<div class=\"elementor-widget-container\">\n\t\t\t\t\t\t\t\t\t<p><strong>The device combines three unique technologies:<\/strong><\/p>\t\t\t\t\t\t\t\t<\/div>\n\t\t\t\t<\/div>\n\t\t\t\t<div class=\"elementor-element elementor-element-68c74ae elementor-icon-list--layout-traditional elementor-list-item-link-full_width elementor-widget elementor-widget-icon-list\" data-id=\"68c74ae\" data-element_type=\"widget\" data-widget_type=\"icon-list.default\">\n\t\t\t\t<div class=\"elementor-widget-container\">\n\t\t\t\t\t\t\t<ul class=\"elementor-icon-list-items\">\n\t\t\t\t\t\t\t<li class=\"elementor-icon-list-item\">\n\t\t\t\t\t\t\t\t\t\t\t<span class=\"elementor-icon-list-icon\">\n\t\t\t\t\t\t\t<svg xmlns=\"http:\/\/www.w3.org\/2000\/svg\" width=\"30\" height=\"30\" viewbox=\"0 0 30 30\" fill=\"none\"><rect opacity=\"0.1\" width=\"30\" height=\"30\" fill=\"#B3B758\"><\/rect><path d=\"M17 11L10.3352 18L7 14.4971\" stroke=\"#B3B758\" stroke-width=\"2\" stroke-linecap=\"square\"><\/path><path d=\"M22 11L15.3352 18L12 14.4971\" stroke=\"#B3B758\" stroke-width=\"2\" stroke-linecap=\"square\"><\/path><\/svg>\t\t\t\t\t\t<\/span>\n\t\t\t\t\t\t\t\t\t\t<span class=\"elementor-icon-list-text\">Intense Pulsed Light (IPL) with SmartPulse\u2122 function<\/span>\n\t\t\t\t\t\t\t\t\t<\/li>\n\t\t\t\t\t\t\t\t<li class=\"elementor-icon-list-item\">\n\t\t\t\t\t\t\t\t\t\t\t<span class=\"elementor-icon-list-icon\">\n\t\t\t\t\t\t\t<svg xmlns=\"http:\/\/www.w3.org\/2000\/svg\" width=\"30\" height=\"30\" viewbox=\"0 0 30 30\" fill=\"none\"><rect opacity=\"0.1\" width=\"30\" height=\"30\" fill=\"#B3B758\"><\/rect><path d=\"M17 11L10.3352 18L7 14.4971\" stroke=\"#B3B758\" stroke-width=\"2\" stroke-linecap=\"square\"><\/path><path d=\"M22 11L15.3352 18L12 14.4971\" stroke=\"#B3B758\" stroke-width=\"2\" stroke-linecap=\"square\"><\/path><\/svg>\t\t\t\t\t\t<\/span>\n\t\t\t\t\t\t\t\t\t\t<span class=\"elementor-icon-list-text\">Nanofractional radiofrequency with SmartScan\u2122 function<\/span>\n\t\t\t\t\t\t\t\t\t<\/li>\n\t\t\t\t\t\t\t\t<li class=\"elementor-icon-list-item\">\n\t\t\t\t\t\t\t\t\t\t\t<span class=\"elementor-icon-list-icon\">\n\t\t\t\t\t\t\t<svg xmlns=\"http:\/\/www.w3.org\/2000\/svg\" width=\"30\" height=\"30\" viewbox=\"0 0 30 30\" fill=\"none\"><rect opacity=\"0.1\" width=\"30\" height=\"30\" fill=\"#B3B758\"><\/rect><path d=\"M17 11L10.3352 18L7 14.4971\" stroke=\"#B3B758\" stroke-width=\"2\" stroke-linecap=\"square\"><\/path><path d=\"M22 11L15.3352 18L12 14.4971\" stroke=\"#B3B758\" stroke-width=\"2\" stroke-linecap=\"square\"><\/path><\/svg>\t\t\t\t\t\t<\/span>\n\t\t\t\t\t\t\t\t\t\t<span class=\"elementor-icon-list-text\">Venus Concept technology \u2013 (MP)2 (multipolar radiofrequency combined with pulsed electromagnetic fields)<\/span>\n\t\t\t\t\t\t\t\t\t<\/li>\n\t\t\t\t\t\t<\/ul>\n\t\t\t\t\t\t<\/div>\n\t\t\t\t<\/div>\n\t\t\t\t<div class=\"elementor-element elementor-element-dc05702 xts-scheme-inherit xts-textalign-inherit elementor-widget elementor-widget-text-editor\" data-id=\"dc05702\" data-element_type=\"widget\" data-widget_type=\"text-editor.default\">\n\t\t\t\t<div class=\"elementor-widget-container\">\n\t\t\t\t\t\t\t\t\t<p><strong>Procedures:<\/strong><\/p>\t\t\t\t\t\t\t\t<\/div>\n\t\t\t\t<\/div>\n\t\t<div class=\"elementor-element elementor-element-e1aef1b e-con-full e-flex xts-section-disabled e-con e-child\" data-id=\"e1aef1b\" data-element_type=\"container\">\n\t\t\t\t<div class=\"elementor-element elementor-element-c30eb97 elementor-widget__width-initial elementor-widget-mobile__width-inherit elementor-icon-list--layout-traditional elementor-list-item-link-full_width elementor-widget elementor-widget-icon-list\" data-id=\"c30eb97\" data-element_type=\"widget\" data-widget_type=\"icon-list.default\">\n\t\t\t\t<div class=\"elementor-widget-container\">\n\t\t\t\t\t\t\t<ul class=\"elementor-icon-list-items\">\n\t\t\t\t\t\t\t<li class=\"elementor-icon-list-item\">\n\t\t\t\t\t\t\t\t\t\t\t<span class=\"elementor-icon-list-icon\">\n\t\t\t\t\t\t\t<svg xmlns=\"http:\/\/www.w3.org\/2000\/svg\" width=\"30\" height=\"30\" viewbox=\"0 0 30 30\" fill=\"none\"><rect opacity=\"0.1\" width=\"30\" height=\"30\" fill=\"#B3B758\"><\/rect><path d=\"M17 11L10.3352 18L7 14.4971\" stroke=\"#B3B758\" stroke-width=\"2\" stroke-linecap=\"square\"><\/path><path d=\"M22 11L15.3352 18L12 14.4971\" stroke=\"#B3B758\" stroke-width=\"2\" stroke-linecap=\"square\"><\/path><\/svg>\t\t\t\t\t\t<\/span>\n\t\t\t\t\t\t\t\t\t\t<span class=\"elementor-icon-list-text\">Photo rejuvenation<\/span>\n\t\t\t\t\t\t\t\t\t<\/li>\n\t\t\t\t\t\t\t\t<li class=\"elementor-icon-list-item\">\n\t\t\t\t\t\t\t\t\t\t\t<span class=\"elementor-icon-list-icon\">\n\t\t\t\t\t\t\t<svg xmlns=\"http:\/\/www.w3.org\/2000\/svg\" width=\"30\" height=\"30\" viewbox=\"0 0 30 30\" fill=\"none\"><rect opacity=\"0.1\" width=\"30\" height=\"30\" fill=\"#B3B758\"><\/rect><path d=\"M17 11L10.3352 18L7 14.4971\" stroke=\"#B3B758\" stroke-width=\"2\" stroke-linecap=\"square\"><\/path><path d=\"M22 11L15.3352 18L12 14.4971\" stroke=\"#B3B758\" stroke-width=\"2\" stroke-linecap=\"square\"><\/path><\/svg>\t\t\t\t\t\t<\/span>\n\t\t\t\t\t\t\t\t\t\t<span class=\"elementor-icon-list-text\">Treatment of vascular lesions<\/span>\n\t\t\t\t\t\t\t\t\t<\/li>\n\t\t\t\t\t\t\t\t<li class=\"elementor-icon-list-item\">\n\t\t\t\t\t\t\t\t\t\t\t<span class=\"elementor-icon-list-icon\">\n\t\t\t\t\t\t\t<svg xmlns=\"http:\/\/www.w3.org\/2000\/svg\" width=\"30\" height=\"30\" viewbox=\"0 0 30 30\" fill=\"none\"><rect opacity=\"0.1\" width=\"30\" height=\"30\" fill=\"#B3B758\"><\/rect><path d=\"M17 11L10.3352 18L7 14.4971\" stroke=\"#B3B758\" stroke-width=\"2\" stroke-linecap=\"square\"><\/path><path d=\"M22 11L15.3352 18L12 14.4971\" stroke=\"#B3B758\" stroke-width=\"2\" stroke-linecap=\"square\"><\/path><\/svg>\t\t\t\t\t\t<\/span>\n\t\t\t\t\t\t\t\t\t\t<span class=\"elementor-icon-list-text\">Improvement of skin appearance and tone<\/span>\n\t\t\t\t\t\t\t\t\t<\/li>\n\t\t\t\t\t\t\t\t<li class=\"elementor-icon-list-item\">\n\t\t\t\t\t\t\t\t\t\t\t<span class=\"elementor-icon-list-icon\">\n\t\t\t\t\t\t\t<svg xmlns=\"http:\/\/www.w3.org\/2000\/svg\" width=\"30\" height=\"30\" viewbox=\"0 0 30 30\" fill=\"none\"><rect opacity=\"0.1\" width=\"30\" height=\"30\" fill=\"#B3B758\"><\/rect><path d=\"M17 11L10.3352 18L7 14.4971\" stroke=\"#B3B758\" stroke-width=\"2\" stroke-linecap=\"square\"><\/path><path d=\"M22 11L15.3352 18L12 14.4971\" stroke=\"#B3B758\" stroke-width=\"2\" stroke-linecap=\"square\"><\/path><\/svg>\t\t\t\t\t\t<\/span>\n\t\t\t\t\t\t\t\t\t\t<span class=\"elementor-icon-list-text\">Reduction of deep wrinkles<\/span>\n\t\t\t\t\t\t\t\t\t<\/li>\n\t\t\t\t\t\t<\/ul>\n\t\t\t\t\t\t<\/div>\n\t\t\t\t<\/div>\n\t\t\t\t<div class=\"elementor-element elementor-element-075d0c1 elementor-widget__width-initial elementor-widget-mobile__width-inherit elementor-icon-list--layout-traditional elementor-list-item-link-full_width elementor-widget elementor-widget-icon-list\" data-id=\"075d0c1\" data-element_type=\"widget\" data-widget_type=\"icon-list.default\">\n\t\t\t\t<div class=\"elementor-widget-container\">\n\t\t\t\t\t\t\t<ul class=\"elementor-icon-list-items\">\n\t\t\t\t\t\t\t<li class=\"elementor-icon-list-item\">\n\t\t\t\t\t\t\t\t\t\t\t<span class=\"elementor-icon-list-icon\">\n\t\t\t\t\t\t\t<svg xmlns=\"http:\/\/www.w3.org\/2000\/svg\" width=\"30\" height=\"30\" viewbox=\"0 0 30 30\" fill=\"none\"><rect opacity=\"0.1\" width=\"30\" height=\"30\" fill=\"#B3B758\"><\/rect><path d=\"M17 11L10.3352 18L7 14.4971\" stroke=\"#B3B758\" stroke-width=\"2\" stroke-linecap=\"square\"><\/path><path d=\"M22 11L15.3352 18L12 14.4971\" stroke=\"#B3B758\" stroke-width=\"2\" stroke-linecap=\"square\"><\/path><\/svg>\t\t\t\t\t\t<\/span>\n\t\t\t\t\t\t\t\t\t\t<span class=\"elementor-icon-list-text\">Acne prevention<\/span>\n\t\t\t\t\t\t\t\t\t<\/li>\n\t\t\t\t\t\t\t\t<li class=\"elementor-icon-list-item\">\n\t\t\t\t\t\t\t\t\t\t\t<span class=\"elementor-icon-list-icon\">\n\t\t\t\t\t\t\t<svg xmlns=\"http:\/\/www.w3.org\/2000\/svg\" width=\"30\" height=\"30\" viewbox=\"0 0 30 30\" fill=\"none\"><rect opacity=\"0.1\" width=\"30\" height=\"30\" fill=\"#B3B758\"><\/rect><path d=\"M17 11L10.3352 18L7 14.4971\" stroke=\"#B3B758\" stroke-width=\"2\" stroke-linecap=\"square\"><\/path><path d=\"M22 11L15.3352 18L12 14.4971\" stroke=\"#B3B758\" stroke-width=\"2\" stroke-linecap=\"square\"><\/path><\/svg>\t\t\t\t\t\t<\/span>\n\t\t\t\t\t\t\t\t\t\t<span class=\"elementor-icon-list-text\">Skin ablation and resurfacing<\/span>\n\t\t\t\t\t\t\t\t\t<\/li>\n\t\t\t\t\t\t\t\t<li class=\"elementor-icon-list-item\">\n\t\t\t\t\t\t\t\t\t\t\t<span class=\"elementor-icon-list-icon\">\n\t\t\t\t\t\t\t<svg xmlns=\"http:\/\/www.w3.org\/2000\/svg\" width=\"30\" height=\"30\" viewbox=\"0 0 30 30\" fill=\"none\"><rect opacity=\"0.1\" width=\"30\" height=\"30\" fill=\"#B3B758\"><\/rect><path d=\"M17 11L10.3352 18L7 14.4971\" stroke=\"#B3B758\" stroke-width=\"2\" stroke-linecap=\"square\"><\/path><path d=\"M22 11L15.3352 18L12 14.4971\" stroke=\"#B3B758\" stroke-width=\"2\" stroke-linecap=\"square\"><\/path><\/svg>\t\t\t\t\t\t<\/span>\n\t\t\t\t\t\t\t\t\t\t<span class=\"elementor-icon-list-text\">Skin lifting<\/span>\n\t\t\t\t\t\t\t\t\t<\/li>\n\t\t\t\t\t\t\t\t<li class=\"elementor-icon-list-item\">\n\t\t\t\t\t\t\t\t\t\t\t<span class=\"elementor-icon-list-icon\">\n\t\t\t\t\t\t\t<svg xmlns=\"http:\/\/www.w3.org\/2000\/svg\" width=\"30\" height=\"30\" viewbox=\"0 0 30 30\" fill=\"none\"><rect opacity=\"0.1\" width=\"30\" height=\"30\" fill=\"#B3B758\"><\/rect><path d=\"M17 11L10.3352 18L7 14.4971\" stroke=\"#B3B758\" stroke-width=\"2\" stroke-linecap=\"square\"><\/path><path d=\"M22 11L15.3352 18L12 14.4971\" stroke=\"#B3B758\" stroke-width=\"2\" stroke-linecap=\"square\"><\/path><\/svg>\t\t\t\t\t\t<\/span>\n\t\t\t\t\t\t\t\t\t\t<span class=\"elementor-icon-list-text\">Reduction of subcutaneous fat tissue<\/span>\n\t\t\t\t\t\t\t\t\t<\/li>\n\t\t\t\t\t\t<\/ul>\n\t\t\t\t\t\t<\/div>\n\t\t\t\t<\/div>\n\t\t\t\t<\/div>\n\t\t<div class=\"elementor-element elementor-element-4279f6e5 e-con-full e-flex xts-section-disabled e-con e-child\" data-id=\"4279f6e5\" data-element_type=\"container\">\n\t\t\t\t<div class=\"elementor-element elementor-element-375ae194 elementor-mobile-align-justify elementor-widget elementor-widget-button\" data-id=\"375ae194\" data-element_type=\"widget\" data-widget_type=\"button.default\">\n\t\t\t\t<div class=\"elementor-widget-container\">\n\t\t\t\t\t\t\t\t\t<div class=\"elementor-button-wrapper\">\n\t\t\t\t\t<a class=\"elementor-button elementor-button-link elementor-size-sm\" href=\"#elementor-action%3Aaction%3Dpopup%3Aopen%26settings%3DeyJpZCI6IjQ2IiwidG9nZ2xlIjpmYWxzZX0%3D\">\n\t\t\t\t\t\t<span class=\"elementor-button-content-wrapper\">\n\t\t\t\t\t\t\t\t\t<span class=\"elementor-button-text\">Apply for the procedure<\/span>\n\t\t\t\t\t<\/span>\n\t\t\t\t\t<\/a>\n\t\t\t\t<\/div>\n\t\t\t\t\t\t\t\t<\/div>\n\t\t\t\t<\/div>\n\t\t\t\t<div class=\"elementor-element elementor-element-2b120432 elementor-mobile-align-justify elementor-widget elementor-widget-button\" data-id=\"2b120432\" data-element_type=\"widget\" data-widget_type=\"button.default\">\n\t\t\t\t<div class=\"elementor-widget-container\">\n\t\t\t\t\t\t\t\t\t<div class=\"elementor-button-wrapper\">\n\t\t\t\t\t<a class=\"elementor-button elementor-button-link elementor-size-sm\" href=\"https:\/\/vividerm.lv\/en\/services\/rf-liftings\/\">\n\t\t\t\t\t\t<span class=\"elementor-button-content-wrapper\">\n\t\t\t\t\t\t\t\t\t<span class=\"elementor-button-text\">Learn more<\/span>\n\t\t\t\t\t<\/span>\n\t\t\t\t\t<\/a>\n\t\t\t\t<\/div>\n\t\t\t\t\t\t\t\t<\/div>\n\t\t\t\t<\/div>\n\t\t\t\t<\/div>\n\t\t\t\t<\/div>\n\t\t\t\t<\/div>\n\t\t\t\t<\/div>","protected":false},"excerpt":{"rendered":"<p>Venus Concept ir pasaules l\u012bderis est\u0113tisk\u0101s medic\u012bnas un kosmetolo\u0123ijas jom\u0101 kop\u0161 2009. gada. Pirms komp\u0101nijas ofici\u0101l\u0101s re\u0123istr\u0101cijas bija vair\u0101k nek\u0101 15 gadus ilgs t\u0101s dibin\u0101t\u0101ju darbs est\u0113tisk\u0101s medic\u012bnas jom\u0101. Venus Versa &#8211; daudzfunkcion\u0101la platforma vispiepras\u012bt\u0101kaj\u0101m est\u0113tiskaj\u0101m proced\u016br\u0101m. Apar\u0101ts apvieno tr\u012bs unik\u0101las tehnolo\u0123ijas: Intens\u012bvu impulsu gaismu (IPL) ar SmartPulse\u2122 funkciju Nanofrakciju radiofrekven\u010du starojumu kop\u0101 ar SmartScan\u2122 [&hellip;]<\/p>\n","protected":false},"author":1,"featured_media":1556,"parent":613,"menu_order":0,"comment_status":"closed","ping_status":"closed","template":"","meta":{"_acf_changed":false,"footnotes":""},"class_list":["post-1555","page","type-page","status-publish","has-post-thumbnail","hentry"],"acf":[],"yoast_head":"<!-- This site is optimized with the Yoast SEO plugin v27.4 - https:\/\/yoast.com\/product\/yoast-seo-wordpress\/ -->\n<title>Venus Versa - VIVIDERM<\/title>\n<meta name=\"robots\" content=\"index, follow, max-snippet:-1, max-image-preview:large, max-video-preview:-1\" \/>\n<link rel=\"canonical\" href=\"https:\/\/vividerm.lv\/en\/ierices\/venus-versa\/\" \/>\n<meta property=\"og:locale\" content=\"en_US\" \/>\n<meta property=\"og:type\" content=\"article\" \/>\n<meta property=\"og:title\" content=\"Venus Versa - VIVIDERM\" \/>\n<meta property=\"og:description\" content=\"Venus Concept ir pasaules l\u012bderis est\u0113tisk\u0101s medic\u012bnas un kosmetolo\u0123ijas jom\u0101 kop\u0161 2009. gada. Pirms komp\u0101nijas ofici\u0101l\u0101s re\u0123istr\u0101cijas bija vair\u0101k nek\u0101 15 gadus ilgs t\u0101s dibin\u0101t\u0101ju darbs est\u0113tisk\u0101s medic\u012bnas jom\u0101. Venus Versa &#8211; daudzfunkcion\u0101la platforma vispiepras\u012bt\u0101kaj\u0101m est\u0113tiskaj\u0101m proced\u016br\u0101m. Apar\u0101ts apvieno tr\u012bs unik\u0101las tehnolo\u0123ijas: Intens\u012bvu impulsu gaismu (IPL) ar SmartPulse\u2122 funkciju Nanofrakciju radiofrekven\u010du starojumu kop\u0101 ar SmartScan\u2122 [&hellip;]\" \/>\n<meta property=\"og:url\" content=\"https:\/\/vividerm.lv\/en\/ierices\/venus-versa\/\" \/>\n<meta property=\"og:site_name\" content=\"VIVIDERM\" \/>\n<meta property=\"article:publisher\" content=\"https:\/\/www.facebook.com\/vividerm.lv\" \/>\n<meta property=\"article:modified_time\" content=\"2024-07-12T13:59:39+00:00\" \/>\n<meta property=\"og:image\" content=\"https:\/\/vividerm.lv\/wp-content\/uploads\/2024\/07\/venus-versa-lazerepilacija.webp\" \/>\n\t<meta property=\"og:image:width\" content=\"1735\" \/>\n\t<meta property=\"og:image:height\" content=\"1943\" \/>\n\t<meta property=\"og:image:type\" content=\"image\/webp\" \/>\n<meta name=\"twitter:card\" content=\"summary_large_image\" \/>\n<meta name=\"twitter:label1\" content=\"Est. reading time\" \/>\n\t<meta name=\"twitter:data1\" content=\"1 minute\" \/>\n<script type=\"application\/ld+json\" class=\"yoast-schema-graph\">{\"@context\":\"https:\\\/\\\/schema.org\",\"@graph\":[{\"@type\":\"WebPage\",\"@id\":\"https:\\\/\\\/vividerm.lv\\\/ierices\\\/venus-versa\\\/\",\"url\":\"https:\\\/\\\/vividerm.lv\\\/ierices\\\/venus-versa\\\/\",\"name\":\"Venus Versa - VIVIDERM\",\"isPartOf\":{\"@id\":\"https:\\\/\\\/vividerm.lv\\\/#website\"},\"primaryImageOfPage\":{\"@id\":\"https:\\\/\\\/vividerm.lv\\\/ierices\\\/venus-versa\\\/#primaryimage\"},\"image\":{\"@id\":\"https:\\\/\\\/vividerm.lv\\\/ierices\\\/venus-versa\\\/#primaryimage\"},\"thumbnailUrl\":\"https:\\\/\\\/vividerm.lv\\\/wp-content\\\/uploads\\\/2024\\\/07\\\/venus-versa-lazerepilacija.webp\",\"datePublished\":\"2024-07-12T13:55:06+00:00\",\"dateModified\":\"2024-07-12T13:59:39+00:00\",\"breadcrumb\":{\"@id\":\"https:\\\/\\\/vividerm.lv\\\/ierices\\\/venus-versa\\\/#breadcrumb\"},\"inLanguage\":\"en-US\",\"potentialAction\":[{\"@type\":\"ReadAction\",\"target\":[\"https:\\\/\\\/vividerm.lv\\\/ierices\\\/venus-versa\\\/\"]}]},{\"@type\":\"ImageObject\",\"inLanguage\":\"en-US\",\"@id\":\"https:\\\/\\\/vividerm.lv\\\/ierices\\\/venus-versa\\\/#primaryimage\",\"url\":\"https:\\\/\\\/vividerm.lv\\\/wp-content\\\/uploads\\\/2024\\\/07\\\/venus-versa-lazerepilacija.webp\",\"contentUrl\":\"https:\\\/\\\/vividerm.lv\\\/wp-content\\\/uploads\\\/2024\\\/07\\\/venus-versa-lazerepilacija.webp\",\"width\":1735,\"height\":1943},{\"@type\":\"BreadcrumbList\",\"@id\":\"https:\\\/\\\/vividerm.lv\\\/ierices\\\/venus-versa\\\/#breadcrumb\",\"itemListElement\":[{\"@type\":\"ListItem\",\"position\":1,\"name\":\"Galven\u0101\",\"item\":\"https:\\\/\\\/vividerm.lv\\\/\"},{\"@type\":\"ListItem\",\"position\":2,\"name\":\"Ier\u012bces\",\"item\":\"https:\\\/\\\/vividerm.lv\\\/ierices\\\/\"},{\"@type\":\"ListItem\",\"position\":3,\"name\":\"Venus Versa\"}]},{\"@type\":\"WebSite\",\"@id\":\"https:\\\/\\\/vividerm.lv\\\/#website\",\"url\":\"https:\\\/\\\/vividerm.lv\\\/\",\"name\":\"VIVIDERM\",\"description\":\"\",\"publisher\":{\"@id\":\"https:\\\/\\\/vividerm.lv\\\/#organization\"},\"potentialAction\":[{\"@type\":\"SearchAction\",\"target\":{\"@type\":\"EntryPoint\",\"urlTemplate\":\"https:\\\/\\\/vividerm.lv\\\/?s={search_term_string}\"},\"query-input\":{\"@type\":\"PropertyValueSpecification\",\"valueRequired\":true,\"valueName\":\"search_term_string\"}}],\"inLanguage\":\"en-US\"},{\"@type\":\"Organization\",\"@id\":\"https:\\\/\\\/vividerm.lv\\\/#organization\",\"name\":\"VIVIDERM\",\"url\":\"https:\\\/\\\/vividerm.lv\\\/\",\"logo\":{\"@type\":\"ImageObject\",\"inLanguage\":\"en-US\",\"@id\":\"https:\\\/\\\/vividerm.lv\\\/#\\\/schema\\\/logo\\\/image\\\/\",\"url\":\"https:\\\/\\\/vividerm.lv\\\/wp-content\\\/uploads\\\/2025\\\/10\\\/VIVIDERM-Logo-White.png\",\"contentUrl\":\"https:\\\/\\\/vividerm.lv\\\/wp-content\\\/uploads\\\/2025\\\/10\\\/VIVIDERM-Logo-White.png\",\"width\":512,\"height\":512,\"caption\":\"VIVIDERM\"},\"image\":{\"@id\":\"https:\\\/\\\/vividerm.lv\\\/#\\\/schema\\\/logo\\\/image\\\/\"},\"sameAs\":[\"https:\\\/\\\/www.facebook.com\\\/vividerm.lv\",\"https:\\\/\\\/www.instagram.com\\\/vividerm_lv\\\/\"]}]}<\/script>\n<!-- \/ Yoast SEO plugin. -->","yoast_head_json":{"title":"Venus Versa - VIVIDERM","robots":{"index":"index","follow":"follow","max-snippet":"max-snippet:-1","max-image-preview":"max-image-preview:large","max-video-preview":"max-video-preview:-1"},"canonical":"https:\/\/vividerm.lv\/en\/ierices\/venus-versa\/","og_locale":"en_US","og_type":"article","og_title":"Venus Versa - VIVIDERM","og_description":"Venus Concept ir pasaules l\u012bderis est\u0113tisk\u0101s medic\u012bnas un kosmetolo\u0123ijas jom\u0101 kop\u0161 2009. gada. Pirms komp\u0101nijas ofici\u0101l\u0101s re\u0123istr\u0101cijas bija vair\u0101k nek\u0101 15 gadus ilgs t\u0101s dibin\u0101t\u0101ju darbs est\u0113tisk\u0101s medic\u012bnas jom\u0101. Venus Versa &#8211; daudzfunkcion\u0101la platforma vispiepras\u012bt\u0101kaj\u0101m est\u0113tiskaj\u0101m proced\u016br\u0101m. Apar\u0101ts apvieno tr\u012bs unik\u0101las tehnolo\u0123ijas: Intens\u012bvu impulsu gaismu (IPL) ar SmartPulse\u2122 funkciju Nanofrakciju radiofrekven\u010du starojumu kop\u0101 ar SmartScan\u2122 [&hellip;]","og_url":"https:\/\/vividerm.lv\/en\/ierices\/venus-versa\/","og_site_name":"VIVIDERM","article_publisher":"https:\/\/www.facebook.com\/vividerm.lv","article_modified_time":"2024-07-12T13:59:39+00:00","og_image":[{"width":1735,"height":1943,"url":"https:\/\/vividerm.lv\/wp-content\/uploads\/2024\/07\/venus-versa-lazerepilacija.webp","type":"image\/webp"}],"twitter_card":"summary_large_image","twitter_misc":{"Est. reading time":"1 minute"},"schema":{"@context":"https:\/\/schema.org","@graph":[{"@type":"WebPage","@id":"https:\/\/vividerm.lv\/ierices\/venus-versa\/","url":"https:\/\/vividerm.lv\/ierices\/venus-versa\/","name":"Venus Versa - VIVIDERM","isPartOf":{"@id":"https:\/\/vividerm.lv\/#website"},"primaryImageOfPage":{"@id":"https:\/\/vividerm.lv\/ierices\/venus-versa\/#primaryimage"},"image":{"@id":"https:\/\/vividerm.lv\/ierices\/venus-versa\/#primaryimage"},"thumbnailUrl":"https:\/\/vividerm.lv\/wp-content\/uploads\/2024\/07\/venus-versa-lazerepilacija.webp","datePublished":"2024-07-12T13:55:06+00:00","dateModified":"2024-07-12T13:59:39+00:00","breadcrumb":{"@id":"https:\/\/vividerm.lv\/ierices\/venus-versa\/#breadcrumb"},"inLanguage":"en-US","potentialAction":[{"@type":"ReadAction","target":["https:\/\/vividerm.lv\/ierices\/venus-versa\/"]}]},{"@type":"ImageObject","inLanguage":"en-US","@id":"https:\/\/vividerm.lv\/ierices\/venus-versa\/#primaryimage","url":"https:\/\/vividerm.lv\/wp-content\/uploads\/2024\/07\/venus-versa-lazerepilacija.webp","contentUrl":"https:\/\/vividerm.lv\/wp-content\/uploads\/2024\/07\/venus-versa-lazerepilacija.webp","width":1735,"height":1943},{"@type":"BreadcrumbList","@id":"https:\/\/vividerm.lv\/ierices\/venus-versa\/#breadcrumb","itemListElement":[{"@type":"ListItem","position":1,"name":"Galven\u0101","item":"https:\/\/vividerm.lv\/"},{"@type":"ListItem","position":2,"name":"Ier\u012bces","item":"https:\/\/vividerm.lv\/ierices\/"},{"@type":"ListItem","position":3,"name":"Venus Versa"}]},{"@type":"WebSite","@id":"https:\/\/vividerm.lv\/#website","url":"https:\/\/vividerm.lv\/","name":"VIVIDERM","description":"","publisher":{"@id":"https:\/\/vividerm.lv\/#organization"},"potentialAction":[{"@type":"SearchAction","target":{"@type":"EntryPoint","urlTemplate":"https:\/\/vividerm.lv\/?s={search_term_string}"},"query-input":{"@type":"PropertyValueSpecification","valueRequired":true,"valueName":"search_term_string"}}],"inLanguage":"en-US"},{"@type":"Organization","@id":"https:\/\/vividerm.lv\/#organization","name":"VIVIDERM","url":"https:\/\/vividerm.lv\/","logo":{"@type":"ImageObject","inLanguage":"en-US","@id":"https:\/\/vividerm.lv\/#\/schema\/logo\/image\/","url":"https:\/\/vividerm.lv\/wp-content\/uploads\/2025\/10\/VIVIDERM-Logo-White.png","contentUrl":"https:\/\/vividerm.lv\/wp-content\/uploads\/2025\/10\/VIVIDERM-Logo-White.png","width":512,"height":512,"caption":"VIVIDERM"},"image":{"@id":"https:\/\/vividerm.lv\/#\/schema\/logo\/image\/"},"sameAs":["https:\/\/www.facebook.com\/vividerm.lv","https:\/\/www.instagram.com\/vividerm_lv\/"]}]}},"_links":{"self":[{"href":"https:\/\/vividerm.lv\/en\/wp-json\/wp\/v2\/pages\/1555","targetHints":{"allow":["GET"]}}],"collection":[{"href":"https:\/\/vividerm.lv\/en\/wp-json\/wp\/v2\/pages"}],"about":[{"href":"https:\/\/vividerm.lv\/en\/wp-json\/wp\/v2\/types\/page"}],"author":[{"embeddable":true,"href":"https:\/\/vividerm.lv\/en\/wp-json\/wp\/v2\/users\/1"}],"replies":[{"embeddable":true,"href":"https:\/\/vividerm.lv\/en\/wp-json\/wp\/v2\/comments?post=1555"}],"version-history":[{"count":0,"href":"https:\/\/vividerm.lv\/en\/wp-json\/wp\/v2\/pages\/1555\/revisions"}],"up":[{"embeddable":true,"href":"https:\/\/vividerm.lv\/en\/wp-json\/wp\/v2\/pages\/613"}],"wp:featuredmedia":[{"embeddable":true,"href":"https:\/\/vividerm.lv\/en\/wp-json\/wp\/v2\/media\/1556"}],"wp:attachment":[{"href":"https:\/\/vividerm.lv\/en\/wp-json\/wp\/v2\/media?parent=1555"}],"curies":[{"name":"wp","href":"https:\/\/api.w.org\/{rel}","templated":true}]}}