{"id":1570,"date":"2024-07-12T17:03:47","date_gmt":"2024-07-12T14:03:47","guid":{"rendered":"https:\/\/vividerm.lv\/?page_id=1570"},"modified":"2024-07-12T17:04:57","modified_gmt":"2024-07-12T14:04:57","slug":"limfodrenazas-masaza-cerri-presso","status":"publish","type":"page","link":"https:\/\/vividerm.lv\/en\/ierices\/limfodrenazas-masaza-cerri-presso\/","title":{"rendered":"Lymphatic Drainage Massage Cerri Presso"},"content":{"rendered":"<div data-elementor-type=\"wp-page\" data-elementor-id=\"1570\" class=\"elementor elementor-1570\" data-elementor-post-type=\"page\">\n\t\t\t\t<div class=\"elementor-element elementor-element-7fbc3125 xts-section-stretch e-con-full e-flex e-con e-parent\" data-id=\"7fbc3125\" data-element_type=\"container\" data-settings=\"{&quot;background_background&quot;:&quot;classic&quot;}\">\n\t\t<div class=\"elementor-element elementor-element-353642af e-con-full e-flex xts-section-disabled e-con e-child\" data-id=\"353642af\" data-element_type=\"container\">\n\t\t\t\t<div class=\"elementor-element elementor-element-308a80c8 elementor-widget elementor-widget-image\" data-id=\"308a80c8\" data-element_type=\"widget\" data-widget_type=\"image.default\">\n\t\t\t\t<div class=\"elementor-widget-container\">\n\t\t\t\t\t\t\t\t\t\t\t\t\t\t\t<img fetchpriority=\"high\" decoding=\"async\" width=\"431\" height=\"431\" src=\"https:\/\/vividerm.lv\/wp-content\/uploads\/2024\/07\/frame-2-min.webp\" class=\"attachment-full size-full wp-image-1571\" alt=\"\" srcset=\"https:\/\/vividerm.lv\/wp-content\/uploads\/2024\/07\/frame-2-min.webp 431w, https:\/\/vividerm.lv\/wp-content\/uploads\/2024\/07\/frame-2-min-300x300.webp 300w, https:\/\/vividerm.lv\/wp-content\/uploads\/2024\/07\/frame-2-min-150x150.webp 150w\" sizes=\"(max-width: 431px) 100vw, 431px\" \/>\t\t\t\t\t\t\t\t\t\t\t\t\t\t\t<\/div>\n\t\t\t\t<\/div>\n\t\t\t\t<\/div>\n\t\t<div class=\"elementor-element elementor-element-1fbbcfed e-con-full e-flex xts-section-disabled e-con e-child\" data-id=\"1fbbcfed\" data-element_type=\"container\">\n\t\t\t\t<div class=\"elementor-element elementor-element-14bc2979 xts-scheme-inherit xts-textalign-inherit elementor-widget elementor-widget-text-editor\" data-id=\"14bc2979\" data-element_type=\"widget\" data-widget_type=\"text-editor.default\">\n\t\t\t\t<div class=\"elementor-widget-container\">\n\t\t\t\t\t\t\t\t\t<p class=\"translation-block\">Pressotherapy is a device-assisted lymphatic drainage massage that normalizes the function of the body's lymphatic system. The massage is performed with the help of a special suit, which delivers compressed air at low and high pressures to different sections. This mechanical air pressure normalizes lymph flow in the body. As a result, excess fat accumulation decreases, body heaviness disappears, and swelling reduces.<\/p><p class=\"translation-block\">The principle of pressotherapy action:  <br>\nDue to the decrease in atmospheric pressure, the cuffs cause the expansion of blood vessels, thereby increasing and improving blood flow in the subcutaneous tissues. This method removes excess fluid and helps restore the body's water balance. By improving venous blood circulation, pressotherapy helps activate metabolic processes in fat and skin cells. Pressotherapy aids in the elimination of harmful substances from the body through the lymphatic system. Additionally, it normalizes the function of the lymphatic system and the circulation of interstitial fluid, as well as improves skin firmness. Pressotherapy effectively combats cellulite and obesity.<\/p>\t\t\t\t\t\t\t\t<\/div>\n\t\t\t\t<\/div>\n\t\t<div class=\"elementor-element elementor-element-63e9b45f e-con-full e-flex xts-section-disabled e-con e-child\" data-id=\"63e9b45f\" data-element_type=\"container\">\n\t\t\t\t<div class=\"elementor-element elementor-element-ed7ed2c elementor-mobile-align-justify elementor-widget elementor-widget-button\" data-id=\"ed7ed2c\" data-element_type=\"widget\" data-widget_type=\"button.default\">\n\t\t\t\t<div class=\"elementor-widget-container\">\n\t\t\t\t\t\t\t\t\t<div class=\"elementor-button-wrapper\">\n\t\t\t\t\t<a class=\"elementor-button elementor-button-link elementor-size-sm\" href=\"#elementor-action%3Aaction%3Dpopup%3Aopen%26settings%3DeyJpZCI6IjQ2IiwidG9nZ2xlIjpmYWxzZX0%3D\">\n\t\t\t\t\t\t<span class=\"elementor-button-content-wrapper\">\n\t\t\t\t\t\t\t\t\t<span class=\"elementor-button-text\">Apply for the procedure<\/span>\n\t\t\t\t\t<\/span>\n\t\t\t\t\t<\/a>\n\t\t\t\t<\/div>\n\t\t\t\t\t\t\t\t<\/div>\n\t\t\t\t<\/div>\n\t\t\t\t<div class=\"elementor-element elementor-element-732e4ee2 elementor-mobile-align-justify elementor-widget elementor-widget-button\" data-id=\"732e4ee2\" data-element_type=\"widget\" data-widget_type=\"button.default\">\n\t\t\t\t<div class=\"elementor-widget-container\">\n\t\t\t\t\t\t\t\t\t<div class=\"elementor-button-wrapper\">\n\t\t\t\t\t<a class=\"elementor-button elementor-button-link elementor-size-sm\" href=\"https:\/\/vividerm.lv\/en\/services\/limfodrenazas-masaza\/\">\n\t\t\t\t\t\t<span class=\"elementor-button-content-wrapper\">\n\t\t\t\t\t\t\t\t\t<span class=\"elementor-button-text\">Learn more<\/span>\n\t\t\t\t\t<\/span>\n\t\t\t\t\t<\/a>\n\t\t\t\t<\/div>\n\t\t\t\t\t\t\t\t<\/div>\n\t\t\t\t<\/div>\n\t\t\t\t<\/div>\n\t\t\t\t<\/div>\n\t\t\t\t<\/div>\n\t\t\t\t<\/div>","protected":false},"excerpt":{"rendered":"<p>Presoterapija\u00a0ir apar\u0101ta limfodren\u0101\u017eas mas\u0101\u017ea, kas normaliz\u0113 organisma limf\u0101tisk\u0101s sist\u0113mas darb\u012bbu. Mas\u0101\u017ea tiek veikta ar speci\u0101la kost\u012bma pal\u012bdz\u012bbu, kura noda\u013c\u0101s tiek pieg\u0101d\u0101ts saspiests gaiss ar zemu un augstu spiedienu. \u0160is meh\u0101niskais gaisa spiediens uz \u0137ermeni normaliz\u0113 limfas kust\u012bbu. T\u0101 rezult\u0101t\u0101 samazin\u0101s lieko tauku uzkr\u0101\u0161an\u0101s apjoms, paz\u016bd smagums \u0137ermen\u012b un samazin\u0101s piet\u016bkums. Presoterapijas iedarb\u012bbas princips:Sakar\u0101 ar atmosf\u0113ras [&hellip;]<\/p>\n","protected":false},"author":1,"featured_media":1571,"parent":613,"menu_order":0,"comment_status":"closed","ping_status":"closed","template":"","meta":{"_acf_changed":false,"footnotes":""},"class_list":["post-1570","page","type-page","status-publish","has-post-thumbnail","hentry"],"acf":[],"yoast_head":"<!-- This site is optimized with the Yoast SEO plugin v27.3 - https:\/\/yoast.com\/product\/yoast-seo-wordpress\/ -->\n<title>Limfodren\u0101\u017eas Mas\u0101\u017ea Cerri Presso - VIVIDERM<\/title>\n<meta name=\"robots\" content=\"index, follow, max-snippet:-1, max-image-preview:large, max-video-preview:-1\" \/>\n<link rel=\"canonical\" href=\"https:\/\/vividerm.lv\/en\/ierices\/limfodrenazas-masaza-cerri-presso\/\" \/>\n<meta property=\"og:locale\" content=\"en_US\" \/>\n<meta property=\"og:type\" content=\"article\" \/>\n<meta property=\"og:title\" content=\"Limfodren\u0101\u017eas Mas\u0101\u017ea Cerri Presso - VIVIDERM\" \/>\n<meta property=\"og:description\" content=\"Presoterapija\u00a0ir apar\u0101ta limfodren\u0101\u017eas mas\u0101\u017ea, kas normaliz\u0113 organisma limf\u0101tisk\u0101s sist\u0113mas darb\u012bbu. Mas\u0101\u017ea tiek veikta ar speci\u0101la kost\u012bma pal\u012bdz\u012bbu, kura noda\u013c\u0101s tiek pieg\u0101d\u0101ts saspiests gaiss ar zemu un augstu spiedienu. \u0160is meh\u0101niskais gaisa spiediens uz \u0137ermeni normaliz\u0113 limfas kust\u012bbu. T\u0101 rezult\u0101t\u0101 samazin\u0101s lieko tauku uzkr\u0101\u0161an\u0101s apjoms, paz\u016bd smagums \u0137ermen\u012b un samazin\u0101s piet\u016bkums. Presoterapijas iedarb\u012bbas princips:Sakar\u0101 ar atmosf\u0113ras [&hellip;]\" \/>\n<meta property=\"og:url\" content=\"https:\/\/vividerm.lv\/en\/ierices\/limfodrenazas-masaza-cerri-presso\/\" \/>\n<meta property=\"og:site_name\" content=\"VIVIDERM\" \/>\n<meta property=\"article:publisher\" content=\"https:\/\/www.facebook.com\/vividerm.lv\" \/>\n<meta property=\"article:modified_time\" content=\"2024-07-12T14:04:57+00:00\" \/>\n<meta property=\"og:image\" content=\"https:\/\/vividerm.lv\/wp-content\/uploads\/2024\/07\/frame-2-min.webp\" \/>\n\t<meta property=\"og:image:width\" content=\"431\" \/>\n\t<meta property=\"og:image:height\" content=\"431\" \/>\n\t<meta property=\"og:image:type\" content=\"image\/webp\" \/>\n<meta name=\"twitter:card\" content=\"summary_large_image\" \/>\n<meta name=\"twitter:label1\" content=\"Est. reading time\" \/>\n\t<meta name=\"twitter:data1\" content=\"1 minute\" \/>\n<script type=\"application\/ld+json\" class=\"yoast-schema-graph\">{\"@context\":\"https:\\\/\\\/schema.org\",\"@graph\":[{\"@type\":\"WebPage\",\"@id\":\"https:\\\/\\\/vividerm.lv\\\/ierices\\\/limfodrenazas-masaza-cerri-presso\\\/\",\"url\":\"https:\\\/\\\/vividerm.lv\\\/ierices\\\/limfodrenazas-masaza-cerri-presso\\\/\",\"name\":\"Limfodren\u0101\u017eas Mas\u0101\u017ea Cerri Presso - VIVIDERM\",\"isPartOf\":{\"@id\":\"https:\\\/\\\/vividerm.lv\\\/#website\"},\"primaryImageOfPage\":{\"@id\":\"https:\\\/\\\/vividerm.lv\\\/ierices\\\/limfodrenazas-masaza-cerri-presso\\\/#primaryimage\"},\"image\":{\"@id\":\"https:\\\/\\\/vividerm.lv\\\/ierices\\\/limfodrenazas-masaza-cerri-presso\\\/#primaryimage\"},\"thumbnailUrl\":\"https:\\\/\\\/vividerm.lv\\\/wp-content\\\/uploads\\\/2024\\\/07\\\/frame-2-min.webp\",\"datePublished\":\"2024-07-12T14:03:47+00:00\",\"dateModified\":\"2024-07-12T14:04:57+00:00\",\"breadcrumb\":{\"@id\":\"https:\\\/\\\/vividerm.lv\\\/ierices\\\/limfodrenazas-masaza-cerri-presso\\\/#breadcrumb\"},\"inLanguage\":\"en-US\",\"potentialAction\":[{\"@type\":\"ReadAction\",\"target\":[\"https:\\\/\\\/vividerm.lv\\\/ierices\\\/limfodrenazas-masaza-cerri-presso\\\/\"]}]},{\"@type\":\"ImageObject\",\"inLanguage\":\"en-US\",\"@id\":\"https:\\\/\\\/vividerm.lv\\\/ierices\\\/limfodrenazas-masaza-cerri-presso\\\/#primaryimage\",\"url\":\"https:\\\/\\\/vividerm.lv\\\/wp-content\\\/uploads\\\/2024\\\/07\\\/frame-2-min.webp\",\"contentUrl\":\"https:\\\/\\\/vividerm.lv\\\/wp-content\\\/uploads\\\/2024\\\/07\\\/frame-2-min.webp\",\"width\":431,\"height\":431},{\"@type\":\"BreadcrumbList\",\"@id\":\"https:\\\/\\\/vividerm.lv\\\/ierices\\\/limfodrenazas-masaza-cerri-presso\\\/#breadcrumb\",\"itemListElement\":[{\"@type\":\"ListItem\",\"position\":1,\"name\":\"Galven\u0101\",\"item\":\"https:\\\/\\\/vividerm.lv\\\/\"},{\"@type\":\"ListItem\",\"position\":2,\"name\":\"Ier\u012bces\",\"item\":\"https:\\\/\\\/vividerm.lv\\\/ierices\\\/\"},{\"@type\":\"ListItem\",\"position\":3,\"name\":\"Limfodren\u0101\u017eas Mas\u0101\u017ea Cerri Presso\"}]},{\"@type\":\"WebSite\",\"@id\":\"https:\\\/\\\/vividerm.lv\\\/#website\",\"url\":\"https:\\\/\\\/vividerm.lv\\\/\",\"name\":\"VIVIDERM\",\"description\":\"\",\"publisher\":{\"@id\":\"https:\\\/\\\/vividerm.lv\\\/#organization\"},\"potentialAction\":[{\"@type\":\"SearchAction\",\"target\":{\"@type\":\"EntryPoint\",\"urlTemplate\":\"https:\\\/\\\/vividerm.lv\\\/?s={search_term_string}\"},\"query-input\":{\"@type\":\"PropertyValueSpecification\",\"valueRequired\":true,\"valueName\":\"search_term_string\"}}],\"inLanguage\":\"en-US\"},{\"@type\":\"Organization\",\"@id\":\"https:\\\/\\\/vividerm.lv\\\/#organization\",\"name\":\"VIVIDERM\",\"url\":\"https:\\\/\\\/vividerm.lv\\\/\",\"logo\":{\"@type\":\"ImageObject\",\"inLanguage\":\"en-US\",\"@id\":\"https:\\\/\\\/vividerm.lv\\\/#\\\/schema\\\/logo\\\/image\\\/\",\"url\":\"https:\\\/\\\/vividerm.lv\\\/wp-content\\\/uploads\\\/2025\\\/10\\\/VIVIDERM-Logo-White.png\",\"contentUrl\":\"https:\\\/\\\/vividerm.lv\\\/wp-content\\\/uploads\\\/2025\\\/10\\\/VIVIDERM-Logo-White.png\",\"width\":512,\"height\":512,\"caption\":\"VIVIDERM\"},\"image\":{\"@id\":\"https:\\\/\\\/vividerm.lv\\\/#\\\/schema\\\/logo\\\/image\\\/\"},\"sameAs\":[\"https:\\\/\\\/www.facebook.com\\\/vividerm.lv\",\"https:\\\/\\\/www.instagram.com\\\/vividerm_lv\\\/\"]}]}<\/script>\n<!-- \/ Yoast SEO plugin. -->","yoast_head_json":{"title":"Limfodren\u0101\u017eas Mas\u0101\u017ea Cerri Presso - VIVIDERM","robots":{"index":"index","follow":"follow","max-snippet":"max-snippet:-1","max-image-preview":"max-image-preview:large","max-video-preview":"max-video-preview:-1"},"canonical":"https:\/\/vividerm.lv\/en\/ierices\/limfodrenazas-masaza-cerri-presso\/","og_locale":"en_US","og_type":"article","og_title":"Limfodren\u0101\u017eas Mas\u0101\u017ea Cerri Presso - VIVIDERM","og_description":"Presoterapija\u00a0ir apar\u0101ta limfodren\u0101\u017eas mas\u0101\u017ea, kas normaliz\u0113 organisma limf\u0101tisk\u0101s sist\u0113mas darb\u012bbu. Mas\u0101\u017ea tiek veikta ar speci\u0101la kost\u012bma pal\u012bdz\u012bbu, kura noda\u013c\u0101s tiek pieg\u0101d\u0101ts saspiests gaiss ar zemu un augstu spiedienu. \u0160is meh\u0101niskais gaisa spiediens uz \u0137ermeni normaliz\u0113 limfas kust\u012bbu. T\u0101 rezult\u0101t\u0101 samazin\u0101s lieko tauku uzkr\u0101\u0161an\u0101s apjoms, paz\u016bd smagums \u0137ermen\u012b un samazin\u0101s piet\u016bkums. Presoterapijas iedarb\u012bbas princips:Sakar\u0101 ar atmosf\u0113ras [&hellip;]","og_url":"https:\/\/vividerm.lv\/en\/ierices\/limfodrenazas-masaza-cerri-presso\/","og_site_name":"VIVIDERM","article_publisher":"https:\/\/www.facebook.com\/vividerm.lv","article_modified_time":"2024-07-12T14:04:57+00:00","og_image":[{"width":431,"height":431,"url":"https:\/\/vividerm.lv\/wp-content\/uploads\/2024\/07\/frame-2-min.webp","type":"image\/webp"}],"twitter_card":"summary_large_image","twitter_misc":{"Est. reading time":"1 minute"},"schema":{"@context":"https:\/\/schema.org","@graph":[{"@type":"WebPage","@id":"https:\/\/vividerm.lv\/ierices\/limfodrenazas-masaza-cerri-presso\/","url":"https:\/\/vividerm.lv\/ierices\/limfodrenazas-masaza-cerri-presso\/","name":"Limfodren\u0101\u017eas Mas\u0101\u017ea Cerri Presso - VIVIDERM","isPartOf":{"@id":"https:\/\/vividerm.lv\/#website"},"primaryImageOfPage":{"@id":"https:\/\/vividerm.lv\/ierices\/limfodrenazas-masaza-cerri-presso\/#primaryimage"},"image":{"@id":"https:\/\/vividerm.lv\/ierices\/limfodrenazas-masaza-cerri-presso\/#primaryimage"},"thumbnailUrl":"https:\/\/vividerm.lv\/wp-content\/uploads\/2024\/07\/frame-2-min.webp","datePublished":"2024-07-12T14:03:47+00:00","dateModified":"2024-07-12T14:04:57+00:00","breadcrumb":{"@id":"https:\/\/vividerm.lv\/ierices\/limfodrenazas-masaza-cerri-presso\/#breadcrumb"},"inLanguage":"en-US","potentialAction":[{"@type":"ReadAction","target":["https:\/\/vividerm.lv\/ierices\/limfodrenazas-masaza-cerri-presso\/"]}]},{"@type":"ImageObject","inLanguage":"en-US","@id":"https:\/\/vividerm.lv\/ierices\/limfodrenazas-masaza-cerri-presso\/#primaryimage","url":"https:\/\/vividerm.lv\/wp-content\/uploads\/2024\/07\/frame-2-min.webp","contentUrl":"https:\/\/vividerm.lv\/wp-content\/uploads\/2024\/07\/frame-2-min.webp","width":431,"height":431},{"@type":"BreadcrumbList","@id":"https:\/\/vividerm.lv\/ierices\/limfodrenazas-masaza-cerri-presso\/#breadcrumb","itemListElement":[{"@type":"ListItem","position":1,"name":"Galven\u0101","item":"https:\/\/vividerm.lv\/"},{"@type":"ListItem","position":2,"name":"Ier\u012bces","item":"https:\/\/vividerm.lv\/ierices\/"},{"@type":"ListItem","position":3,"name":"Limfodren\u0101\u017eas Mas\u0101\u017ea Cerri Presso"}]},{"@type":"WebSite","@id":"https:\/\/vividerm.lv\/#website","url":"https:\/\/vividerm.lv\/","name":"VIVIDERM","description":"","publisher":{"@id":"https:\/\/vividerm.lv\/#organization"},"potentialAction":[{"@type":"SearchAction","target":{"@type":"EntryPoint","urlTemplate":"https:\/\/vividerm.lv\/?s={search_term_string}"},"query-input":{"@type":"PropertyValueSpecification","valueRequired":true,"valueName":"search_term_string"}}],"inLanguage":"en-US"},{"@type":"Organization","@id":"https:\/\/vividerm.lv\/#organization","name":"VIVIDERM","url":"https:\/\/vividerm.lv\/","logo":{"@type":"ImageObject","inLanguage":"en-US","@id":"https:\/\/vividerm.lv\/#\/schema\/logo\/image\/","url":"https:\/\/vividerm.lv\/wp-content\/uploads\/2025\/10\/VIVIDERM-Logo-White.png","contentUrl":"https:\/\/vividerm.lv\/wp-content\/uploads\/2025\/10\/VIVIDERM-Logo-White.png","width":512,"height":512,"caption":"VIVIDERM"},"image":{"@id":"https:\/\/vividerm.lv\/#\/schema\/logo\/image\/"},"sameAs":["https:\/\/www.facebook.com\/vividerm.lv","https:\/\/www.instagram.com\/vividerm_lv\/"]}]}},"_links":{"self":[{"href":"https:\/\/vividerm.lv\/en\/wp-json\/wp\/v2\/pages\/1570","targetHints":{"allow":["GET"]}}],"collection":[{"href":"https:\/\/vividerm.lv\/en\/wp-json\/wp\/v2\/pages"}],"about":[{"href":"https:\/\/vividerm.lv\/en\/wp-json\/wp\/v2\/types\/page"}],"author":[{"embeddable":true,"href":"https:\/\/vividerm.lv\/en\/wp-json\/wp\/v2\/users\/1"}],"replies":[{"embeddable":true,"href":"https:\/\/vividerm.lv\/en\/wp-json\/wp\/v2\/comments?post=1570"}],"version-history":[{"count":0,"href":"https:\/\/vividerm.lv\/en\/wp-json\/wp\/v2\/pages\/1570\/revisions"}],"up":[{"embeddable":true,"href":"https:\/\/vividerm.lv\/en\/wp-json\/wp\/v2\/pages\/613"}],"wp:featuredmedia":[{"embeddable":true,"href":"https:\/\/vividerm.lv\/en\/wp-json\/wp\/v2\/media\/1571"}],"wp:attachment":[{"href":"https:\/\/vividerm.lv\/en\/wp-json\/wp\/v2\/media?parent=1570"}],"curies":[{"name":"wp","href":"https:\/\/api.w.org\/{rel}","templated":true}]}}