{"id":1576,"date":"2024-07-12T17:06:17","date_gmt":"2024-07-12T14:06:17","guid":{"rendered":"https:\/\/vividerm.lv\/?page_id=1576"},"modified":"2024-07-12T17:06:51","modified_gmt":"2024-07-12T14:06:51","slug":"gmt-beauty-kosmetika","status":"publish","type":"page","link":"https:\/\/vividerm.lv\/en\/ierices\/gmt-beauty-kosmetika\/","title":{"rendered":"GMT BEAUTY cosmetics"},"content":{"rendered":"<div data-elementor-type=\"wp-page\" data-elementor-id=\"1576\" class=\"elementor elementor-1576\" data-elementor-post-type=\"page\">\n\t\t\t\t<div class=\"elementor-element elementor-element-437bb6a4 xts-section-stretch e-con-full e-flex e-con e-parent\" data-id=\"437bb6a4\" data-element_type=\"container\" data-settings=\"{&quot;background_background&quot;:&quot;classic&quot;}\">\n\t\t<div class=\"elementor-element elementor-element-750d3936 e-con-full e-flex xts-section-disabled e-con e-child\" data-id=\"750d3936\" data-element_type=\"container\">\n\t\t\t\t<div class=\"elementor-element elementor-element-59900cf9 elementor-widget elementor-widget-image\" data-id=\"59900cf9\" data-element_type=\"widget\" data-widget_type=\"image.default\">\n\t\t\t\t<div class=\"elementor-widget-container\">\n\t\t\t\t\t\t\t\t\t\t\t\t\t\t\t<img fetchpriority=\"high\" decoding=\"async\" width=\"720\" height=\"720\" src=\"https:\/\/vividerm.lv\/wp-content\/uploads\/2024\/07\/frame-3-1.webp\" class=\"attachment-full size-full wp-image-1577\" alt=\"\" srcset=\"https:\/\/vividerm.lv\/wp-content\/uploads\/2024\/07\/frame-3-1.webp 720w, https:\/\/vividerm.lv\/wp-content\/uploads\/2024\/07\/frame-3-1-300x300.webp 300w, https:\/\/vividerm.lv\/wp-content\/uploads\/2024\/07\/frame-3-1-150x150.webp 150w\" sizes=\"(max-width: 720px) 100vw, 720px\" \/>\t\t\t\t\t\t\t\t\t\t\t\t\t\t\t<\/div>\n\t\t\t\t<\/div>\n\t\t\t\t<\/div>\n\t\t<div class=\"elementor-element elementor-element-149e0e5f e-con-full e-flex xts-section-disabled e-con e-child\" data-id=\"149e0e5f\" data-element_type=\"container\">\n\t\t\t\t<div class=\"elementor-element elementor-element-6a6ce863 xts-scheme-inherit xts-textalign-inherit elementor-widget elementor-widget-text-editor\" data-id=\"6a6ce863\" data-element_type=\"widget\" data-widget_type=\"text-editor.default\">\n\t\t\t\t<div class=\"elementor-widget-container\">\n\t\t\t\t\t\t\t\t\t<p class=\"translation-block\">The safe and effective GMT BEAUTY products have been created by women \u2013 professionals in beauty, medicine, and science. By dedicating efforts to understanding and applying the latest scientific and technological discoveries, they have developed products over the years, ensuring their efficacy, effectiveness, and safety in working with clients. GMT BEAUTY cosmetics are made from pure and natural ingredients, which are carefully selected and tested (GMT BEAUTY products are not tested on animals), ensuring they are safe and non-allergenic.<\/p><p class=\"translation-block\">GMT BEAUTY has over 20 years of experience in skincare and aesthetic medicine, incorporating the latest achievements in biochemistry and technology.<\/p><p class=\"translation-block\">GMT BEAUTY aims to unleash the energy residing in every cell of your body and enhance skin health and beauty.<\/p><p>By regularly following and utilizing discoveries and research in cosmetology, biochemistry, and aesthetics, they continuously improve cosmetic products to offer the best that the modern world has to offer.<\/p>\t\t\t\t\t\t\t\t<\/div>\n\t\t\t\t<\/div>\n\t\t<div class=\"elementor-element elementor-element-4897be4a e-con-full e-flex xts-section-disabled e-con e-child\" data-id=\"4897be4a\" data-element_type=\"container\">\n\t\t\t\t<div class=\"elementor-element elementor-element-7dd41826 elementor-mobile-align-justify elementor-widget elementor-widget-button\" data-id=\"7dd41826\" data-element_type=\"widget\" data-widget_type=\"button.default\">\n\t\t\t\t<div class=\"elementor-widget-container\">\n\t\t\t\t\t\t\t\t\t<div class=\"elementor-button-wrapper\">\n\t\t\t\t\t<a class=\"elementor-button elementor-button-link elementor-size-sm\" href=\"#elementor-action%3Aaction%3Dpopup%3Aopen%26settings%3DeyJpZCI6IjQ2IiwidG9nZ2xlIjpmYWxzZX0%3D\">\n\t\t\t\t\t\t<span class=\"elementor-button-content-wrapper\">\n\t\t\t\t\t\t\t\t\t<span class=\"elementor-button-text\">Apply for the procedure<\/span>\n\t\t\t\t\t<\/span>\n\t\t\t\t\t<\/a>\n\t\t\t\t<\/div>\n\t\t\t\t\t\t\t\t<\/div>\n\t\t\t\t<\/div>\n\t\t\t\t<\/div>\n\t\t\t\t<\/div>\n\t\t\t\t<\/div>\n\t\t\t\t<\/div>","protected":false},"excerpt":{"rendered":"<p>Dro\u0161os un efekt\u012bvos\u00a0GMT BEAUTY\u00a0produktus rad\u012bju\u0161as sievietes \u2013 skaistumkop\u0161anas, medic\u012bnas un zin\u0101tnes profesion\u0101les. Ieguldot p\u016bles jaun\u0101ko zin\u0101tniski tehnolo\u0123isko atkl\u0101jumu izpratnei un pielietojumam, gadu gait\u0101 att\u012bst\u012bju\u0161as produktus, p\u0101rliecinoties par to iedarb\u012bbu, efektivit\u0101ti un dro\u0161umu darb\u0101 ar klientiem.\u00a0GMT BEAUTY\u00a0kosm\u0113tiku veido t\u012bras un dab\u012bgas sast\u0101vda\u013cas, kas ir r\u016bp\u012bgi izv\u0113l\u0113tas, p\u0101rbaud\u012btas ((produkti\u00a0GMT BEAUTY\u00a0netiek test\u0113ti uz dz\u012bvniekiem), ir dro\u0161as un nav [&hellip;]<\/p>\n","protected":false},"author":1,"featured_media":1577,"parent":613,"menu_order":0,"comment_status":"closed","ping_status":"closed","template":"","meta":{"_acf_changed":false,"footnotes":""},"class_list":["post-1576","page","type-page","status-publish","has-post-thumbnail","hentry"],"acf":[],"yoast_head":"<!-- This site is optimized with the Yoast SEO plugin v27.4 - https:\/\/yoast.com\/product\/yoast-seo-wordpress\/ -->\n<title>GMT BEAUTY kosm\u0113tika - VIVIDERM<\/title>\n<meta name=\"robots\" content=\"index, follow, max-snippet:-1, max-image-preview:large, max-video-preview:-1\" \/>\n<link rel=\"canonical\" href=\"https:\/\/vividerm.lv\/en\/ierices\/gmt-beauty-kosmetika\/\" \/>\n<meta property=\"og:locale\" content=\"en_US\" \/>\n<meta property=\"og:type\" content=\"article\" \/>\n<meta property=\"og:title\" content=\"GMT BEAUTY kosm\u0113tika - VIVIDERM\" \/>\n<meta property=\"og:description\" content=\"Dro\u0161os un efekt\u012bvos\u00a0GMT BEAUTY\u00a0produktus rad\u012bju\u0161as sievietes \u2013 skaistumkop\u0161anas, medic\u012bnas un zin\u0101tnes profesion\u0101les. Ieguldot p\u016bles jaun\u0101ko zin\u0101tniski tehnolo\u0123isko atkl\u0101jumu izpratnei un pielietojumam, gadu gait\u0101 att\u012bst\u012bju\u0161as produktus, p\u0101rliecinoties par to iedarb\u012bbu, efektivit\u0101ti un dro\u0161umu darb\u0101 ar klientiem.\u00a0GMT BEAUTY\u00a0kosm\u0113tiku veido t\u012bras un dab\u012bgas sast\u0101vda\u013cas, kas ir r\u016bp\u012bgi izv\u0113l\u0113tas, p\u0101rbaud\u012btas ((produkti\u00a0GMT BEAUTY\u00a0netiek test\u0113ti uz dz\u012bvniekiem), ir dro\u0161as un nav [&hellip;]\" \/>\n<meta property=\"og:url\" content=\"https:\/\/vividerm.lv\/en\/ierices\/gmt-beauty-kosmetika\/\" \/>\n<meta property=\"og:site_name\" content=\"VIVIDERM\" \/>\n<meta property=\"article:publisher\" content=\"https:\/\/www.facebook.com\/vividerm.lv\" \/>\n<meta property=\"article:modified_time\" content=\"2024-07-12T14:06:51+00:00\" \/>\n<meta property=\"og:image\" content=\"https:\/\/vividerm.lv\/wp-content\/uploads\/2024\/07\/frame-3-1.webp\" \/>\n\t<meta property=\"og:image:width\" content=\"720\" \/>\n\t<meta property=\"og:image:height\" content=\"720\" \/>\n\t<meta property=\"og:image:type\" content=\"image\/webp\" \/>\n<meta name=\"twitter:card\" content=\"summary_large_image\" \/>\n<meta name=\"twitter:label1\" content=\"Est. reading time\" \/>\n\t<meta name=\"twitter:data1\" content=\"1 minute\" \/>\n<script type=\"application\/ld+json\" class=\"yoast-schema-graph\">{\"@context\":\"https:\\\/\\\/schema.org\",\"@graph\":[{\"@type\":\"WebPage\",\"@id\":\"https:\\\/\\\/vividerm.lv\\\/ierices\\\/gmt-beauty-kosmetika\\\/\",\"url\":\"https:\\\/\\\/vividerm.lv\\\/ierices\\\/gmt-beauty-kosmetika\\\/\",\"name\":\"GMT BEAUTY kosm\u0113tika - VIVIDERM\",\"isPartOf\":{\"@id\":\"https:\\\/\\\/vividerm.lv\\\/#website\"},\"primaryImageOfPage\":{\"@id\":\"https:\\\/\\\/vividerm.lv\\\/ierices\\\/gmt-beauty-kosmetika\\\/#primaryimage\"},\"image\":{\"@id\":\"https:\\\/\\\/vividerm.lv\\\/ierices\\\/gmt-beauty-kosmetika\\\/#primaryimage\"},\"thumbnailUrl\":\"https:\\\/\\\/vividerm.lv\\\/wp-content\\\/uploads\\\/2024\\\/07\\\/frame-3-1.webp\",\"datePublished\":\"2024-07-12T14:06:17+00:00\",\"dateModified\":\"2024-07-12T14:06:51+00:00\",\"breadcrumb\":{\"@id\":\"https:\\\/\\\/vividerm.lv\\\/ierices\\\/gmt-beauty-kosmetika\\\/#breadcrumb\"},\"inLanguage\":\"en-US\",\"potentialAction\":[{\"@type\":\"ReadAction\",\"target\":[\"https:\\\/\\\/vividerm.lv\\\/ierices\\\/gmt-beauty-kosmetika\\\/\"]}]},{\"@type\":\"ImageObject\",\"inLanguage\":\"en-US\",\"@id\":\"https:\\\/\\\/vividerm.lv\\\/ierices\\\/gmt-beauty-kosmetika\\\/#primaryimage\",\"url\":\"https:\\\/\\\/vividerm.lv\\\/wp-content\\\/uploads\\\/2024\\\/07\\\/frame-3-1.webp\",\"contentUrl\":\"https:\\\/\\\/vividerm.lv\\\/wp-content\\\/uploads\\\/2024\\\/07\\\/frame-3-1.webp\",\"width\":720,\"height\":720},{\"@type\":\"BreadcrumbList\",\"@id\":\"https:\\\/\\\/vividerm.lv\\\/ierices\\\/gmt-beauty-kosmetika\\\/#breadcrumb\",\"itemListElement\":[{\"@type\":\"ListItem\",\"position\":1,\"name\":\"Galven\u0101\",\"item\":\"https:\\\/\\\/vividerm.lv\\\/\"},{\"@type\":\"ListItem\",\"position\":2,\"name\":\"Ier\u012bces\",\"item\":\"https:\\\/\\\/vividerm.lv\\\/ierices\\\/\"},{\"@type\":\"ListItem\",\"position\":3,\"name\":\"GMT BEAUTY kosm\u0113tika\"}]},{\"@type\":\"WebSite\",\"@id\":\"https:\\\/\\\/vividerm.lv\\\/#website\",\"url\":\"https:\\\/\\\/vividerm.lv\\\/\",\"name\":\"VIVIDERM\",\"description\":\"\",\"publisher\":{\"@id\":\"https:\\\/\\\/vividerm.lv\\\/#organization\"},\"potentialAction\":[{\"@type\":\"SearchAction\",\"target\":{\"@type\":\"EntryPoint\",\"urlTemplate\":\"https:\\\/\\\/vividerm.lv\\\/?s={search_term_string}\"},\"query-input\":{\"@type\":\"PropertyValueSpecification\",\"valueRequired\":true,\"valueName\":\"search_term_string\"}}],\"inLanguage\":\"en-US\"},{\"@type\":\"Organization\",\"@id\":\"https:\\\/\\\/vividerm.lv\\\/#organization\",\"name\":\"VIVIDERM\",\"url\":\"https:\\\/\\\/vividerm.lv\\\/\",\"logo\":{\"@type\":\"ImageObject\",\"inLanguage\":\"en-US\",\"@id\":\"https:\\\/\\\/vividerm.lv\\\/#\\\/schema\\\/logo\\\/image\\\/\",\"url\":\"https:\\\/\\\/vividerm.lv\\\/wp-content\\\/uploads\\\/2025\\\/10\\\/VIVIDERM-Logo-White.png\",\"contentUrl\":\"https:\\\/\\\/vividerm.lv\\\/wp-content\\\/uploads\\\/2025\\\/10\\\/VIVIDERM-Logo-White.png\",\"width\":512,\"height\":512,\"caption\":\"VIVIDERM\"},\"image\":{\"@id\":\"https:\\\/\\\/vividerm.lv\\\/#\\\/schema\\\/logo\\\/image\\\/\"},\"sameAs\":[\"https:\\\/\\\/www.facebook.com\\\/vividerm.lv\",\"https:\\\/\\\/www.instagram.com\\\/vividerm_lv\\\/\"]}]}<\/script>\n<!-- \/ Yoast SEO plugin. -->","yoast_head_json":{"title":"GMT BEAUTY kosm\u0113tika - VIVIDERM","robots":{"index":"index","follow":"follow","max-snippet":"max-snippet:-1","max-image-preview":"max-image-preview:large","max-video-preview":"max-video-preview:-1"},"canonical":"https:\/\/vividerm.lv\/en\/ierices\/gmt-beauty-kosmetika\/","og_locale":"en_US","og_type":"article","og_title":"GMT BEAUTY kosm\u0113tika - VIVIDERM","og_description":"Dro\u0161os un efekt\u012bvos\u00a0GMT BEAUTY\u00a0produktus rad\u012bju\u0161as sievietes \u2013 skaistumkop\u0161anas, medic\u012bnas un zin\u0101tnes profesion\u0101les. Ieguldot p\u016bles jaun\u0101ko zin\u0101tniski tehnolo\u0123isko atkl\u0101jumu izpratnei un pielietojumam, gadu gait\u0101 att\u012bst\u012bju\u0161as produktus, p\u0101rliecinoties par to iedarb\u012bbu, efektivit\u0101ti un dro\u0161umu darb\u0101 ar klientiem.\u00a0GMT BEAUTY\u00a0kosm\u0113tiku veido t\u012bras un dab\u012bgas sast\u0101vda\u013cas, kas ir r\u016bp\u012bgi izv\u0113l\u0113tas, p\u0101rbaud\u012btas ((produkti\u00a0GMT BEAUTY\u00a0netiek test\u0113ti uz dz\u012bvniekiem), ir dro\u0161as un nav [&hellip;]","og_url":"https:\/\/vividerm.lv\/en\/ierices\/gmt-beauty-kosmetika\/","og_site_name":"VIVIDERM","article_publisher":"https:\/\/www.facebook.com\/vividerm.lv","article_modified_time":"2024-07-12T14:06:51+00:00","og_image":[{"width":720,"height":720,"url":"https:\/\/vividerm.lv\/wp-content\/uploads\/2024\/07\/frame-3-1.webp","type":"image\/webp"}],"twitter_card":"summary_large_image","twitter_misc":{"Est. reading time":"1 minute"},"schema":{"@context":"https:\/\/schema.org","@graph":[{"@type":"WebPage","@id":"https:\/\/vividerm.lv\/ierices\/gmt-beauty-kosmetika\/","url":"https:\/\/vividerm.lv\/ierices\/gmt-beauty-kosmetika\/","name":"GMT BEAUTY kosm\u0113tika - VIVIDERM","isPartOf":{"@id":"https:\/\/vividerm.lv\/#website"},"primaryImageOfPage":{"@id":"https:\/\/vividerm.lv\/ierices\/gmt-beauty-kosmetika\/#primaryimage"},"image":{"@id":"https:\/\/vividerm.lv\/ierices\/gmt-beauty-kosmetika\/#primaryimage"},"thumbnailUrl":"https:\/\/vividerm.lv\/wp-content\/uploads\/2024\/07\/frame-3-1.webp","datePublished":"2024-07-12T14:06:17+00:00","dateModified":"2024-07-12T14:06:51+00:00","breadcrumb":{"@id":"https:\/\/vividerm.lv\/ierices\/gmt-beauty-kosmetika\/#breadcrumb"},"inLanguage":"en-US","potentialAction":[{"@type":"ReadAction","target":["https:\/\/vividerm.lv\/ierices\/gmt-beauty-kosmetika\/"]}]},{"@type":"ImageObject","inLanguage":"en-US","@id":"https:\/\/vividerm.lv\/ierices\/gmt-beauty-kosmetika\/#primaryimage","url":"https:\/\/vividerm.lv\/wp-content\/uploads\/2024\/07\/frame-3-1.webp","contentUrl":"https:\/\/vividerm.lv\/wp-content\/uploads\/2024\/07\/frame-3-1.webp","width":720,"height":720},{"@type":"BreadcrumbList","@id":"https:\/\/vividerm.lv\/ierices\/gmt-beauty-kosmetika\/#breadcrumb","itemListElement":[{"@type":"ListItem","position":1,"name":"Galven\u0101","item":"https:\/\/vividerm.lv\/"},{"@type":"ListItem","position":2,"name":"Ier\u012bces","item":"https:\/\/vividerm.lv\/ierices\/"},{"@type":"ListItem","position":3,"name":"GMT BEAUTY kosm\u0113tika"}]},{"@type":"WebSite","@id":"https:\/\/vividerm.lv\/#website","url":"https:\/\/vividerm.lv\/","name":"VIVIDERM","description":"","publisher":{"@id":"https:\/\/vividerm.lv\/#organization"},"potentialAction":[{"@type":"SearchAction","target":{"@type":"EntryPoint","urlTemplate":"https:\/\/vividerm.lv\/?s={search_term_string}"},"query-input":{"@type":"PropertyValueSpecification","valueRequired":true,"valueName":"search_term_string"}}],"inLanguage":"en-US"},{"@type":"Organization","@id":"https:\/\/vividerm.lv\/#organization","name":"VIVIDERM","url":"https:\/\/vividerm.lv\/","logo":{"@type":"ImageObject","inLanguage":"en-US","@id":"https:\/\/vividerm.lv\/#\/schema\/logo\/image\/","url":"https:\/\/vividerm.lv\/wp-content\/uploads\/2025\/10\/VIVIDERM-Logo-White.png","contentUrl":"https:\/\/vividerm.lv\/wp-content\/uploads\/2025\/10\/VIVIDERM-Logo-White.png","width":512,"height":512,"caption":"VIVIDERM"},"image":{"@id":"https:\/\/vividerm.lv\/#\/schema\/logo\/image\/"},"sameAs":["https:\/\/www.facebook.com\/vividerm.lv","https:\/\/www.instagram.com\/vividerm_lv\/"]}]}},"_links":{"self":[{"href":"https:\/\/vividerm.lv\/en\/wp-json\/wp\/v2\/pages\/1576","targetHints":{"allow":["GET"]}}],"collection":[{"href":"https:\/\/vividerm.lv\/en\/wp-json\/wp\/v2\/pages"}],"about":[{"href":"https:\/\/vividerm.lv\/en\/wp-json\/wp\/v2\/types\/page"}],"author":[{"embeddable":true,"href":"https:\/\/vividerm.lv\/en\/wp-json\/wp\/v2\/users\/1"}],"replies":[{"embeddable":true,"href":"https:\/\/vividerm.lv\/en\/wp-json\/wp\/v2\/comments?post=1576"}],"version-history":[{"count":0,"href":"https:\/\/vividerm.lv\/en\/wp-json\/wp\/v2\/pages\/1576\/revisions"}],"up":[{"embeddable":true,"href":"https:\/\/vividerm.lv\/en\/wp-json\/wp\/v2\/pages\/613"}],"wp:featuredmedia":[{"embeddable":true,"href":"https:\/\/vividerm.lv\/en\/wp-json\/wp\/v2\/media\/1577"}],"wp:attachment":[{"href":"https:\/\/vividerm.lv\/en\/wp-json\/wp\/v2\/media?parent=1576"}],"curies":[{"name":"wp","href":"https:\/\/api.w.org\/{rel}","templated":true}]}}