{"id":2273,"date":"2024-07-15T11:44:13","date_gmt":"2024-07-15T08:44:13","guid":{"rendered":"https:\/\/vividerm.lv\/?page_id=2273"},"modified":"2025-02-11T18:37:44","modified_gmt":"2025-02-11T15:37:44","slug":"noteikumi","status":"publish","type":"page","link":"https:\/\/vividerm.lv\/en\/noteikumi\/","title":{"rendered":"VIVIDERM noteikumi"},"content":{"rendered":"<div data-elementor-type=\"wp-page\" data-elementor-id=\"2273\" class=\"elementor elementor-2273\" data-elementor-post-type=\"page\">\n\t\t\t\t<div class=\"xts-negative-gap elementor-element elementor-element-41be9af xts-section-stretch e-flex e-con-boxed e-con e-parent\" data-id=\"41be9af\" data-element_type=\"container\">\n\t\t\t\t\t<div class=\"e-con-inner\">\n\t\t\t\t<div class=\"elementor-element elementor-element-0bd11da xts-width-100 elementor-widget elementor-widget-xts_title\" data-id=\"0bd11da\" data-element_type=\"widget\" data-widget_type=\"xts_title.default\">\n\t\t\t\t<div class=\"elementor-widget-container\">\n\t\t\t\t\t\t\t\t<div class=\"xts-section-heading xts-reset-mb-10 xts-reset-last xts-textalign-left\" data-animation-delay=\"\">\n\t\t\t\t\n\t\t\t\t\t\t\t\t\t<h2 class=\"xts-section-title title xts-design-default xts-fontsize-l\">\n\t\t\t\t\t\t<span class=\"xts-section-title-text\" data-elementor-setting-key=\"title\">\n\t\t\t\t\t\t\tABONEMENTU LIETO\u0160ANAS NOTEIKUMI\t\t\t\t\t\t<\/span>\n\n\t\t\t\t\t\t\t\t\t\t\t<\/h2>\n\t\t\t\t\n\t\t\t\t\n\t\t\t\t\t\t\t<\/div>\n\t\t\t\t\t\t<\/div>\n\t\t\t\t<\/div>\n\t\t\t\t<div class=\"elementor-element elementor-element-392b732 xts-scheme-inherit xts-textalign-inherit elementor-widget elementor-widget-text-editor\" data-id=\"392b732\" data-element_type=\"widget\" data-widget_type=\"text-editor.default\">\n\t\t\t\t<div class=\"elementor-widget-container\">\n\t\t\t\t\t\t\t\t\t\n<ol class=\"wp-block-list\">\n<li class=\"translation-block\">Abonementa der\u012bguma termi\u0146\u0161 ir&nbsp;<strong>6 m\u0113ne\u0161i<\/strong>&nbsp;no ieg\u0101des datuma. Gadijum\u0101, ja pakalpojums nav izmantots \u2013 summa netiek atmaks\u0101ta.<\/li>\n\n<li>P\u0113rkot abonementu uz k\u0101du no mas\u0101\u017eas\u00a0aparatproced\u016bru, pieraksts tiek veikts tikai uz izv\u0113l\u0113to proced\u016bru un main\u012bt uz citu proced\u016bru nav iesp\u0113jams.<\/li>\n\n<li class=\"translation-block\">Iepriek\u0161 veicot pierakstu uz visu proced\u016bras kursu, par izmai\u0146\u0101m \/ atcel\u0161anu l\u016bgums inform\u0113t vismaz divas dienas iepriek\u0161, ja atcel\u0161ana tiek veikta maz\u0101k ne k\u0101&nbsp;<strong>24 studu l\u012bdz proced\u016bras<\/strong>, summa par proced\u016bru tiek norakst\u012bta no abonementa&nbsp;<strong>100% apm\u0113r\u0101<\/strong>.<\/li>\n\n<li>Abonementu var iesald\u0113t vai sa\u0146emt atmaksu tikai medic\u012bnisku iemeslu d\u0113\u013c, uzr\u0101dot \u0101rsta izzi\u0146u.<\/li>\n<\/ol>\n\t\t\t\t\t\t\t\t<\/div>\n\t\t\t\t<\/div>\n\t\t\t\t<div class=\"elementor-element elementor-element-87a07b8 xts-width-100 elementor-widget elementor-widget-xts_title\" data-id=\"87a07b8\" data-element_type=\"widget\" data-widget_type=\"xts_title.default\">\n\t\t\t\t<div class=\"elementor-widget-container\">\n\t\t\t\t\t\t\t\t<div class=\"xts-section-heading xts-reset-mb-10 xts-reset-last xts-textalign-left\" data-animation-delay=\"\">\n\t\t\t\t\n\t\t\t\t\t\t\t\t\t<h2 class=\"xts-section-title title xts-design-default xts-fontsize-l\">\n\t\t\t\t\t\t<span class=\"xts-section-title-text\" data-elementor-setting-key=\"title\">\n\t\t\t\t\t\t\tD\u0101vanu kartes lieto\u0161anas noteikumi:\t\t\t\t\t\t<\/span>\n\n\t\t\t\t\t\t\t\t\t\t\t<\/h2>\n\t\t\t\t\n\t\t\t\t\n\t\t\t\t\t\t\t<\/div>\n\t\t\t\t\t\t<\/div>\n\t\t\t\t<\/div>\n\t\t\t\t<div class=\"elementor-element elementor-element-87a8a7f xts-scheme-inherit xts-textalign-inherit elementor-widget elementor-widget-text-editor\" data-id=\"87a8a7f\" data-element_type=\"widget\" data-widget_type=\"text-editor.default\">\n\t\t\t\t<div class=\"elementor-widget-container\">\n\t\t\t\t\t\t\t\t\t\n<ol class=\"wp-block-list\">\n<li>\n<p>D\u0101vanu karte nav atmaks\u0101jama un ar to var nor\u0113\u0137in\u0101ties par jebk\u0101diem pakalpojumiem vai prec\u0113m 1 gada laik\u0101. Kad beidzies der\u012bguma termi\u0146\u0161, karti vairs nevar izmantot un naudas l\u012bdzek\u013ci tiek anul\u0113ti.<\/p>\n<\/li>\n<li>\n<p>Ieg\u0101d\u0101joties d\u0101vanu karti, pirc\u0113js apliecina savu piekri\u0161anu lieto\u0161anas noteikumiem, kas paredz kartes ieg\u0101dei izt\u0113r\u0113t\u0101s naudas atgrie\u0161anas neiesp\u0113jam\u012bbu. D\u0101vanu kartes ieg\u0101des gad\u012bjum\u0101 iemaks\u0101t\u0101 summa netiek atgriezta.<\/p>\n<\/li>\n<li>\n<p>D\u0101vanu karti var izmantot piln\u012bb\u0101 vai da\u013c\u0113ji. Fizisk\u0101 d\u0101vanu karte ir oblig\u0101ti j\u0101saglab\u0101 l\u012bdz t\u0101s piln\u012bgai izmanto\u0161anai.<\/p>\n<\/li>\n<\/ol>\n\t\t\t\t\t\t\t\t<\/div>\n\t\t\t\t<\/div>\n\t\t\t\t<div class=\"elementor-element elementor-element-adee28b xts-scheme-inherit xts-textalign-inherit elementor-widget elementor-widget-text-editor\" data-id=\"adee28b\" data-element_type=\"widget\" data-widget_type=\"text-editor.default\">\n\t\t\t\t<div class=\"elementor-widget-container\">\n\t\t\t\t\t\t\t\t\t\n<p>Patiecamies par sapratni,<\/p>\n\n<p><strong>VIVIDERM \u2013 Tavs skaistuma eksperts!<\/strong><\/p>\n\t\t\t\t\t\t\t\t<\/div>\n\t\t\t\t<\/div>\n\t\t\t\t\t<\/div>\n\t\t\t\t<\/div>\n\t\t\t\t<\/div>","protected":false},"excerpt":{"rendered":"<p>ABONEMENTU LIETO\u0160ANAS NOTEIKUMI D\u0101vanu kartes lieto\u0161anas noteikumi:<\/p>","protected":false},"author":1,"featured_media":0,"parent":0,"menu_order":0,"comment_status":"closed","ping_status":"closed","template":"","meta":{"_acf_changed":false,"footnotes":""},"class_list":["post-2273","page","type-page","status-publish","hentry"],"acf":[],"yoast_head":"<!-- This site is optimized with the Yoast SEO plugin v27.3 - https:\/\/yoast.com\/product\/yoast-seo-wordpress\/ -->\n<title>VIVIDERM noteikumi<\/title>\n<meta name=\"description\" content=\"M\u016bsu centrs pied\u0101v\u0101 l\u0101zerepil\u0101ciju un \u0137erme\u0146a korekciju, apvienojot augstas kvalit\u0101tes proced\u016bras ar maksim\u0101lu komfortu. VIVIDERM noteikumi.\" \/>\n<meta name=\"robots\" content=\"index, follow, max-snippet:-1, max-image-preview:large, max-video-preview:-1\" \/>\n<link rel=\"canonical\" href=\"https:\/\/vividerm.lv\/en\/noteikumi\/\" \/>\n<meta property=\"og:locale\" content=\"en_US\" \/>\n<meta property=\"og:type\" content=\"article\" \/>\n<meta property=\"og:title\" content=\"VIVIDERM noteikumi\" \/>\n<meta property=\"og:description\" content=\"M\u016bsu centrs pied\u0101v\u0101 l\u0101zerepil\u0101ciju un \u0137erme\u0146a korekciju, apvienojot augstas kvalit\u0101tes proced\u016bras ar maksim\u0101lu komfortu. VIVIDERM noteikumi.\" \/>\n<meta property=\"og:url\" content=\"https:\/\/vividerm.lv\/en\/noteikumi\/\" \/>\n<meta property=\"og:site_name\" content=\"VIVIDERM\" \/>\n<meta property=\"article:publisher\" content=\"https:\/\/www.facebook.com\/vividerm.lv\" \/>\n<meta property=\"article:modified_time\" content=\"2025-02-11T15:37:44+00:00\" \/>\n<meta property=\"og:image\" content=\"https:\/\/vividerm.lv\/wp-content\/uploads\/2024\/10\/VIVIDERM-Lazerepilacijas-un-Kosmetologijas-centrs.webp\" \/>\n\t<meta property=\"og:image:width\" content=\"1280\" \/>\n\t<meta property=\"og:image:height\" content=\"854\" \/>\n\t<meta property=\"og:image:type\" content=\"image\/webp\" \/>\n<meta name=\"twitter:card\" content=\"summary_large_image\" \/>\n<meta name=\"twitter:label1\" content=\"Est. reading time\" \/>\n\t<meta name=\"twitter:data1\" content=\"1 minute\" \/>\n<script type=\"application\/ld+json\" class=\"yoast-schema-graph\">{\"@context\":\"https:\\\/\\\/schema.org\",\"@graph\":[{\"@type\":\"WebPage\",\"@id\":\"https:\\\/\\\/vividerm.lv\\\/noteikumi\\\/\",\"url\":\"https:\\\/\\\/vividerm.lv\\\/noteikumi\\\/\",\"name\":\"VIVIDERM noteikumi\",\"isPartOf\":{\"@id\":\"https:\\\/\\\/vividerm.lv\\\/#website\"},\"datePublished\":\"2024-07-15T08:44:13+00:00\",\"dateModified\":\"2025-02-11T15:37:44+00:00\",\"description\":\"M\u016bsu centrs pied\u0101v\u0101 l\u0101zerepil\u0101ciju un \u0137erme\u0146a korekciju, apvienojot augstas kvalit\u0101tes proced\u016bras ar maksim\u0101lu komfortu. VIVIDERM noteikumi.\",\"breadcrumb\":{\"@id\":\"https:\\\/\\\/vividerm.lv\\\/noteikumi\\\/#breadcrumb\"},\"inLanguage\":\"en-US\",\"potentialAction\":[{\"@type\":\"ReadAction\",\"target\":[\"https:\\\/\\\/vividerm.lv\\\/noteikumi\\\/\"]}]},{\"@type\":\"BreadcrumbList\",\"@id\":\"https:\\\/\\\/vividerm.lv\\\/noteikumi\\\/#breadcrumb\",\"itemListElement\":[{\"@type\":\"ListItem\",\"position\":1,\"name\":\"Galven\u0101\",\"item\":\"https:\\\/\\\/vividerm.lv\\\/\"},{\"@type\":\"ListItem\",\"position\":2,\"name\":\"VIVIDERM noteikumi\"}]},{\"@type\":\"WebSite\",\"@id\":\"https:\\\/\\\/vividerm.lv\\\/#website\",\"url\":\"https:\\\/\\\/vividerm.lv\\\/\",\"name\":\"VIVIDERM\",\"description\":\"\",\"publisher\":{\"@id\":\"https:\\\/\\\/vividerm.lv\\\/#organization\"},\"potentialAction\":[{\"@type\":\"SearchAction\",\"target\":{\"@type\":\"EntryPoint\",\"urlTemplate\":\"https:\\\/\\\/vividerm.lv\\\/?s={search_term_string}\"},\"query-input\":{\"@type\":\"PropertyValueSpecification\",\"valueRequired\":true,\"valueName\":\"search_term_string\"}}],\"inLanguage\":\"en-US\"},{\"@type\":\"Organization\",\"@id\":\"https:\\\/\\\/vividerm.lv\\\/#organization\",\"name\":\"VIVIDERM\",\"url\":\"https:\\\/\\\/vividerm.lv\\\/\",\"logo\":{\"@type\":\"ImageObject\",\"inLanguage\":\"en-US\",\"@id\":\"https:\\\/\\\/vividerm.lv\\\/#\\\/schema\\\/logo\\\/image\\\/\",\"url\":\"https:\\\/\\\/vividerm.lv\\\/wp-content\\\/uploads\\\/2025\\\/10\\\/VIVIDERM-Logo-White.png\",\"contentUrl\":\"https:\\\/\\\/vividerm.lv\\\/wp-content\\\/uploads\\\/2025\\\/10\\\/VIVIDERM-Logo-White.png\",\"width\":512,\"height\":512,\"caption\":\"VIVIDERM\"},\"image\":{\"@id\":\"https:\\\/\\\/vividerm.lv\\\/#\\\/schema\\\/logo\\\/image\\\/\"},\"sameAs\":[\"https:\\\/\\\/www.facebook.com\\\/vividerm.lv\",\"https:\\\/\\\/www.instagram.com\\\/vividerm_lv\\\/\"]}]}<\/script>\n<!-- \/ Yoast SEO plugin. -->","yoast_head_json":{"title":"VIVIDERM noteikumi","description":"M\u016bsu centrs pied\u0101v\u0101 l\u0101zerepil\u0101ciju un \u0137erme\u0146a korekciju, apvienojot augstas kvalit\u0101tes proced\u016bras ar maksim\u0101lu komfortu. VIVIDERM noteikumi.","robots":{"index":"index","follow":"follow","max-snippet":"max-snippet:-1","max-image-preview":"max-image-preview:large","max-video-preview":"max-video-preview:-1"},"canonical":"https:\/\/vividerm.lv\/en\/noteikumi\/","og_locale":"en_US","og_type":"article","og_title":"VIVIDERM noteikumi","og_description":"M\u016bsu centrs pied\u0101v\u0101 l\u0101zerepil\u0101ciju un \u0137erme\u0146a korekciju, apvienojot augstas kvalit\u0101tes proced\u016bras ar maksim\u0101lu komfortu. VIVIDERM noteikumi.","og_url":"https:\/\/vividerm.lv\/en\/noteikumi\/","og_site_name":"VIVIDERM","article_publisher":"https:\/\/www.facebook.com\/vividerm.lv","article_modified_time":"2025-02-11T15:37:44+00:00","og_image":[{"width":1280,"height":854,"url":"https:\/\/vividerm.lv\/wp-content\/uploads\/2024\/10\/VIVIDERM-Lazerepilacijas-un-Kosmetologijas-centrs.webp","type":"image\/webp"}],"twitter_card":"summary_large_image","twitter_misc":{"Est. reading time":"1 minute"},"schema":{"@context":"https:\/\/schema.org","@graph":[{"@type":"WebPage","@id":"https:\/\/vividerm.lv\/noteikumi\/","url":"https:\/\/vividerm.lv\/noteikumi\/","name":"VIVIDERM noteikumi","isPartOf":{"@id":"https:\/\/vividerm.lv\/#website"},"datePublished":"2024-07-15T08:44:13+00:00","dateModified":"2025-02-11T15:37:44+00:00","description":"M\u016bsu centrs pied\u0101v\u0101 l\u0101zerepil\u0101ciju un \u0137erme\u0146a korekciju, apvienojot augstas kvalit\u0101tes proced\u016bras ar maksim\u0101lu komfortu. VIVIDERM noteikumi.","breadcrumb":{"@id":"https:\/\/vividerm.lv\/noteikumi\/#breadcrumb"},"inLanguage":"en-US","potentialAction":[{"@type":"ReadAction","target":["https:\/\/vividerm.lv\/noteikumi\/"]}]},{"@type":"BreadcrumbList","@id":"https:\/\/vividerm.lv\/noteikumi\/#breadcrumb","itemListElement":[{"@type":"ListItem","position":1,"name":"Galven\u0101","item":"https:\/\/vividerm.lv\/"},{"@type":"ListItem","position":2,"name":"VIVIDERM noteikumi"}]},{"@type":"WebSite","@id":"https:\/\/vividerm.lv\/#website","url":"https:\/\/vividerm.lv\/","name":"VIVIDERM","description":"","publisher":{"@id":"https:\/\/vividerm.lv\/#organization"},"potentialAction":[{"@type":"SearchAction","target":{"@type":"EntryPoint","urlTemplate":"https:\/\/vividerm.lv\/?s={search_term_string}"},"query-input":{"@type":"PropertyValueSpecification","valueRequired":true,"valueName":"search_term_string"}}],"inLanguage":"en-US"},{"@type":"Organization","@id":"https:\/\/vividerm.lv\/#organization","name":"VIVIDERM","url":"https:\/\/vividerm.lv\/","logo":{"@type":"ImageObject","inLanguage":"en-US","@id":"https:\/\/vividerm.lv\/#\/schema\/logo\/image\/","url":"https:\/\/vividerm.lv\/wp-content\/uploads\/2025\/10\/VIVIDERM-Logo-White.png","contentUrl":"https:\/\/vividerm.lv\/wp-content\/uploads\/2025\/10\/VIVIDERM-Logo-White.png","width":512,"height":512,"caption":"VIVIDERM"},"image":{"@id":"https:\/\/vividerm.lv\/#\/schema\/logo\/image\/"},"sameAs":["https:\/\/www.facebook.com\/vividerm.lv","https:\/\/www.instagram.com\/vividerm_lv\/"]}]}},"_links":{"self":[{"href":"https:\/\/vividerm.lv\/en\/wp-json\/wp\/v2\/pages\/2273","targetHints":{"allow":["GET"]}}],"collection":[{"href":"https:\/\/vividerm.lv\/en\/wp-json\/wp\/v2\/pages"}],"about":[{"href":"https:\/\/vividerm.lv\/en\/wp-json\/wp\/v2\/types\/page"}],"author":[{"embeddable":true,"href":"https:\/\/vividerm.lv\/en\/wp-json\/wp\/v2\/users\/1"}],"replies":[{"embeddable":true,"href":"https:\/\/vividerm.lv\/en\/wp-json\/wp\/v2\/comments?post=2273"}],"version-history":[{"count":0,"href":"https:\/\/vividerm.lv\/en\/wp-json\/wp\/v2\/pages\/2273\/revisions"}],"wp:attachment":[{"href":"https:\/\/vividerm.lv\/en\/wp-json\/wp\/v2\/media?parent=2273"}],"curies":[{"name":"wp","href":"https:\/\/api.w.org\/{rel}","templated":true}]}}