{"id":3380,"date":"2024-11-05T16:55:17","date_gmt":"2024-11-05T13:55:17","guid":{"rendered":"https:\/\/vividerm.lv\/?page_id=3380"},"modified":"2024-12-03T20:00:56","modified_gmt":"2024-12-03T17:00:56","slug":"vides-pieejamiba","status":"publish","type":"page","link":"https:\/\/vividerm.lv\/en\/vides-pieejamiba\/","title":{"rendered":"Environmental accessibility"},"content":{"rendered":"<p class=\"translation-block\">At the VIVIDERM laser dermatology clinic, it is possible to receive all the services of a dermatologist and venereologist for persons with mobility impairments.<br>Visitors with mobility impairments can enter the building <a href=\"https:\/\/maps.app.goo.gl\/pCLCsrgKVQ7EAzeJ8\" target=\"_self\">from Roberta Hir\u0161a Street and from Skanstes Street<\/a>.<\/p>\n\n\n\n<ul class=\"wp-block-list\">\n<li>A convenient entrance and ramp for persons with mobility impairments are provided from Skanstes Street;<\/li>\n\n\n\n<li>It is possible to use the disabled parking lot in the yard, where you can conveniently park your car;<\/li>\n\n\n\n<li>If you need assistance entering the building, please call the administrator at tel. <a href=\"tel:+37123444401\">+37123444401<\/a>;<\/li>\n\n\n\n<li>&nbsp;Upon entering the building, the floor plane is level all the way to the elevator;<\/li>\n\n\n\n<li>Each floor has a specially equipped toilet room for people with functional disabilities;<\/li>\n\n\n\n<li>You can move between floors in the building using an elevator.<\/li>\n<\/ul>\n\n\n\n<p><\/p>","protected":false},"excerpt":{"rendered":"<p class=\"translation-block\">At the VIVIDERM laser dermatology clinic, it is possible to receive all the services of a dermatologist and venereologist for persons with mobility impairments.<br>Visitors with mobility impairments can enter the building <a href=\"https:\/\/maps.app.goo.gl\/pCLCsrgKVQ7EAzeJ8\" target=\"_self\">from Roberta Hir\u0161a Street and from Skanstes Street<\/a>.<\/p>","protected":false},"author":2,"featured_media":0,"parent":0,"menu_order":0,"comment_status":"closed","ping_status":"closed","template":"","meta":{"_acf_changed":false,"footnotes":""},"class_list":["post-3380","page","type-page","status-publish","hentry"],"acf":[],"yoast_head":"<!-- This site is optimized with the Yoast SEO plugin v27.3 - https:\/\/yoast.com\/product\/yoast-seo-wordpress\/ -->\n<title>Vides pieejam\u012bba - VIVIDERM<\/title>\n<meta name=\"robots\" content=\"index, follow, max-snippet:-1, max-image-preview:large, max-video-preview:-1\" \/>\n<link rel=\"canonical\" href=\"https:\/\/vividerm.lv\/en\/vides-pieejamiba\/\" \/>\n<meta property=\"og:locale\" content=\"en_US\" \/>\n<meta property=\"og:type\" content=\"article\" \/>\n<meta property=\"og:title\" content=\"Vides pieejam\u012bba - VIVIDERM\" \/>\n<meta property=\"og:description\" content=\"L\u0101zerdermatolo\u0123ijas kl\u012bnik\u0101 VIVIDERM ir iesp\u0113ja sa\u0146emt visus dermatologa un venerologa pakalpojumus person\u0101m ar kust\u012bbas trauc\u0113jumiem.Apmekl\u0113t\u0101jiem ar kust\u012bbas trauc\u0113jumiem iek\u013c\u016bt \u0113k\u0101 iesp\u0113jams no Roberta Hir\u0161a ielas un no Skanstes ielas.\" \/>\n<meta property=\"og:url\" content=\"https:\/\/vividerm.lv\/en\/vides-pieejamiba\/\" \/>\n<meta property=\"og:site_name\" content=\"VIVIDERM\" \/>\n<meta property=\"article:publisher\" content=\"https:\/\/www.facebook.com\/vividerm.lv\" \/>\n<meta property=\"article:modified_time\" content=\"2024-12-03T17:00:56+00:00\" \/>\n<meta property=\"og:image\" content=\"https:\/\/vividerm.lv\/wp-content\/uploads\/2024\/10\/VIVIDERM-Lazerepilacijas-un-Kosmetologijas-centrs.webp\" \/>\n\t<meta property=\"og:image:width\" content=\"1280\" \/>\n\t<meta property=\"og:image:height\" content=\"854\" \/>\n\t<meta property=\"og:image:type\" content=\"image\/webp\" \/>\n<meta name=\"twitter:card\" content=\"summary_large_image\" \/>\n<meta name=\"twitter:label1\" content=\"Est. reading time\" \/>\n\t<meta name=\"twitter:data1\" content=\"1 minute\" \/>\n<script type=\"application\/ld+json\" class=\"yoast-schema-graph\">{\"@context\":\"https:\\\/\\\/schema.org\",\"@graph\":[{\"@type\":\"WebPage\",\"@id\":\"https:\\\/\\\/vividerm.lv\\\/vides-pieejamiba\\\/\",\"url\":\"https:\\\/\\\/vividerm.lv\\\/vides-pieejamiba\\\/\",\"name\":\"Vides pieejam\u012bba - VIVIDERM\",\"isPartOf\":{\"@id\":\"https:\\\/\\\/vividerm.lv\\\/#website\"},\"datePublished\":\"2024-11-05T13:55:17+00:00\",\"dateModified\":\"2024-12-03T17:00:56+00:00\",\"breadcrumb\":{\"@id\":\"https:\\\/\\\/vividerm.lv\\\/vides-pieejamiba\\\/#breadcrumb\"},\"inLanguage\":\"en-US\",\"potentialAction\":[{\"@type\":\"ReadAction\",\"target\":[\"https:\\\/\\\/vividerm.lv\\\/vides-pieejamiba\\\/\"]}]},{\"@type\":\"BreadcrumbList\",\"@id\":\"https:\\\/\\\/vividerm.lv\\\/vides-pieejamiba\\\/#breadcrumb\",\"itemListElement\":[{\"@type\":\"ListItem\",\"position\":1,\"name\":\"Galven\u0101\",\"item\":\"https:\\\/\\\/vividerm.lv\\\/\"},{\"@type\":\"ListItem\",\"position\":2,\"name\":\"Vides pieejam\u012bba\"}]},{\"@type\":\"WebSite\",\"@id\":\"https:\\\/\\\/vividerm.lv\\\/#website\",\"url\":\"https:\\\/\\\/vividerm.lv\\\/\",\"name\":\"VIVIDERM\",\"description\":\"\",\"publisher\":{\"@id\":\"https:\\\/\\\/vividerm.lv\\\/#organization\"},\"potentialAction\":[{\"@type\":\"SearchAction\",\"target\":{\"@type\":\"EntryPoint\",\"urlTemplate\":\"https:\\\/\\\/vividerm.lv\\\/?s={search_term_string}\"},\"query-input\":{\"@type\":\"PropertyValueSpecification\",\"valueRequired\":true,\"valueName\":\"search_term_string\"}}],\"inLanguage\":\"en-US\"},{\"@type\":\"Organization\",\"@id\":\"https:\\\/\\\/vividerm.lv\\\/#organization\",\"name\":\"VIVIDERM\",\"url\":\"https:\\\/\\\/vividerm.lv\\\/\",\"logo\":{\"@type\":\"ImageObject\",\"inLanguage\":\"en-US\",\"@id\":\"https:\\\/\\\/vividerm.lv\\\/#\\\/schema\\\/logo\\\/image\\\/\",\"url\":\"https:\\\/\\\/vividerm.lv\\\/wp-content\\\/uploads\\\/2025\\\/10\\\/VIVIDERM-Logo-White.png\",\"contentUrl\":\"https:\\\/\\\/vividerm.lv\\\/wp-content\\\/uploads\\\/2025\\\/10\\\/VIVIDERM-Logo-White.png\",\"width\":512,\"height\":512,\"caption\":\"VIVIDERM\"},\"image\":{\"@id\":\"https:\\\/\\\/vividerm.lv\\\/#\\\/schema\\\/logo\\\/image\\\/\"},\"sameAs\":[\"https:\\\/\\\/www.facebook.com\\\/vividerm.lv\",\"https:\\\/\\\/www.instagram.com\\\/vividerm_lv\\\/\"]}]}<\/script>\n<!-- \/ Yoast SEO plugin. -->","yoast_head_json":{"title":"Vides pieejam\u012bba - VIVIDERM","robots":{"index":"index","follow":"follow","max-snippet":"max-snippet:-1","max-image-preview":"max-image-preview:large","max-video-preview":"max-video-preview:-1"},"canonical":"https:\/\/vividerm.lv\/en\/vides-pieejamiba\/","og_locale":"en_US","og_type":"article","og_title":"Vides pieejam\u012bba - VIVIDERM","og_description":"L\u0101zerdermatolo\u0123ijas kl\u012bnik\u0101 VIVIDERM ir iesp\u0113ja sa\u0146emt visus dermatologa un venerologa pakalpojumus person\u0101m ar kust\u012bbas trauc\u0113jumiem.Apmekl\u0113t\u0101jiem ar kust\u012bbas trauc\u0113jumiem iek\u013c\u016bt \u0113k\u0101 iesp\u0113jams no Roberta Hir\u0161a ielas un no Skanstes ielas.","og_url":"https:\/\/vividerm.lv\/en\/vides-pieejamiba\/","og_site_name":"VIVIDERM","article_publisher":"https:\/\/www.facebook.com\/vividerm.lv","article_modified_time":"2024-12-03T17:00:56+00:00","og_image":[{"width":1280,"height":854,"url":"https:\/\/vividerm.lv\/wp-content\/uploads\/2024\/10\/VIVIDERM-Lazerepilacijas-un-Kosmetologijas-centrs.webp","type":"image\/webp"}],"twitter_card":"summary_large_image","twitter_misc":{"Est. reading time":"1 minute"},"schema":{"@context":"https:\/\/schema.org","@graph":[{"@type":"WebPage","@id":"https:\/\/vividerm.lv\/vides-pieejamiba\/","url":"https:\/\/vividerm.lv\/vides-pieejamiba\/","name":"Vides pieejam\u012bba - VIVIDERM","isPartOf":{"@id":"https:\/\/vividerm.lv\/#website"},"datePublished":"2024-11-05T13:55:17+00:00","dateModified":"2024-12-03T17:00:56+00:00","breadcrumb":{"@id":"https:\/\/vividerm.lv\/vides-pieejamiba\/#breadcrumb"},"inLanguage":"en-US","potentialAction":[{"@type":"ReadAction","target":["https:\/\/vividerm.lv\/vides-pieejamiba\/"]}]},{"@type":"BreadcrumbList","@id":"https:\/\/vividerm.lv\/vides-pieejamiba\/#breadcrumb","itemListElement":[{"@type":"ListItem","position":1,"name":"Galven\u0101","item":"https:\/\/vividerm.lv\/"},{"@type":"ListItem","position":2,"name":"Vides pieejam\u012bba"}]},{"@type":"WebSite","@id":"https:\/\/vividerm.lv\/#website","url":"https:\/\/vividerm.lv\/","name":"VIVIDERM","description":"","publisher":{"@id":"https:\/\/vividerm.lv\/#organization"},"potentialAction":[{"@type":"SearchAction","target":{"@type":"EntryPoint","urlTemplate":"https:\/\/vividerm.lv\/?s={search_term_string}"},"query-input":{"@type":"PropertyValueSpecification","valueRequired":true,"valueName":"search_term_string"}}],"inLanguage":"en-US"},{"@type":"Organization","@id":"https:\/\/vividerm.lv\/#organization","name":"VIVIDERM","url":"https:\/\/vividerm.lv\/","logo":{"@type":"ImageObject","inLanguage":"en-US","@id":"https:\/\/vividerm.lv\/#\/schema\/logo\/image\/","url":"https:\/\/vividerm.lv\/wp-content\/uploads\/2025\/10\/VIVIDERM-Logo-White.png","contentUrl":"https:\/\/vividerm.lv\/wp-content\/uploads\/2025\/10\/VIVIDERM-Logo-White.png","width":512,"height":512,"caption":"VIVIDERM"},"image":{"@id":"https:\/\/vividerm.lv\/#\/schema\/logo\/image\/"},"sameAs":["https:\/\/www.facebook.com\/vividerm.lv","https:\/\/www.instagram.com\/vividerm_lv\/"]}]}},"_links":{"self":[{"href":"https:\/\/vividerm.lv\/en\/wp-json\/wp\/v2\/pages\/3380","targetHints":{"allow":["GET"]}}],"collection":[{"href":"https:\/\/vividerm.lv\/en\/wp-json\/wp\/v2\/pages"}],"about":[{"href":"https:\/\/vividerm.lv\/en\/wp-json\/wp\/v2\/types\/page"}],"author":[{"embeddable":true,"href":"https:\/\/vividerm.lv\/en\/wp-json\/wp\/v2\/users\/2"}],"replies":[{"embeddable":true,"href":"https:\/\/vividerm.lv\/en\/wp-json\/wp\/v2\/comments?post=3380"}],"version-history":[{"count":0,"href":"https:\/\/vividerm.lv\/en\/wp-json\/wp\/v2\/pages\/3380\/revisions"}],"wp:attachment":[{"href":"https:\/\/vividerm.lv\/en\/wp-json\/wp\/v2\/media?parent=3380"}],"curies":[{"name":"wp","href":"https:\/\/api.w.org\/{rel}","templated":true}]}}