{"id":4637,"date":"2024-07-12T16:30:56","date_gmt":"2024-07-12T13:30:56","guid":{"rendered":"https:\/\/vividerm.lv\/?page_id=4637"},"modified":"2025-03-18T17:16:42","modified_gmt":"2025-03-18T14:16:42","slug":"deka-again-pro","status":"publish","type":"page","link":"https:\/\/vividerm.lv\/en\/ierices\/deka-again-pro\/","title":{"rendered":"DEKA Again PRO"},"content":{"rendered":"<div data-elementor-type=\"wp-page\" data-elementor-id=\"4637\" class=\"elementor elementor-4637\" data-elementor-post-type=\"page\">\n\t\t\t\t<div class=\"elementor-element elementor-element-293b00e xts-section-stretch e-con-full e-flex e-con e-parent\" data-id=\"293b00e\" data-element_type=\"container\" data-settings=\"{&quot;background_background&quot;:&quot;classic&quot;}\">\n\t\t<div class=\"elementor-element elementor-element-1764a0d e-con-full e-flex xts-section-disabled e-con e-child\" data-id=\"1764a0d\" data-element_type=\"container\">\n\t\t\t\t<div class=\"elementor-element elementor-element-70ba868 elementor-widget elementor-widget-image\" data-id=\"70ba868\" data-element_type=\"widget\" data-widget_type=\"image.default\">\n\t\t\t\t<div class=\"elementor-widget-container\">\n\t\t\t\t\t\t\t\t\t\t\t\t\t\t\t<img fetchpriority=\"high\" decoding=\"async\" width=\"1735\" height=\"1943\" src=\"https:\/\/vividerm.lv\/wp-content\/uploads\/2025\/03\/DEKA-Again-PRO-Lazers.webp\" class=\"attachment-full size-full wp-image-4624\" alt=\"DEKA Again PRO\" srcset=\"https:\/\/vividerm.lv\/wp-content\/uploads\/2025\/03\/DEKA-Again-PRO-Lazers.webp 1735w, https:\/\/vividerm.lv\/wp-content\/uploads\/2025\/03\/DEKA-Again-PRO-Lazers-268x300.webp 268w, https:\/\/vividerm.lv\/wp-content\/uploads\/2025\/03\/DEKA-Again-PRO-Lazers-914x1024.webp 914w, https:\/\/vividerm.lv\/wp-content\/uploads\/2025\/03\/DEKA-Again-PRO-Lazers-768x860.webp 768w, https:\/\/vividerm.lv\/wp-content\/uploads\/2025\/03\/DEKA-Again-PRO-Lazers-1372x1536.webp 1372w, https:\/\/vividerm.lv\/wp-content\/uploads\/2025\/03\/DEKA-Again-PRO-Lazers-11x12.webp 11w\" sizes=\"(max-width: 1735px) 100vw, 1735px\" \/>\t\t\t\t\t\t\t\t\t\t\t\t\t\t\t<\/div>\n\t\t\t\t<\/div>\n\t\t\t\t<\/div>\n\t\t<div class=\"elementor-element elementor-element-62818b9 e-con-full e-flex xts-section-disabled e-con e-child\" data-id=\"62818b9\" data-element_type=\"container\">\n\t\t\t\t<div class=\"elementor-element elementor-element-65e56b8 xts-scheme-inherit xts-textalign-inherit elementor-widget elementor-widget-text-editor\" data-id=\"65e56b8\" data-element_type=\"widget\" data-widget_type=\"text-editor.default\">\n\t\t\t\t<div class=\"elementor-widget-container\">\n\t\t\t\t\t\t\t\t\t<p>It\u0101\u013cu uz\u0146\u0113muma DEKA in\u017eenieri ir sp\u0113ru\u0161i n\u0101kamo soli l\u0101zertehnolo\u0123iju att\u012bst\u012bb\u0101, radot <strong>AGAIN PRO<\/strong> \u2013 jaun\u0101k\u0101s paaudzes univers\u0101lo platformu \u0101das est\u0113tikai un dermatolo\u0123ijai. \u0160is jaunin\u0101jums apvieno <strong>755 nm Aleksandr\u012bta<\/strong> un <strong>1064 nm Nd:YAG<\/strong> l\u0101zera vi\u013c\u0146u garumus, nodro\u0161inot izcilu efektivit\u0101ti pla\u0161am proced\u016bru kl\u0101stam: l\u0101zerepil\u0101cijai, asinsvadu boj\u0101jumu un pigment\u0101cijas \u0101rst\u0113\u0161anai, fotorejuven\u0101cijai, onihomikozes terapijai un cit\u0101m neinvaz\u012bv\u0101m \u0101das kop\u0161anas metod\u0113m.<\/p><p><strong>Galven\u0101s AGAIN PRO priek\u0161roc\u012bbas:<\/strong><\/p><ol><li><strong>Da\u017e\u0101du matu tipu un \u0101das fototipu apstr\u0101de<\/strong> \u2013 ar jauno dubult\u0101s vi\u013c\u0146a garuma sist\u0113mu tiek piln\u012bb\u0101 segta gan tum\u0161o, gan gai\u0161o un smalko mati\u0146u no\u0146em\u0161ana, tai skait\u0101 jut\u012bg\u0101s zon\u0101s.<\/li><li><strong>\u0100trums, dro\u0161\u012bba un komforts<\/strong> \u2013 proced\u016bras laiks ir samazin\u0101ts l\u012bdz pat 50%, pateicoties palielin\u0101tai jaudai un uzlabotai atv\u0113sin\u0101\u0161anas sist\u0113mai. L\u0101zera impulsi tiek pielietoti ar minim\u0101lu s\u0101pju saj\u016btu un bez lieka diskomforta.<\/li><li><strong>Moveo tehnolo\u0123ijas sp\u0113ks<\/strong> \u2013 ekskluz\u012bvais \u201cMoveo\u201d roktura risin\u0101jums sniedz dzi\u013cu, tom\u0113r saudz\u012bgu iedarb\u012bbu. L\u0101zera ener\u0123ija tiek izmantota maksim\u0101li efekt\u012bvi, samazinot gaismas atstaro\u0161anos no \u0101das.<\/li><li><strong>Pla\u0161s pielietojuma spektrs<\/strong> \u2013 no l\u0101zerepil\u0101cijas l\u012bdz neablativai \u0101das atjauno\u0161anai, asinsvadu boj\u0101jumu mazin\u0101\u0161anai un pigmenta plankumu korekcijai. Pateicoties da\u017e\u0101diem uzga\u013ciem, var piel\u0101goties \u013coti konkr\u0113t\u0101m indik\u0101cij\u0101m un vajadz\u012bb\u0101m.<\/li><li><strong>Optim\u0101la rezult\u0101ta nodro\u0161in\u0101\u0161ana<\/strong> \u2013 \u012bpa\u0161i \u012bsi impulsi \u013cauj efekt\u012bvi str\u0101d\u0101t ar s\u012bk\u0101m asinsvadu probl\u0113m\u0101m, pl\u0101n\u0101kiem matiem un prec\u012bzi fokus\u0113ties uz pigmenta boj\u0101jumiem.<\/li><li><strong>Praktiska un ilgtsp\u0113j\u012bga<\/strong> \u2013 \u0113rta roktura uzb\u016bve, autom\u0101tiska uzga\u013cu atpaz\u012b\u0161anas sist\u0113ma un zemas ekspluat\u0101cijas izmaksas padara AGAIN PRO par profesion\u0101lu risin\u0101jumu modernam est\u0113tisk\u0101s medic\u012bnas centram.<\/li><\/ol><p>AGAIN PRO \u013cauj sasniegt <strong>optim\u0101lus rezult\u0101tus<\/strong>, samazinot proced\u016bru ilgumu un rehabilit\u0101cijas laiku l\u012bdz minimumam. It\u0101\u013cu z\u012bmols DEKA ir paz\u012bstams ar savu augsto kvalit\u0101ti un tehniskajiem sasniegumiem, kas iekaroju\u0161i profesion\u0101\u013cu uztic\u012bbu vis\u0101 pasaul\u0113. Ar AGAIN PRO J\u016bs ieg\u016bstat m\u016bsdien\u012bgu, dro\u0161u un univers\u0101lu l\u0101zersist\u0113mu, kas uzlabo \u0101das izskatu un vesel\u012bbu, atbilstot pat vispras\u012bg\u0101ko klientu v\u0113lm\u0113m.<\/p>\t\t\t\t\t\t\t\t<\/div>\n\t\t\t\t<\/div>\n\t\t<div class=\"elementor-element elementor-element-f372d68 e-con-full e-flex xts-section-disabled e-con e-child\" data-id=\"f372d68\" data-element_type=\"container\">\n\t\t\t\t<div class=\"elementor-element elementor-element-6444252 elementor-mobile-align-justify elementor-widget elementor-widget-button\" data-id=\"6444252\" data-element_type=\"widget\" data-widget_type=\"button.default\">\n\t\t\t\t<div class=\"elementor-widget-container\">\n\t\t\t\t\t\t\t\t\t<div class=\"elementor-button-wrapper\">\n\t\t\t\t\t<a class=\"elementor-button elementor-button-link elementor-size-sm\" href=\"#elementor-action%3Aaction%3Dpopup%3Aopen%26settings%3DeyJpZCI6IjQ2IiwidG9nZ2xlIjpmYWxzZX0%3D\">\n\t\t\t\t\t\t<span class=\"elementor-button-content-wrapper\">\n\t\t\t\t\t\t\t\t\t<span class=\"elementor-button-text\">Apply for the procedure<\/span>\n\t\t\t\t\t<\/span>\n\t\t\t\t\t<\/a>\n\t\t\t\t<\/div>\n\t\t\t\t\t\t\t\t<\/div>\n\t\t\t\t<\/div>\n\t\t\t\t<div class=\"elementor-element elementor-element-334ecef elementor-mobile-align-justify elementor-widget elementor-widget-button\" data-id=\"334ecef\" data-element_type=\"widget\" data-widget_type=\"button.default\">\n\t\t\t\t<div class=\"elementor-widget-container\">\n\t\t\t\t\t\t\t\t\t<div class=\"elementor-button-wrapper\">\n\t\t\t\t\t<a class=\"elementor-button elementor-button-link elementor-size-sm\" href=\"https:\/\/vividerm.lv\/en\/services\/lazeratjaunosana-ar-nd-yag-deka-again-pro\/\">\n\t\t\t\t\t\t<span class=\"elementor-button-content-wrapper\">\n\t\t\t\t\t\t\t\t\t<span class=\"elementor-button-text\">Learn more<\/span>\n\t\t\t\t\t<\/span>\n\t\t\t\t\t<\/a>\n\t\t\t\t<\/div>\n\t\t\t\t\t\t\t\t<\/div>\n\t\t\t\t<\/div>\n\t\t\t\t<\/div>\n\t\t\t\t<\/div>\n\t\t\t\t<\/div>\n\t\t\t\t<\/div>","protected":false},"excerpt":{"rendered":"<p>It\u0101\u013cu uz\u0146\u0113muma DEKA in\u017eenieri ir sp\u0113ru\u0161i n\u0101kamo soli l\u0101zertehnolo\u0123iju att\u012bst\u012bb\u0101, radot AGAIN PRO \u2013 jaun\u0101k\u0101s paaudzes univers\u0101lo platformu \u0101das est\u0113tikai un dermatolo\u0123ijai. \u0160is jaunin\u0101jums apvieno 755 nm Aleksandr\u012bta un 1064 nm Nd:YAG l\u0101zera vi\u013c\u0146u garumus, nodro\u0161inot izcilu efektivit\u0101ti pla\u0161am proced\u016bru kl\u0101stam: l\u0101zerepil\u0101cijai, asinsvadu boj\u0101jumu un pigment\u0101cijas \u0101rst\u0113\u0161anai, fotorejuven\u0101cijai, onihomikozes terapijai un cit\u0101m neinvaz\u012bv\u0101m \u0101das kop\u0161anas [&hellip;]<\/p>\n","protected":false},"author":2,"featured_media":4624,"parent":613,"menu_order":0,"comment_status":"closed","ping_status":"closed","template":"","meta":{"_acf_changed":false,"footnotes":""},"class_list":["post-4637","page","type-page","status-publish","has-post-thumbnail","hentry"],"acf":[],"yoast_head":"<!-- This site is optimized with the Yoast SEO plugin v27.4 - https:\/\/yoast.com\/product\/yoast-seo-wordpress\/ -->\n<title>DEKA Again PRO - VIVIDERM<\/title>\n<meta name=\"robots\" content=\"index, follow, max-snippet:-1, max-image-preview:large, max-video-preview:-1\" \/>\n<link rel=\"canonical\" href=\"https:\/\/vividerm.lv\/en\/ierices\/deka-again-pro\/\" \/>\n<meta property=\"og:locale\" content=\"en_US\" \/>\n<meta property=\"og:type\" content=\"article\" \/>\n<meta property=\"og:title\" content=\"DEKA Again PRO - VIVIDERM\" \/>\n<meta property=\"og:description\" content=\"It\u0101\u013cu uz\u0146\u0113muma DEKA in\u017eenieri ir sp\u0113ru\u0161i n\u0101kamo soli l\u0101zertehnolo\u0123iju att\u012bst\u012bb\u0101, radot AGAIN PRO \u2013 jaun\u0101k\u0101s paaudzes univers\u0101lo platformu \u0101das est\u0113tikai un dermatolo\u0123ijai. \u0160is jaunin\u0101jums apvieno 755 nm Aleksandr\u012bta un 1064 nm Nd:YAG l\u0101zera vi\u013c\u0146u garumus, nodro\u0161inot izcilu efektivit\u0101ti pla\u0161am proced\u016bru kl\u0101stam: l\u0101zerepil\u0101cijai, asinsvadu boj\u0101jumu un pigment\u0101cijas \u0101rst\u0113\u0161anai, fotorejuven\u0101cijai, onihomikozes terapijai un cit\u0101m neinvaz\u012bv\u0101m \u0101das kop\u0161anas [&hellip;]\" \/>\n<meta property=\"og:url\" content=\"https:\/\/vividerm.lv\/en\/ierices\/deka-again-pro\/\" \/>\n<meta property=\"og:site_name\" content=\"VIVIDERM\" \/>\n<meta property=\"article:publisher\" content=\"https:\/\/www.facebook.com\/vividerm.lv\" \/>\n<meta property=\"article:modified_time\" content=\"2025-03-18T14:16:42+00:00\" \/>\n<meta property=\"og:image\" content=\"https:\/\/vividerm.lv\/wp-content\/uploads\/2025\/03\/DEKA-Again-PRO-Lazers.webp\" \/>\n\t<meta property=\"og:image:width\" content=\"1735\" \/>\n\t<meta property=\"og:image:height\" content=\"1943\" \/>\n\t<meta property=\"og:image:type\" content=\"image\/webp\" \/>\n<meta name=\"twitter:card\" content=\"summary_large_image\" \/>\n<meta name=\"twitter:label1\" content=\"Est. reading time\" \/>\n\t<meta name=\"twitter:data1\" content=\"2 minutes\" \/>\n<script type=\"application\/ld+json\" class=\"yoast-schema-graph\">{\"@context\":\"https:\\\/\\\/schema.org\",\"@graph\":[{\"@type\":\"WebPage\",\"@id\":\"https:\\\/\\\/vividerm.lv\\\/ierices\\\/deka-again-pro\\\/\",\"url\":\"https:\\\/\\\/vividerm.lv\\\/ierices\\\/deka-again-pro\\\/\",\"name\":\"DEKA Again PRO - VIVIDERM\",\"isPartOf\":{\"@id\":\"https:\\\/\\\/vividerm.lv\\\/#website\"},\"primaryImageOfPage\":{\"@id\":\"https:\\\/\\\/vividerm.lv\\\/ierices\\\/deka-again-pro\\\/#primaryimage\"},\"image\":{\"@id\":\"https:\\\/\\\/vividerm.lv\\\/ierices\\\/deka-again-pro\\\/#primaryimage\"},\"thumbnailUrl\":\"https:\\\/\\\/vividerm.lv\\\/wp-content\\\/uploads\\\/2025\\\/03\\\/DEKA-Again-PRO-Lazers.webp\",\"datePublished\":\"2024-07-12T13:30:56+00:00\",\"dateModified\":\"2025-03-18T14:16:42+00:00\",\"breadcrumb\":{\"@id\":\"https:\\\/\\\/vividerm.lv\\\/ierices\\\/deka-again-pro\\\/#breadcrumb\"},\"inLanguage\":\"en-US\",\"potentialAction\":[{\"@type\":\"ReadAction\",\"target\":[\"https:\\\/\\\/vividerm.lv\\\/ierices\\\/deka-again-pro\\\/\"]}]},{\"@type\":\"ImageObject\",\"inLanguage\":\"en-US\",\"@id\":\"https:\\\/\\\/vividerm.lv\\\/ierices\\\/deka-again-pro\\\/#primaryimage\",\"url\":\"https:\\\/\\\/vividerm.lv\\\/wp-content\\\/uploads\\\/2025\\\/03\\\/DEKA-Again-PRO-Lazers.webp\",\"contentUrl\":\"https:\\\/\\\/vividerm.lv\\\/wp-content\\\/uploads\\\/2025\\\/03\\\/DEKA-Again-PRO-Lazers.webp\",\"width\":1735,\"height\":1943,\"caption\":\"DEKA Again PRO\"},{\"@type\":\"BreadcrumbList\",\"@id\":\"https:\\\/\\\/vividerm.lv\\\/ierices\\\/deka-again-pro\\\/#breadcrumb\",\"itemListElement\":[{\"@type\":\"ListItem\",\"position\":1,\"name\":\"Galven\u0101\",\"item\":\"https:\\\/\\\/vividerm.lv\\\/\"},{\"@type\":\"ListItem\",\"position\":2,\"name\":\"Ier\u012bces\",\"item\":\"https:\\\/\\\/vividerm.lv\\\/ierices\\\/\"},{\"@type\":\"ListItem\",\"position\":3,\"name\":\"DEKA Again PRO\"}]},{\"@type\":\"WebSite\",\"@id\":\"https:\\\/\\\/vividerm.lv\\\/#website\",\"url\":\"https:\\\/\\\/vividerm.lv\\\/\",\"name\":\"VIVIDERM\",\"description\":\"\",\"publisher\":{\"@id\":\"https:\\\/\\\/vividerm.lv\\\/#organization\"},\"potentialAction\":[{\"@type\":\"SearchAction\",\"target\":{\"@type\":\"EntryPoint\",\"urlTemplate\":\"https:\\\/\\\/vividerm.lv\\\/?s={search_term_string}\"},\"query-input\":{\"@type\":\"PropertyValueSpecification\",\"valueRequired\":true,\"valueName\":\"search_term_string\"}}],\"inLanguage\":\"en-US\"},{\"@type\":\"Organization\",\"@id\":\"https:\\\/\\\/vividerm.lv\\\/#organization\",\"name\":\"VIVIDERM\",\"url\":\"https:\\\/\\\/vividerm.lv\\\/\",\"logo\":{\"@type\":\"ImageObject\",\"inLanguage\":\"en-US\",\"@id\":\"https:\\\/\\\/vividerm.lv\\\/#\\\/schema\\\/logo\\\/image\\\/\",\"url\":\"https:\\\/\\\/vividerm.lv\\\/wp-content\\\/uploads\\\/2025\\\/10\\\/VIVIDERM-Logo-White.png\",\"contentUrl\":\"https:\\\/\\\/vividerm.lv\\\/wp-content\\\/uploads\\\/2025\\\/10\\\/VIVIDERM-Logo-White.png\",\"width\":512,\"height\":512,\"caption\":\"VIVIDERM\"},\"image\":{\"@id\":\"https:\\\/\\\/vividerm.lv\\\/#\\\/schema\\\/logo\\\/image\\\/\"},\"sameAs\":[\"https:\\\/\\\/www.facebook.com\\\/vividerm.lv\",\"https:\\\/\\\/www.instagram.com\\\/vividerm_lv\\\/\"]}]}<\/script>\n<!-- \/ Yoast SEO plugin. -->","yoast_head_json":{"title":"DEKA Again PRO - VIVIDERM","robots":{"index":"index","follow":"follow","max-snippet":"max-snippet:-1","max-image-preview":"max-image-preview:large","max-video-preview":"max-video-preview:-1"},"canonical":"https:\/\/vividerm.lv\/en\/ierices\/deka-again-pro\/","og_locale":"en_US","og_type":"article","og_title":"DEKA Again PRO - VIVIDERM","og_description":"It\u0101\u013cu uz\u0146\u0113muma DEKA in\u017eenieri ir sp\u0113ru\u0161i n\u0101kamo soli l\u0101zertehnolo\u0123iju att\u012bst\u012bb\u0101, radot AGAIN PRO \u2013 jaun\u0101k\u0101s paaudzes univers\u0101lo platformu \u0101das est\u0113tikai un dermatolo\u0123ijai. \u0160is jaunin\u0101jums apvieno 755 nm Aleksandr\u012bta un 1064 nm Nd:YAG l\u0101zera vi\u013c\u0146u garumus, nodro\u0161inot izcilu efektivit\u0101ti pla\u0161am proced\u016bru kl\u0101stam: l\u0101zerepil\u0101cijai, asinsvadu boj\u0101jumu un pigment\u0101cijas \u0101rst\u0113\u0161anai, fotorejuven\u0101cijai, onihomikozes terapijai un cit\u0101m neinvaz\u012bv\u0101m \u0101das kop\u0161anas [&hellip;]","og_url":"https:\/\/vividerm.lv\/en\/ierices\/deka-again-pro\/","og_site_name":"VIVIDERM","article_publisher":"https:\/\/www.facebook.com\/vividerm.lv","article_modified_time":"2025-03-18T14:16:42+00:00","og_image":[{"width":1735,"height":1943,"url":"https:\/\/vividerm.lv\/wp-content\/uploads\/2025\/03\/DEKA-Again-PRO-Lazers.webp","type":"image\/webp"}],"twitter_card":"summary_large_image","twitter_misc":{"Est. reading time":"2 minutes"},"schema":{"@context":"https:\/\/schema.org","@graph":[{"@type":"WebPage","@id":"https:\/\/vividerm.lv\/ierices\/deka-again-pro\/","url":"https:\/\/vividerm.lv\/ierices\/deka-again-pro\/","name":"DEKA Again PRO - VIVIDERM","isPartOf":{"@id":"https:\/\/vividerm.lv\/#website"},"primaryImageOfPage":{"@id":"https:\/\/vividerm.lv\/ierices\/deka-again-pro\/#primaryimage"},"image":{"@id":"https:\/\/vividerm.lv\/ierices\/deka-again-pro\/#primaryimage"},"thumbnailUrl":"https:\/\/vividerm.lv\/wp-content\/uploads\/2025\/03\/DEKA-Again-PRO-Lazers.webp","datePublished":"2024-07-12T13:30:56+00:00","dateModified":"2025-03-18T14:16:42+00:00","breadcrumb":{"@id":"https:\/\/vividerm.lv\/ierices\/deka-again-pro\/#breadcrumb"},"inLanguage":"en-US","potentialAction":[{"@type":"ReadAction","target":["https:\/\/vividerm.lv\/ierices\/deka-again-pro\/"]}]},{"@type":"ImageObject","inLanguage":"en-US","@id":"https:\/\/vividerm.lv\/ierices\/deka-again-pro\/#primaryimage","url":"https:\/\/vividerm.lv\/wp-content\/uploads\/2025\/03\/DEKA-Again-PRO-Lazers.webp","contentUrl":"https:\/\/vividerm.lv\/wp-content\/uploads\/2025\/03\/DEKA-Again-PRO-Lazers.webp","width":1735,"height":1943,"caption":"DEKA Again PRO"},{"@type":"BreadcrumbList","@id":"https:\/\/vividerm.lv\/ierices\/deka-again-pro\/#breadcrumb","itemListElement":[{"@type":"ListItem","position":1,"name":"Galven\u0101","item":"https:\/\/vividerm.lv\/"},{"@type":"ListItem","position":2,"name":"Ier\u012bces","item":"https:\/\/vividerm.lv\/ierices\/"},{"@type":"ListItem","position":3,"name":"DEKA Again PRO"}]},{"@type":"WebSite","@id":"https:\/\/vividerm.lv\/#website","url":"https:\/\/vividerm.lv\/","name":"VIVIDERM","description":"","publisher":{"@id":"https:\/\/vividerm.lv\/#organization"},"potentialAction":[{"@type":"SearchAction","target":{"@type":"EntryPoint","urlTemplate":"https:\/\/vividerm.lv\/?s={search_term_string}"},"query-input":{"@type":"PropertyValueSpecification","valueRequired":true,"valueName":"search_term_string"}}],"inLanguage":"en-US"},{"@type":"Organization","@id":"https:\/\/vividerm.lv\/#organization","name":"VIVIDERM","url":"https:\/\/vividerm.lv\/","logo":{"@type":"ImageObject","inLanguage":"en-US","@id":"https:\/\/vividerm.lv\/#\/schema\/logo\/image\/","url":"https:\/\/vividerm.lv\/wp-content\/uploads\/2025\/10\/VIVIDERM-Logo-White.png","contentUrl":"https:\/\/vividerm.lv\/wp-content\/uploads\/2025\/10\/VIVIDERM-Logo-White.png","width":512,"height":512,"caption":"VIVIDERM"},"image":{"@id":"https:\/\/vividerm.lv\/#\/schema\/logo\/image\/"},"sameAs":["https:\/\/www.facebook.com\/vividerm.lv","https:\/\/www.instagram.com\/vividerm_lv\/"]}]}},"_links":{"self":[{"href":"https:\/\/vividerm.lv\/en\/wp-json\/wp\/v2\/pages\/4637","targetHints":{"allow":["GET"]}}],"collection":[{"href":"https:\/\/vividerm.lv\/en\/wp-json\/wp\/v2\/pages"}],"about":[{"href":"https:\/\/vividerm.lv\/en\/wp-json\/wp\/v2\/types\/page"}],"author":[{"embeddable":true,"href":"https:\/\/vividerm.lv\/en\/wp-json\/wp\/v2\/users\/2"}],"replies":[{"embeddable":true,"href":"https:\/\/vividerm.lv\/en\/wp-json\/wp\/v2\/comments?post=4637"}],"version-history":[{"count":0,"href":"https:\/\/vividerm.lv\/en\/wp-json\/wp\/v2\/pages\/4637\/revisions"}],"up":[{"embeddable":true,"href":"https:\/\/vividerm.lv\/en\/wp-json\/wp\/v2\/pages\/613"}],"wp:featuredmedia":[{"embeddable":true,"href":"https:\/\/vividerm.lv\/en\/wp-json\/wp\/v2\/media\/4624"}],"wp:attachment":[{"href":"https:\/\/vividerm.lv\/en\/wp-json\/wp\/v2\/media?parent=4637"}],"curies":[{"name":"wp","href":"https:\/\/api.w.org\/{rel}","templated":true}]}}