{"id":4645,"date":"2024-07-12T16:31:49","date_gmt":"2024-07-12T13:31:49","guid":{"rendered":"https:\/\/vividerm.lv\/?page_id=4645"},"modified":"2025-03-18T17:16:57","modified_gmt":"2025-03-18T14:16:57","slug":"deka-tetra-pro-co%e2%82%82","status":"publish","type":"page","link":"https:\/\/vividerm.lv\/en\/ierices\/deka-tetra-pro-co%e2%82%82\/","title":{"rendered":"DEKA Tetra PRO CO\u2082"},"content":{"rendered":"<div data-elementor-type=\"wp-page\" data-elementor-id=\"4645\" class=\"elementor elementor-4645\" data-elementor-post-type=\"page\">\n\t\t\t\t<div class=\"elementor-element elementor-element-ecdf82b xts-section-stretch e-con-full e-flex e-con e-parent\" data-id=\"ecdf82b\" data-element_type=\"container\" data-settings=\"{&quot;background_background&quot;:&quot;classic&quot;}\">\n\t\t<div class=\"elementor-element elementor-element-1d9380d e-con-full e-flex xts-section-disabled e-con e-child\" data-id=\"1d9380d\" data-element_type=\"container\">\n\t\t\t\t<div class=\"elementor-element elementor-element-006a0bd elementor-widget elementor-widget-image\" data-id=\"006a0bd\" data-element_type=\"widget\" data-widget_type=\"image.default\">\n\t\t\t\t<div class=\"elementor-widget-container\">\n\t\t\t\t\t\t\t\t\t\t\t\t\t\t\t<img fetchpriority=\"high\" decoding=\"async\" width=\"1735\" height=\"1943\" src=\"https:\/\/vividerm.lv\/wp-content\/uploads\/2025\/03\/DEKA-Tetra-PRO-Lazers.webp\" class=\"attachment-full size-full wp-image-4625\" alt=\"DEKA Tetra PRO\" srcset=\"https:\/\/vividerm.lv\/wp-content\/uploads\/2025\/03\/DEKA-Tetra-PRO-Lazers.webp 1735w, https:\/\/vividerm.lv\/wp-content\/uploads\/2025\/03\/DEKA-Tetra-PRO-Lazers-268x300.webp 268w, https:\/\/vividerm.lv\/wp-content\/uploads\/2025\/03\/DEKA-Tetra-PRO-Lazers-914x1024.webp 914w, https:\/\/vividerm.lv\/wp-content\/uploads\/2025\/03\/DEKA-Tetra-PRO-Lazers-768x860.webp 768w, https:\/\/vividerm.lv\/wp-content\/uploads\/2025\/03\/DEKA-Tetra-PRO-Lazers-1372x1536.webp 1372w, https:\/\/vividerm.lv\/wp-content\/uploads\/2025\/03\/DEKA-Tetra-PRO-Lazers-11x12.webp 11w\" sizes=\"(max-width: 1735px) 100vw, 1735px\" \/>\t\t\t\t\t\t\t\t\t\t\t\t\t\t\t<\/div>\n\t\t\t\t<\/div>\n\t\t\t\t<\/div>\n\t\t<div class=\"elementor-element elementor-element-768a1a5 e-con-full e-flex xts-section-disabled e-con e-child\" data-id=\"768a1a5\" data-element_type=\"container\">\n\t\t\t\t<div class=\"elementor-element elementor-element-5a285d5 xts-scheme-inherit xts-textalign-inherit elementor-widget elementor-widget-text-editor\" data-id=\"5a285d5\" data-element_type=\"widget\" data-widget_type=\"text-editor.default\">\n\t\t\t\t<div class=\"elementor-widget-container\">\n\t\t\t\t\t\t\t\t\t<p>DEKA n\u0101kam\u0101s paaudzes CO\u2082 l\u0101zersist\u0113ma \u2013 <strong>TETRA PRO<\/strong>\u00a0pace\u013c frakcion\u0113t\u0101s \u0101das atjauno\u0161anas un \u0137irur\u0123isk\u0101s proced\u016bras jaun\u0101 l\u012bmen\u012b. TETRA PRO apvieno <strong>40 W jaudu<\/strong>, <strong>ekskluz\u012bvo PSD tehnolo\u0123iju (Pulse Shape Design)<\/strong> un vair\u0101kas augsti prec\u012bzas sken\u0113\u0161anas sist\u0113mas, pied\u0101v\u0101jot v\u0113l nebiju\u0161u veiktsp\u0113ju dermatolo\u0123ijas un est\u0113tisk\u0101s medic\u012bnas jom\u0101.<\/p><p><strong>Galven\u0101s TETRA PRO CO\u2082 priek\u0161roc\u012bbas:<\/strong><\/p><ol><li><strong>CoolPeel\u00ae tehnolo\u0123ija<\/strong> \u2013 inovat\u012bva frakcion\u0113t\u0101s abl\u0101cijas metode ar minim\u0101lu rehabilit\u0101cijas laiku, kas nodro\u0161ina dabiski vienm\u0113r\u012bgu \u0101das tekst\u016bru un \u0101tr\u0101kus rezult\u0101tus.<\/li><li><strong>\u010cetri impulsa re\u017e\u012bmi un SmartStack funkcija<\/strong> \u2013 pateicoties PSD tehnolo\u0123ijai, iesp\u0113jams prec\u012bzi piel\u0101got impulsu dzi\u013cumu, ener\u0123iju un formu. Tas \u013cauj \u0101rst\u0113t visda\u017e\u0101d\u0101k\u0101s \u0101das probl\u0113mas: no smalk\u0101m krunci\u0146\u0101m un pigment\u0101cijas l\u012bdz r\u0113t\u0101m un \u0101das tvirtuma uzlabo\u0161anai.<\/li><li><strong>Augsta jauda un liel\u0101ks sken\u0113\u0161anas lauks<\/strong> \u2013 <strong>40 W<\/strong> CO\u2082 l\u0101zers ar palielin\u0101tu darba laukumu (l\u012bdz 20\u00d720 mm) pa\u0101trina proced\u016bru l\u012bdz pat 30%, vienlaikus saglab\u0101jot augst\u0101ko dro\u0161\u012bbas un efektivit\u0101tes l\u012bmeni.<\/li><li><strong>Daudzfunkcionalit\u0101te<\/strong> \u2013 TETRA PRO ide\u0101li piem\u0113rota dermatolo\u0123iskaj\u0101m oper\u0101cij\u0101m, BLEFAROPLASTIKAI, r\u0113tu korekcijai (DOT Therapy) un g\u013cot\u0101du proced\u016br\u0101m ginekolo\u0123ij\u0101.<\/li><li><strong>\u0112rta lieto\u0161ana un dro\u0161\u012bba<\/strong> \u2013 ergonomiska rokas instrumentu konstrukcija, regul\u0113jami sken\u0113\u0161anas parametri un integr\u0113ta d\u016bmu ats\u016bk\u0161anas sist\u0113ma samazina p\u0113cproced\u016bras riskus, k\u0101 ar\u012b pa\u0101trina \u0101das atvese\u013co\u0161anos.<\/li><li><strong>Piel\u0101gojami rezult\u0101ti<\/strong> \u2013 SmartPulse, DEKAPulse un HighPulse re\u017e\u012bmi \u013cauj kombin\u0113t vajadz\u012bgo ablat\u012bvo un termisko iedarb\u012bbu, ieg\u016bstot individu\u0101li atbilsto\u0161us, ilglaic\u012bgus rezult\u0101tus.<\/li><\/ol><p>Ar <strong>TETRA PRO CO\u2082<\/strong> DEKA v\u0113lreiz apliecina savu l\u012bderpoz\u012bciju l\u0101zertehnolo\u0123iju tirg\u016b, pied\u0101v\u0101jot inovat\u012bvu un dro\u0161u risin\u0101jumu gan neablativ\u0101m, gan ablativ\u0101m proced\u016br\u0101m, k\u0101 ar\u012b pla\u0161u indik\u0101ciju spektru \u0101das est\u0113tik\u0101 un \u0137irur\u0123ij\u0101. Tas ir n\u0101kamais solis, lai pan\u0101ktu <strong>maksim\u0101lu precizit\u0101ti, \u0101tru proced\u016bru laiku un minim\u0101lu rehabilit\u0101ciju<\/strong>, radot izteikti dabisku un ilgnotur\u012bgu \u0101das uzlabo\u0161anas efektu.<\/p>\t\t\t\t\t\t\t\t<\/div>\n\t\t\t\t<\/div>\n\t\t<div class=\"elementor-element elementor-element-b147a1b e-con-full e-flex xts-section-disabled e-con e-child\" data-id=\"b147a1b\" data-element_type=\"container\">\n\t\t\t\t<div class=\"elementor-element elementor-element-210bbe3 elementor-mobile-align-justify elementor-widget elementor-widget-button\" data-id=\"210bbe3\" data-element_type=\"widget\" data-widget_type=\"button.default\">\n\t\t\t\t<div class=\"elementor-widget-container\">\n\t\t\t\t\t\t\t\t\t<div class=\"elementor-button-wrapper\">\n\t\t\t\t\t<a class=\"elementor-button elementor-button-link elementor-size-sm\" href=\"#elementor-action%3Aaction%3Dpopup%3Aopen%26settings%3DeyJpZCI6IjQ2IiwidG9nZ2xlIjpmYWxzZX0%3D\">\n\t\t\t\t\t\t<span class=\"elementor-button-content-wrapper\">\n\t\t\t\t\t\t\t\t\t<span class=\"elementor-button-text\">Apply for the procedure<\/span>\n\t\t\t\t\t<\/span>\n\t\t\t\t\t<\/a>\n\t\t\t\t<\/div>\n\t\t\t\t\t\t\t\t<\/div>\n\t\t\t\t<\/div>\n\t\t\t\t<div class=\"elementor-element elementor-element-48b192f elementor-mobile-align-justify elementor-widget elementor-widget-button\" data-id=\"48b192f\" data-element_type=\"widget\" data-widget_type=\"button.default\">\n\t\t\t\t<div class=\"elementor-widget-container\">\n\t\t\t\t\t\t\t\t\t<div class=\"elementor-button-wrapper\">\n\t\t\t\t\t<a class=\"elementor-button elementor-button-link elementor-size-sm\" href=\"https:\/\/vividerm.lv\/en\/services\/lazerepilacija\/\">\n\t\t\t\t\t\t<span class=\"elementor-button-content-wrapper\">\n\t\t\t\t\t\t\t\t\t<span class=\"elementor-button-text\">Learn more<\/span>\n\t\t\t\t\t<\/span>\n\t\t\t\t\t<\/a>\n\t\t\t\t<\/div>\n\t\t\t\t\t\t\t\t<\/div>\n\t\t\t\t<\/div>\n\t\t\t\t<\/div>\n\t\t\t\t<\/div>\n\t\t\t\t<\/div>\n\t\t\t\t<\/div>","protected":false},"excerpt":{"rendered":"<p>DEKA n\u0101kam\u0101s paaudzes CO\u2082 l\u0101zersist\u0113ma \u2013 TETRA PRO\u00a0pace\u013c frakcion\u0113t\u0101s \u0101das atjauno\u0161anas un \u0137irur\u0123isk\u0101s proced\u016bras jaun\u0101 l\u012bmen\u012b. TETRA PRO apvieno 40 W jaudu, ekskluz\u012bvo PSD tehnolo\u0123iju (Pulse Shape Design) un vair\u0101kas augsti prec\u012bzas sken\u0113\u0161anas sist\u0113mas, pied\u0101v\u0101jot v\u0113l nebiju\u0161u veiktsp\u0113ju dermatolo\u0123ijas un est\u0113tisk\u0101s medic\u012bnas jom\u0101. Galven\u0101s TETRA PRO CO\u2082 priek\u0161roc\u012bbas: CoolPeel\u00ae tehnolo\u0123ija \u2013 inovat\u012bva frakcion\u0113t\u0101s abl\u0101cijas metode [&hellip;]<\/p>\n","protected":false},"author":2,"featured_media":4625,"parent":613,"menu_order":0,"comment_status":"closed","ping_status":"closed","template":"","meta":{"_acf_changed":false,"footnotes":""},"class_list":["post-4645","page","type-page","status-publish","has-post-thumbnail","hentry"],"acf":[],"yoast_head":"<!-- This site is optimized with the Yoast SEO plugin v27.3 - https:\/\/yoast.com\/product\/yoast-seo-wordpress\/ -->\n<title>DEKA Tetra PRO CO\u2082 - VIVIDERM<\/title>\n<meta name=\"robots\" content=\"index, follow, max-snippet:-1, max-image-preview:large, max-video-preview:-1\" \/>\n<link rel=\"canonical\" href=\"https:\/\/vividerm.lv\/en\/ierices\/deka-tetra-pro-co\u2082\/\" \/>\n<meta property=\"og:locale\" content=\"en_US\" \/>\n<meta property=\"og:type\" content=\"article\" \/>\n<meta property=\"og:title\" content=\"DEKA Tetra PRO CO\u2082 - VIVIDERM\" \/>\n<meta property=\"og:description\" content=\"DEKA n\u0101kam\u0101s paaudzes CO\u2082 l\u0101zersist\u0113ma \u2013 TETRA PRO\u00a0pace\u013c frakcion\u0113t\u0101s \u0101das atjauno\u0161anas un \u0137irur\u0123isk\u0101s proced\u016bras jaun\u0101 l\u012bmen\u012b. TETRA PRO apvieno 40 W jaudu, ekskluz\u012bvo PSD tehnolo\u0123iju (Pulse Shape Design) un vair\u0101kas augsti prec\u012bzas sken\u0113\u0161anas sist\u0113mas, pied\u0101v\u0101jot v\u0113l nebiju\u0161u veiktsp\u0113ju dermatolo\u0123ijas un est\u0113tisk\u0101s medic\u012bnas jom\u0101. Galven\u0101s TETRA PRO CO\u2082 priek\u0161roc\u012bbas: CoolPeel\u00ae tehnolo\u0123ija \u2013 inovat\u012bva frakcion\u0113t\u0101s abl\u0101cijas metode [&hellip;]\" \/>\n<meta property=\"og:url\" content=\"https:\/\/vividerm.lv\/en\/ierices\/deka-tetra-pro-co\u2082\/\" \/>\n<meta property=\"og:site_name\" content=\"VIVIDERM\" \/>\n<meta property=\"article:publisher\" content=\"https:\/\/www.facebook.com\/vividerm.lv\" \/>\n<meta property=\"article:modified_time\" content=\"2025-03-18T14:16:57+00:00\" \/>\n<meta property=\"og:image\" content=\"https:\/\/vividerm.lv\/wp-content\/uploads\/2025\/03\/DEKA-Tetra-PRO-Lazers.webp\" \/>\n\t<meta property=\"og:image:width\" content=\"1735\" \/>\n\t<meta property=\"og:image:height\" content=\"1943\" \/>\n\t<meta property=\"og:image:type\" content=\"image\/webp\" \/>\n<meta name=\"twitter:card\" content=\"summary_large_image\" \/>\n<meta name=\"twitter:label1\" content=\"Est. reading time\" \/>\n\t<meta name=\"twitter:data1\" content=\"2 minutes\" \/>\n<script type=\"application\/ld+json\" class=\"yoast-schema-graph\">{\"@context\":\"https:\\\/\\\/schema.org\",\"@graph\":[{\"@type\":\"WebPage\",\"@id\":\"https:\\\/\\\/vividerm.lv\\\/ierices\\\/deka-tetra-pro-co%e2%82%82\\\/\",\"url\":\"https:\\\/\\\/vividerm.lv\\\/ierices\\\/deka-tetra-pro-co%e2%82%82\\\/\",\"name\":\"DEKA Tetra PRO CO\u2082 - VIVIDERM\",\"isPartOf\":{\"@id\":\"https:\\\/\\\/vividerm.lv\\\/#website\"},\"primaryImageOfPage\":{\"@id\":\"https:\\\/\\\/vividerm.lv\\\/ierices\\\/deka-tetra-pro-co%e2%82%82\\\/#primaryimage\"},\"image\":{\"@id\":\"https:\\\/\\\/vividerm.lv\\\/ierices\\\/deka-tetra-pro-co%e2%82%82\\\/#primaryimage\"},\"thumbnailUrl\":\"https:\\\/\\\/vividerm.lv\\\/wp-content\\\/uploads\\\/2025\\\/03\\\/DEKA-Tetra-PRO-Lazers.webp\",\"datePublished\":\"2024-07-12T13:31:49+00:00\",\"dateModified\":\"2025-03-18T14:16:57+00:00\",\"breadcrumb\":{\"@id\":\"https:\\\/\\\/vividerm.lv\\\/ierices\\\/deka-tetra-pro-co%e2%82%82\\\/#breadcrumb\"},\"inLanguage\":\"en-US\",\"potentialAction\":[{\"@type\":\"ReadAction\",\"target\":[\"https:\\\/\\\/vividerm.lv\\\/ierices\\\/deka-tetra-pro-co%e2%82%82\\\/\"]}]},{\"@type\":\"ImageObject\",\"inLanguage\":\"en-US\",\"@id\":\"https:\\\/\\\/vividerm.lv\\\/ierices\\\/deka-tetra-pro-co%e2%82%82\\\/#primaryimage\",\"url\":\"https:\\\/\\\/vividerm.lv\\\/wp-content\\\/uploads\\\/2025\\\/03\\\/DEKA-Tetra-PRO-Lazers.webp\",\"contentUrl\":\"https:\\\/\\\/vividerm.lv\\\/wp-content\\\/uploads\\\/2025\\\/03\\\/DEKA-Tetra-PRO-Lazers.webp\",\"width\":1735,\"height\":1943,\"caption\":\"DEKA Tetra PRO\"},{\"@type\":\"BreadcrumbList\",\"@id\":\"https:\\\/\\\/vividerm.lv\\\/ierices\\\/deka-tetra-pro-co%e2%82%82\\\/#breadcrumb\",\"itemListElement\":[{\"@type\":\"ListItem\",\"position\":1,\"name\":\"Galven\u0101\",\"item\":\"https:\\\/\\\/vividerm.lv\\\/\"},{\"@type\":\"ListItem\",\"position\":2,\"name\":\"Ier\u012bces\",\"item\":\"https:\\\/\\\/vividerm.lv\\\/ierices\\\/\"},{\"@type\":\"ListItem\",\"position\":3,\"name\":\"DEKA Tetra PRO CO\u2082\"}]},{\"@type\":\"WebSite\",\"@id\":\"https:\\\/\\\/vividerm.lv\\\/#website\",\"url\":\"https:\\\/\\\/vividerm.lv\\\/\",\"name\":\"VIVIDERM\",\"description\":\"\",\"publisher\":{\"@id\":\"https:\\\/\\\/vividerm.lv\\\/#organization\"},\"potentialAction\":[{\"@type\":\"SearchAction\",\"target\":{\"@type\":\"EntryPoint\",\"urlTemplate\":\"https:\\\/\\\/vividerm.lv\\\/?s={search_term_string}\"},\"query-input\":{\"@type\":\"PropertyValueSpecification\",\"valueRequired\":true,\"valueName\":\"search_term_string\"}}],\"inLanguage\":\"en-US\"},{\"@type\":\"Organization\",\"@id\":\"https:\\\/\\\/vividerm.lv\\\/#organization\",\"name\":\"VIVIDERM\",\"url\":\"https:\\\/\\\/vividerm.lv\\\/\",\"logo\":{\"@type\":\"ImageObject\",\"inLanguage\":\"en-US\",\"@id\":\"https:\\\/\\\/vividerm.lv\\\/#\\\/schema\\\/logo\\\/image\\\/\",\"url\":\"https:\\\/\\\/vividerm.lv\\\/wp-content\\\/uploads\\\/2025\\\/10\\\/VIVIDERM-Logo-White.png\",\"contentUrl\":\"https:\\\/\\\/vividerm.lv\\\/wp-content\\\/uploads\\\/2025\\\/10\\\/VIVIDERM-Logo-White.png\",\"width\":512,\"height\":512,\"caption\":\"VIVIDERM\"},\"image\":{\"@id\":\"https:\\\/\\\/vividerm.lv\\\/#\\\/schema\\\/logo\\\/image\\\/\"},\"sameAs\":[\"https:\\\/\\\/www.facebook.com\\\/vividerm.lv\",\"https:\\\/\\\/www.instagram.com\\\/vividerm_lv\\\/\"]}]}<\/script>\n<!-- \/ Yoast SEO plugin. -->","yoast_head_json":{"title":"DEKA Tetra PRO CO\u2082 - VIVIDERM","robots":{"index":"index","follow":"follow","max-snippet":"max-snippet:-1","max-image-preview":"max-image-preview:large","max-video-preview":"max-video-preview:-1"},"canonical":"https:\/\/vividerm.lv\/en\/ierices\/deka-tetra-pro-co\u2082\/","og_locale":"en_US","og_type":"article","og_title":"DEKA Tetra PRO CO\u2082 - VIVIDERM","og_description":"DEKA n\u0101kam\u0101s paaudzes CO\u2082 l\u0101zersist\u0113ma \u2013 TETRA PRO\u00a0pace\u013c frakcion\u0113t\u0101s \u0101das atjauno\u0161anas un \u0137irur\u0123isk\u0101s proced\u016bras jaun\u0101 l\u012bmen\u012b. TETRA PRO apvieno 40 W jaudu, ekskluz\u012bvo PSD tehnolo\u0123iju (Pulse Shape Design) un vair\u0101kas augsti prec\u012bzas sken\u0113\u0161anas sist\u0113mas, pied\u0101v\u0101jot v\u0113l nebiju\u0161u veiktsp\u0113ju dermatolo\u0123ijas un est\u0113tisk\u0101s medic\u012bnas jom\u0101. Galven\u0101s TETRA PRO CO\u2082 priek\u0161roc\u012bbas: CoolPeel\u00ae tehnolo\u0123ija \u2013 inovat\u012bva frakcion\u0113t\u0101s abl\u0101cijas metode [&hellip;]","og_url":"https:\/\/vividerm.lv\/en\/ierices\/deka-tetra-pro-co\u2082\/","og_site_name":"VIVIDERM","article_publisher":"https:\/\/www.facebook.com\/vividerm.lv","article_modified_time":"2025-03-18T14:16:57+00:00","og_image":[{"width":1735,"height":1943,"url":"https:\/\/vividerm.lv\/wp-content\/uploads\/2025\/03\/DEKA-Tetra-PRO-Lazers.webp","type":"image\/webp"}],"twitter_card":"summary_large_image","twitter_misc":{"Est. reading time":"2 minutes"},"schema":{"@context":"https:\/\/schema.org","@graph":[{"@type":"WebPage","@id":"https:\/\/vividerm.lv\/ierices\/deka-tetra-pro-co%e2%82%82\/","url":"https:\/\/vividerm.lv\/ierices\/deka-tetra-pro-co%e2%82%82\/","name":"DEKA Tetra PRO CO\u2082 - VIVIDERM","isPartOf":{"@id":"https:\/\/vividerm.lv\/#website"},"primaryImageOfPage":{"@id":"https:\/\/vividerm.lv\/ierices\/deka-tetra-pro-co%e2%82%82\/#primaryimage"},"image":{"@id":"https:\/\/vividerm.lv\/ierices\/deka-tetra-pro-co%e2%82%82\/#primaryimage"},"thumbnailUrl":"https:\/\/vividerm.lv\/wp-content\/uploads\/2025\/03\/DEKA-Tetra-PRO-Lazers.webp","datePublished":"2024-07-12T13:31:49+00:00","dateModified":"2025-03-18T14:16:57+00:00","breadcrumb":{"@id":"https:\/\/vividerm.lv\/ierices\/deka-tetra-pro-co%e2%82%82\/#breadcrumb"},"inLanguage":"en-US","potentialAction":[{"@type":"ReadAction","target":["https:\/\/vividerm.lv\/ierices\/deka-tetra-pro-co%e2%82%82\/"]}]},{"@type":"ImageObject","inLanguage":"en-US","@id":"https:\/\/vividerm.lv\/ierices\/deka-tetra-pro-co%e2%82%82\/#primaryimage","url":"https:\/\/vividerm.lv\/wp-content\/uploads\/2025\/03\/DEKA-Tetra-PRO-Lazers.webp","contentUrl":"https:\/\/vividerm.lv\/wp-content\/uploads\/2025\/03\/DEKA-Tetra-PRO-Lazers.webp","width":1735,"height":1943,"caption":"DEKA Tetra PRO"},{"@type":"BreadcrumbList","@id":"https:\/\/vividerm.lv\/ierices\/deka-tetra-pro-co%e2%82%82\/#breadcrumb","itemListElement":[{"@type":"ListItem","position":1,"name":"Galven\u0101","item":"https:\/\/vividerm.lv\/"},{"@type":"ListItem","position":2,"name":"Ier\u012bces","item":"https:\/\/vividerm.lv\/ierices\/"},{"@type":"ListItem","position":3,"name":"DEKA Tetra PRO CO\u2082"}]},{"@type":"WebSite","@id":"https:\/\/vividerm.lv\/#website","url":"https:\/\/vividerm.lv\/","name":"VIVIDERM","description":"","publisher":{"@id":"https:\/\/vividerm.lv\/#organization"},"potentialAction":[{"@type":"SearchAction","target":{"@type":"EntryPoint","urlTemplate":"https:\/\/vividerm.lv\/?s={search_term_string}"},"query-input":{"@type":"PropertyValueSpecification","valueRequired":true,"valueName":"search_term_string"}}],"inLanguage":"en-US"},{"@type":"Organization","@id":"https:\/\/vividerm.lv\/#organization","name":"VIVIDERM","url":"https:\/\/vividerm.lv\/","logo":{"@type":"ImageObject","inLanguage":"en-US","@id":"https:\/\/vividerm.lv\/#\/schema\/logo\/image\/","url":"https:\/\/vividerm.lv\/wp-content\/uploads\/2025\/10\/VIVIDERM-Logo-White.png","contentUrl":"https:\/\/vividerm.lv\/wp-content\/uploads\/2025\/10\/VIVIDERM-Logo-White.png","width":512,"height":512,"caption":"VIVIDERM"},"image":{"@id":"https:\/\/vividerm.lv\/#\/schema\/logo\/image\/"},"sameAs":["https:\/\/www.facebook.com\/vividerm.lv","https:\/\/www.instagram.com\/vividerm_lv\/"]}]}},"_links":{"self":[{"href":"https:\/\/vividerm.lv\/en\/wp-json\/wp\/v2\/pages\/4645","targetHints":{"allow":["GET"]}}],"collection":[{"href":"https:\/\/vividerm.lv\/en\/wp-json\/wp\/v2\/pages"}],"about":[{"href":"https:\/\/vividerm.lv\/en\/wp-json\/wp\/v2\/types\/page"}],"author":[{"embeddable":true,"href":"https:\/\/vividerm.lv\/en\/wp-json\/wp\/v2\/users\/2"}],"replies":[{"embeddable":true,"href":"https:\/\/vividerm.lv\/en\/wp-json\/wp\/v2\/comments?post=4645"}],"version-history":[{"count":0,"href":"https:\/\/vividerm.lv\/en\/wp-json\/wp\/v2\/pages\/4645\/revisions"}],"up":[{"embeddable":true,"href":"https:\/\/vividerm.lv\/en\/wp-json\/wp\/v2\/pages\/613"}],"wp:featuredmedia":[{"embeddable":true,"href":"https:\/\/vividerm.lv\/en\/wp-json\/wp\/v2\/media\/4625"}],"wp:attachment":[{"href":"https:\/\/vividerm.lv\/en\/wp-json\/wp\/v2\/media?parent=4645"}],"curies":[{"name":"wp","href":"https:\/\/api.w.org\/{rel}","templated":true}]}}