{"id":1564,"date":"2024-07-12T17:01:32","date_gmt":"2024-07-12T14:01:32","guid":{"rendered":"https:\/\/vividerm.lv\/?page_id=1564"},"modified":"2024-07-12T17:02:11","modified_gmt":"2024-07-12T14:02:11","slug":"endosferas-terapija-endospheres-therapy","status":"publish","type":"page","link":"https:\/\/vividerm.lv\/ru\/ierices\/endosferas-terapija-endospheres-therapy\/","title":{"rendered":"\u042d\u043d\u0434\u043e\u0441\u0444\u0435\u0440\u0430 \u0442\u0435\u0440\u0430\u043f\u0438\u044f\/Endospheres Therapy"},"content":{"rendered":"<div data-elementor-type=\"wp-page\" data-elementor-id=\"1564\" class=\"elementor elementor-1564\" data-elementor-post-type=\"page\">\n\t\t\t\t<div class=\"elementor-element elementor-element-5f93c50a xts-section-stretch e-con-full e-flex e-con e-parent\" data-id=\"5f93c50a\" data-element_type=\"container\" data-settings=\"{&quot;background_background&quot;:&quot;classic&quot;}\">\n\t\t<div class=\"elementor-element elementor-element-394c5778 e-con-full e-flex xts-section-disabled e-con e-child\" data-id=\"394c5778\" data-element_type=\"container\">\n\t\t\t\t<div class=\"elementor-element elementor-element-2a89f7d4 elementor-widget elementor-widget-image\" data-id=\"2a89f7d4\" data-element_type=\"widget\" data-widget_type=\"image.default\">\n\t\t\t\t<div class=\"elementor-widget-container\">\n\t\t\t\t\t\t\t\t\t\t\t\t\t\t\t<img fetchpriority=\"high\" decoding=\"async\" width=\"1735\" height=\"1943\" src=\"https:\/\/vividerm.lv\/wp-content\/uploads\/2024\/07\/endospheres-therapy1.webp\" class=\"attachment-full size-full wp-image-1565\" alt=\"\" srcset=\"https:\/\/vividerm.lv\/wp-content\/uploads\/2024\/07\/endospheres-therapy1.webp 1735w, https:\/\/vividerm.lv\/wp-content\/uploads\/2024\/07\/endospheres-therapy1-268x300.webp 268w, https:\/\/vividerm.lv\/wp-content\/uploads\/2024\/07\/endospheres-therapy1-914x1024.webp 914w, https:\/\/vividerm.lv\/wp-content\/uploads\/2024\/07\/endospheres-therapy1-768x860.webp 768w, https:\/\/vividerm.lv\/wp-content\/uploads\/2024\/07\/endospheres-therapy1-1372x1536.webp 1372w\" sizes=\"(max-width: 1735px) 100vw, 1735px\" \/>\t\t\t\t\t\t\t\t\t\t\t\t\t\t\t<\/div>\n\t\t\t\t<\/div>\n\t\t\t\t<\/div>\n\t\t<div class=\"elementor-element elementor-element-3abda98a e-con-full e-flex xts-section-disabled e-con e-child\" data-id=\"3abda98a\" data-element_type=\"container\">\n\t\t\t\t<div class=\"elementor-element elementor-element-5be448d3 xts-scheme-inherit xts-textalign-inherit elementor-widget elementor-widget-text-editor\" data-id=\"5be448d3\" data-element_type=\"widget\" data-widget_type=\"text-editor.default\">\n\t\t\t\t<div class=\"elementor-widget-container\">\n\t\t\t\t\t\t\t\t\t<p>\u041c\u0435\u0442\u043e\u0434 \u043e\u0441\u043d\u043e\u0432\u0430\u043d \u043d\u0430 \u0432\u0438\u0431\u0440\u0430\u0446\u0438\u043e\u043d\u043d\u043e\u043c \u0438 \u043a\u043e\u043c\u043f\u0440\u0435\u0441\u0441\u0438\u043e\u043d\u043d\u043e\u043c \u0432\u043e\u0437\u0434\u0435\u0439\u0441\u0442\u0432\u0438\u0438 \u043d\u0430 \u0442\u043a\u0430\u043d\u0438. \u041a\u043e\u043c\u043f\u0440\u0435\u0441\u0441\u0438\u044f \u0432\u044b\u0434\u0430\u0432\u043b\u0438\u0432\u0430\u0435\u0442 \u0438\u0437 \u0442\u043a\u0430\u043d\u0435\u0439 \u043b\u0438\u043c\u0444\u0443, \u043c\u0438\u043a\u0440\u043e\u0432\u0438\u0431\u0440\u0430\u0446\u0438\u044f \u0443\u0441\u0438\u043b\u0438\u0432\u0430\u0435\u0442 \u0446\u0438\u0440\u043a\u0443\u043b\u044f\u0446\u0438\u044e \u043a\u0440\u043e\u0432\u0438 \u0432 \u043e\u0440\u0433\u0430\u043d\u0438\u0437\u043c\u0435 \u0438 \u0443\u0441\u043a\u043e\u0440\u044f\u0435\u0442 \u043f\u0440\u043e\u0446\u0435\u0441\u0441\u044b \u043e\u0431\u043c\u0435\u043d\u0430 \u0432\u0435\u0449\u0435\u0441\u0442\u0432.<\/p><p>\u041a\u043e\u043c\u043f\u0440\u0435\u0441\u0441\u0438\u043e\u043d\u043d\u044b\u0439 \u044d\u0444\u0444\u0435\u043a\u0442 \u0441\u043e\u0437\u0434\u0430\u0435\u0442\u0441\u044f \u0437\u0430 \u0441\u0447\u0435\u0442 \u0434\u0432\u0443\u0445\u043a\u0438\u043b\u043e\u0433\u0440\u0430\u043c\u043c\u043e\u0432\u043e\u0433\u043e \u0432\u0435\u0441\u0430 \u043c\u0430\u043d\u0438\u043f\u0443\u043b\u044b \u0430\u043f\u043f\u0430\u0440\u0430\u0442\u0430. \u041f\u043e\u044d\u0442\u043e\u043c\u0443 \u0434\u043e\u043f\u043e\u043b\u043d\u0438\u0442\u0435\u043b\u044c\u043d\u044b\u0435 \u0443\u0441\u0438\u043b\u0438\u044f \u0441\u043e \u0441\u0442\u043e\u0440\u043e\u043d\u044b \u043c\u0430\u0441\u0441\u0430\u0436\u0438\u0441\u0442\u0430 \u043d\u0435 \u043d\u0443\u0436\u043d\u044b.<\/p><p>\u0411\u043b\u0430\u0433\u043e\u0434\u0430\u0440\u044f \u0447\u0435\u0440\u0435\u0434\u043e\u0432\u0430\u043d\u0438\u044e \u0432\u0438\u0431\u0440\u0430\u0446\u0438\u0438 \u0438 \u0434\u0430\u0432\u043b\u0435\u043d\u0438\u044f, \u043f\u0440\u043e\u0438\u0441\u0445\u043e\u0434\u0438\u0442 \u044d\u0444\u0444\u0435\u043a\u0442 \u0441\u043e\u0441\u0443\u0434\u0438\u0441\u0442\u043e\u0439 \u0433\u0438\u043c\u043d\u0430\u0441\u0442\u0438\u043a\u0438. \u041a\u0440\u043e\u0432\u043e\u043e\u0431\u0440\u0430\u0449\u0435\u043d\u0438\u0435 \u0438 \u043b\u0438\u043c\u0444\u043e\u0442\u043e\u043a \u0443\u0441\u043a\u043e\u0440\u044f\u044e\u0442\u0441\u044f. \u042d\u0442\u043e \u043e\u0431\u0435\u0441\u043f\u0435\u0447\u0438\u0432\u0430\u0435\u0442 \u043b\u0438\u043c\u0444\u0430\u0442\u0438\u0447\u0435\u0441\u043a\u0438\u0439 \u0434\u0440\u0435\u043d\u0430\u0436 \u0442\u043a\u0430\u043d\u0435\u0439. \u0418\u0437 \u043d\u0438\u0445 \u043d\u0430\u0447\u0438\u043d\u0430\u0435\u0442 \u0443\u0445\u043e\u0434\u0438\u0442\u044c \u043b\u0438\u0448\u043d\u044f\u044f \u0436\u0438\u0434\u043a\u043e\u0441\u0442\u044c. \u042d\u0444\u0444\u0435\u043a\u0442 \u043e\u0442\u0435\u0447\u043d\u043e\u0441\u0442\u0438 \u043f\u0440\u043e\u043f\u0430\u0434\u0430\u0435\u0442, \u0447\u0435\u043b\u043e\u0432\u0435\u043a \u0447\u0443\u0432\u0441\u0442\u0432\u0443\u0435\u0442 \u043b\u0435\u0433\u043a\u043e\u0441\u0442\u044c \u0432\u043e \u0432\u0441\u0435\u043c \u0442\u0435\u043b\u0435.<\/p><p>\u041f\u043e\u0441\u043b\u0435 \u043a\u0443\u0440\u0441\u0430 \u043f\u0440\u043e\u0446\u0435\u0434\u0443\u0440 \u043e\u0431\u044a\u0435\u043c\u044b \u0442\u0435\u043b\u0430 \u0443\u043c\u0435\u043d\u044c\u0448\u0430\u044e\u0442\u0441\u044f \u0441\u0440\u0430\u0437\u0443 \u043d\u0430 2 \u0440\u0430\u0437\u043c\u0435\u0440\u0430. \u041f\u0440\u0438 \u0441\u043e\u0431\u043b\u044e\u0434\u0435\u043d\u0438\u0438 \u0437\u0434\u043e\u0440\u043e\u0432\u043e\u0433\u043e \u043e\u0431\u0440\u0430\u0437\u0430 \u0436\u0438\u0437\u043d\u0438 \u043b\u0438\u0448\u043d\u0438\u0435 \u043a\u0438\u043b\u043e\u0433\u0440\u0430\u043c\u043c\u044b \u043d\u0435 \u0432\u0435\u0440\u043d\u0443\u0442\u0441\u044f \u043d\u0438\u043a\u043e\u0433\u0434\u0430. \u041d\u0430\u0438\u0431\u043e\u043b\u044c\u0448\u0438\u0439 \u044d\u0444\u0444\u0435\u043a\u0442 \u042d\u043d\u0434\u043e\u0441\u0444\u0435\u0440\u0430 \u0434\u0435\u043c\u043e\u043d\u0441\u0442\u0440\u0438\u0440\u0443\u0435\u0442 \u043f\u0440\u0438 \u043b\u0435\u0447\u0435\u043d\u0438\u0438 \u0446\u0435\u043b\u043b\u044e\u043b\u0438\u0442\u0430. \u041c\u0435\u0445\u0430\u043d\u0438\u0447\u0435\u0441\u043a\u0438\u0435 \u043a\u043e\u043b\u0435\u0431\u0430\u043d\u0438\u044f \u0441\u0438\u043b\u0438\u043a\u043e\u043d\u043e\u0432\u044b\u0445 \u043c\u0438\u043a\u0440\u043e\u0441\u0444\u0435\u0440 \u0430\u043f\u043f\u0430\u0440\u0430\u0442\u0430 \u0440\u0430\u0437\u0433\u043e\u043d\u044f\u044e\u0442 \u043c\u0438\u043a\u0440\u043e\u0446\u0438\u0440\u043a\u0443\u043b\u044f\u0446\u0438\u044e \u043a\u0440\u043e\u0432\u0438, \u0437\u0430\u0441\u0442\u0430\u0432\u043b\u044f\u044f \u0441\u043e\u0441\u0443\u0434\u044b \u043c\u0435\u0445\u0430\u043d\u0438\u0447\u0435\u0441\u043a\u0438 \u0441\u0436\u0438\u043c\u0430\u0442\u044c\u0441\u044f \u0438 \u0440\u0430\u0441\u0448\u0438\u0440\u044f\u0442\u044c\u0441\u044f. \u041a\u0430\u043a \u0440\u0435\u0437\u0443\u043b\u044c\u0442\u0430\u0442 \u2014 \u0443\u043b\u0443\u0447\u0448\u0435\u043d\u0438\u0435 \u0446\u0438\u0440\u043a\u0443\u043b\u044f\u0446\u0438\u0438 \u043a\u0440\u043e\u0432\u0438 \u0432 \u043e\u0431\u0440\u0430\u0431\u043e\u0442\u0430\u043d\u043d\u043e\u0439 \u0437\u043e\u043d\u0435.<\/p><p>\u0410 \u0434\u0430\u043b\u044c\u0448\u0435 \u0438\u0437 \u0446\u0435\u043b\u043b\u044e\u043b\u0438\u0442\u043d\u044b\u0445 \u0442\u043a\u0430\u043d\u0435\u0439 \u043f\u0440\u043e\u0438\u0441\u0445\u043e\u0434\u0438\u0442 \u043e\u0442\u0442\u043e\u043a \u043b\u0438\u0448\u043d\u0435\u0439 \u0436\u0438\u0434\u043a\u043e\u0441\u0442\u0438 \u0438 \u0442\u043e\u043a\u0441\u0438\u043d\u043e\u0432, \u043a\u043e\u0442\u043e\u0440\u044b\u0435 \u0441\u043a\u0430\u043f\u043b\u0438\u0432\u0430\u044e\u0442\u0441\u044f \u0432 \u0433\u0438\u043f\u043e\u0434\u0435\u0440\u043c\u0435. \u041a\u043e\u0436\u0430 \u0441\u0442\u0430\u043d\u043e\u0432\u0438\u0442\u0441\u044f \u0433\u043b\u0430\u0434\u043a\u043e\u0439 \u0438 \u043f\u043e\u0434\u0442\u044f\u043d\u0443\u0442\u043e\u0439, \u0430 \u043e\u0447\u0435\u0440\u0442\u0430\u043d\u0438\u044f \u0442\u0435\u043b\u0430 \u0431\u043e\u043b\u0435\u0435 \u0442\u043e\u043d\u043a\u0438\u043c\u0438.<\/p>\t\t\t\t\t\t\t\t<\/div>\n\t\t\t\t<\/div>\n\t\t<div class=\"elementor-element elementor-element-448b6e59 e-con-full e-flex xts-section-disabled e-con e-child\" data-id=\"448b6e59\" data-element_type=\"container\">\n\t\t\t\t<div class=\"elementor-element elementor-element-cd7202c elementor-mobile-align-justify elementor-widget elementor-widget-button\" data-id=\"cd7202c\" data-element_type=\"widget\" data-widget_type=\"button.default\">\n\t\t\t\t<div class=\"elementor-widget-container\">\n\t\t\t\t\t\t\t\t\t<div class=\"elementor-button-wrapper\">\n\t\t\t\t\t<a class=\"elementor-button elementor-button-link elementor-size-sm\" href=\"#elementor-action%3Aaction%3Dpopup%3Aopen%26settings%3DeyJpZCI6IjQ2IiwidG9nZ2xlIjpmYWxzZX0%3D\">\n\t\t\t\t\t\t<span class=\"elementor-button-content-wrapper\">\n\t\t\t\t\t\t\t\t\t<span class=\"elementor-button-text\">\u0417\u0430\u043f\u0438\u0441\u0430\u0442\u044c\u0441\u044f \u043d\u0430 \u043f\u0440\u043e\u0446\u0435\u0434\u0443\u0440\u0443<\/span>\n\t\t\t\t\t<\/span>\n\t\t\t\t\t<\/a>\n\t\t\t\t<\/div>\n\t\t\t\t\t\t\t\t<\/div>\n\t\t\t\t<\/div>\n\t\t\t\t<div class=\"elementor-element elementor-element-3e259df1 elementor-mobile-align-justify elementor-widget elementor-widget-button\" data-id=\"3e259df1\" data-element_type=\"widget\" data-widget_type=\"button.default\">\n\t\t\t\t<div class=\"elementor-widget-container\">\n\t\t\t\t\t\t\t\t\t<div class=\"elementor-button-wrapper\">\n\t\t\t\t\t<a class=\"elementor-button elementor-button-link elementor-size-sm\" href=\"https:\/\/vividerm.lv\/ru\/services\/endospheres-therapy\/\">\n\t\t\t\t\t\t<span class=\"elementor-button-content-wrapper\">\n\t\t\t\t\t\t\t\t\t<span class=\"elementor-button-text\">\u0423\u0437\u043d\u0430\u0442\u044c \u0431\u043e\u043b\u044c\u0448\u0435<\/span>\n\t\t\t\t\t<\/span>\n\t\t\t\t\t<\/a>\n\t\t\t\t<\/div>\n\t\t\t\t\t\t\t\t<\/div>\n\t\t\t\t<\/div>\n\t\t\t\t<\/div>\n\t\t\t\t<\/div>\n\t\t\t\t<\/div>\n\t\t\t\t<\/div>","protected":false},"excerpt":{"rendered":"<p>Metodes pamat\u0101 ir vibr\u0101cijas un kompresijas ietekme uz audiem. Kompresija izspie\u017e limfu no audiem, mikrovibr\u0101cija pastiprina asinsriti organism\u0101 un pa\u0101trina vielmai\u0146as procesus. Kompresijas efekts tiek sasniegts pateicoties apar\u0101ta roktura divu kilogramu svaram. T\u0101p\u0113c masiera papildus p\u016bles nav nepiecie\u0161amas. Pateicoties kompresijas un spiediena ietekmei, rodas asinsvadu vingro\u0161anas efekts, kas uzlabo asinsriti un limfas pl\u016bsmu. Tas nodro\u0161ina [&hellip;]<\/p>\n","protected":false},"author":1,"featured_media":1565,"parent":613,"menu_order":0,"comment_status":"closed","ping_status":"closed","template":"","meta":{"_acf_changed":false,"footnotes":""},"class_list":["post-1564","page","type-page","status-publish","has-post-thumbnail","hentry"],"acf":[],"yoast_head":"<!-- This site is optimized with the Yoast SEO plugin v27.3 - https:\/\/yoast.com\/product\/yoast-seo-wordpress\/ -->\n<title>Endosf\u0113ras terapija\/Endospheres Therapy - VIVIDERM<\/title>\n<meta name=\"robots\" content=\"index, follow, max-snippet:-1, max-image-preview:large, max-video-preview:-1\" \/>\n<link rel=\"canonical\" href=\"https:\/\/vividerm.lv\/ru\/ierices\/endosferas-terapija-endospheres-therapy\/\" \/>\n<meta property=\"og:locale\" content=\"ru_RU\" \/>\n<meta property=\"og:type\" content=\"article\" \/>\n<meta property=\"og:title\" content=\"Endosf\u0113ras terapija\/Endospheres Therapy - VIVIDERM\" \/>\n<meta property=\"og:description\" content=\"Metodes pamat\u0101 ir vibr\u0101cijas un kompresijas ietekme uz audiem. Kompresija izspie\u017e limfu no audiem, mikrovibr\u0101cija pastiprina asinsriti organism\u0101 un pa\u0101trina vielmai\u0146as procesus. Kompresijas efekts tiek sasniegts pateicoties apar\u0101ta roktura divu kilogramu svaram. T\u0101p\u0113c masiera papildus p\u016bles nav nepiecie\u0161amas. Pateicoties kompresijas un spiediena ietekmei, rodas asinsvadu vingro\u0161anas efekts, kas uzlabo asinsriti un limfas pl\u016bsmu. Tas nodro\u0161ina [&hellip;]\" \/>\n<meta property=\"og:url\" content=\"https:\/\/vividerm.lv\/ru\/ierices\/endosferas-terapija-endospheres-therapy\/\" \/>\n<meta property=\"og:site_name\" content=\"VIVIDERM\" \/>\n<meta property=\"article:publisher\" content=\"https:\/\/www.facebook.com\/vividerm.lv\" \/>\n<meta property=\"article:modified_time\" content=\"2024-07-12T14:02:11+00:00\" \/>\n<meta property=\"og:image\" content=\"https:\/\/vividerm.lv\/wp-content\/uploads\/2024\/07\/endospheres-therapy1.webp\" \/>\n\t<meta property=\"og:image:width\" content=\"1735\" \/>\n\t<meta property=\"og:image:height\" content=\"1943\" \/>\n\t<meta property=\"og:image:type\" content=\"image\/webp\" \/>\n<meta name=\"twitter:card\" content=\"summary_large_image\" \/>\n<meta name=\"twitter:label1\" content=\"\u041f\u0440\u0438\u043c\u0435\u0440\u043d\u043e\u0435 \u0432\u0440\u0435\u043c\u044f \u0434\u043b\u044f \u0447\u0442\u0435\u043d\u0438\u044f\" \/>\n\t<meta name=\"twitter:data1\" content=\"1 \u043c\u0438\u043d\u0443\u0442\u0430\" \/>\n<script type=\"application\/ld+json\" class=\"yoast-schema-graph\">{\"@context\":\"https:\\\/\\\/schema.org\",\"@graph\":[{\"@type\":\"WebPage\",\"@id\":\"https:\\\/\\\/vividerm.lv\\\/ierices\\\/endosferas-terapija-endospheres-therapy\\\/\",\"url\":\"https:\\\/\\\/vividerm.lv\\\/ierices\\\/endosferas-terapija-endospheres-therapy\\\/\",\"name\":\"Endosf\u0113ras terapija\\\/Endospheres Therapy - VIVIDERM\",\"isPartOf\":{\"@id\":\"https:\\\/\\\/vividerm.lv\\\/#website\"},\"primaryImageOfPage\":{\"@id\":\"https:\\\/\\\/vividerm.lv\\\/ierices\\\/endosferas-terapija-endospheres-therapy\\\/#primaryimage\"},\"image\":{\"@id\":\"https:\\\/\\\/vividerm.lv\\\/ierices\\\/endosferas-terapija-endospheres-therapy\\\/#primaryimage\"},\"thumbnailUrl\":\"https:\\\/\\\/vividerm.lv\\\/wp-content\\\/uploads\\\/2024\\\/07\\\/endospheres-therapy1.webp\",\"datePublished\":\"2024-07-12T14:01:32+00:00\",\"dateModified\":\"2024-07-12T14:02:11+00:00\",\"breadcrumb\":{\"@id\":\"https:\\\/\\\/vividerm.lv\\\/ierices\\\/endosferas-terapija-endospheres-therapy\\\/#breadcrumb\"},\"inLanguage\":\"ru-RU\",\"potentialAction\":[{\"@type\":\"ReadAction\",\"target\":[\"https:\\\/\\\/vividerm.lv\\\/ierices\\\/endosferas-terapija-endospheres-therapy\\\/\"]}]},{\"@type\":\"ImageObject\",\"inLanguage\":\"ru-RU\",\"@id\":\"https:\\\/\\\/vividerm.lv\\\/ierices\\\/endosferas-terapija-endospheres-therapy\\\/#primaryimage\",\"url\":\"https:\\\/\\\/vividerm.lv\\\/wp-content\\\/uploads\\\/2024\\\/07\\\/endospheres-therapy1.webp\",\"contentUrl\":\"https:\\\/\\\/vividerm.lv\\\/wp-content\\\/uploads\\\/2024\\\/07\\\/endospheres-therapy1.webp\",\"width\":1735,\"height\":1943},{\"@type\":\"BreadcrumbList\",\"@id\":\"https:\\\/\\\/vividerm.lv\\\/ierices\\\/endosferas-terapija-endospheres-therapy\\\/#breadcrumb\",\"itemListElement\":[{\"@type\":\"ListItem\",\"position\":1,\"name\":\"Galven\u0101\",\"item\":\"https:\\\/\\\/vividerm.lv\\\/\"},{\"@type\":\"ListItem\",\"position\":2,\"name\":\"Ier\u012bces\",\"item\":\"https:\\\/\\\/vividerm.lv\\\/ierices\\\/\"},{\"@type\":\"ListItem\",\"position\":3,\"name\":\"Endosf\u0113ras terapija\\\/Endospheres Therapy\"}]},{\"@type\":\"WebSite\",\"@id\":\"https:\\\/\\\/vividerm.lv\\\/#website\",\"url\":\"https:\\\/\\\/vividerm.lv\\\/\",\"name\":\"VIVIDERM\",\"description\":\"\",\"publisher\":{\"@id\":\"https:\\\/\\\/vividerm.lv\\\/#organization\"},\"potentialAction\":[{\"@type\":\"SearchAction\",\"target\":{\"@type\":\"EntryPoint\",\"urlTemplate\":\"https:\\\/\\\/vividerm.lv\\\/?s={search_term_string}\"},\"query-input\":{\"@type\":\"PropertyValueSpecification\",\"valueRequired\":true,\"valueName\":\"search_term_string\"}}],\"inLanguage\":\"ru-RU\"},{\"@type\":\"Organization\",\"@id\":\"https:\\\/\\\/vividerm.lv\\\/#organization\",\"name\":\"VIVIDERM\",\"url\":\"https:\\\/\\\/vividerm.lv\\\/\",\"logo\":{\"@type\":\"ImageObject\",\"inLanguage\":\"ru-RU\",\"@id\":\"https:\\\/\\\/vividerm.lv\\\/#\\\/schema\\\/logo\\\/image\\\/\",\"url\":\"https:\\\/\\\/vividerm.lv\\\/wp-content\\\/uploads\\\/2025\\\/10\\\/VIVIDERM-Logo-White.png\",\"contentUrl\":\"https:\\\/\\\/vividerm.lv\\\/wp-content\\\/uploads\\\/2025\\\/10\\\/VIVIDERM-Logo-White.png\",\"width\":512,\"height\":512,\"caption\":\"VIVIDERM\"},\"image\":{\"@id\":\"https:\\\/\\\/vividerm.lv\\\/#\\\/schema\\\/logo\\\/image\\\/\"},\"sameAs\":[\"https:\\\/\\\/www.facebook.com\\\/vividerm.lv\",\"https:\\\/\\\/www.instagram.com\\\/vividerm_lv\\\/\"]}]}<\/script>\n<!-- \/ Yoast SEO plugin. -->","yoast_head_json":{"title":"Endosf\u0113ras terapija\/Endospheres Therapy - VIVIDERM","robots":{"index":"index","follow":"follow","max-snippet":"max-snippet:-1","max-image-preview":"max-image-preview:large","max-video-preview":"max-video-preview:-1"},"canonical":"https:\/\/vividerm.lv\/ru\/ierices\/endosferas-terapija-endospheres-therapy\/","og_locale":"ru_RU","og_type":"article","og_title":"Endosf\u0113ras terapija\/Endospheres Therapy - VIVIDERM","og_description":"Metodes pamat\u0101 ir vibr\u0101cijas un kompresijas ietekme uz audiem. Kompresija izspie\u017e limfu no audiem, mikrovibr\u0101cija pastiprina asinsriti organism\u0101 un pa\u0101trina vielmai\u0146as procesus. Kompresijas efekts tiek sasniegts pateicoties apar\u0101ta roktura divu kilogramu svaram. T\u0101p\u0113c masiera papildus p\u016bles nav nepiecie\u0161amas. Pateicoties kompresijas un spiediena ietekmei, rodas asinsvadu vingro\u0161anas efekts, kas uzlabo asinsriti un limfas pl\u016bsmu. Tas nodro\u0161ina [&hellip;]","og_url":"https:\/\/vividerm.lv\/ru\/ierices\/endosferas-terapija-endospheres-therapy\/","og_site_name":"VIVIDERM","article_publisher":"https:\/\/www.facebook.com\/vividerm.lv","article_modified_time":"2024-07-12T14:02:11+00:00","og_image":[{"width":1735,"height":1943,"url":"https:\/\/vividerm.lv\/wp-content\/uploads\/2024\/07\/endospheres-therapy1.webp","type":"image\/webp"}],"twitter_card":"summary_large_image","twitter_misc":{"\u041f\u0440\u0438\u043c\u0435\u0440\u043d\u043e\u0435 \u0432\u0440\u0435\u043c\u044f \u0434\u043b\u044f \u0447\u0442\u0435\u043d\u0438\u044f":"1 \u043c\u0438\u043d\u0443\u0442\u0430"},"schema":{"@context":"https:\/\/schema.org","@graph":[{"@type":"WebPage","@id":"https:\/\/vividerm.lv\/ierices\/endosferas-terapija-endospheres-therapy\/","url":"https:\/\/vividerm.lv\/ierices\/endosferas-terapija-endospheres-therapy\/","name":"Endosf\u0113ras terapija\/Endospheres Therapy - VIVIDERM","isPartOf":{"@id":"https:\/\/vividerm.lv\/#website"},"primaryImageOfPage":{"@id":"https:\/\/vividerm.lv\/ierices\/endosferas-terapija-endospheres-therapy\/#primaryimage"},"image":{"@id":"https:\/\/vividerm.lv\/ierices\/endosferas-terapija-endospheres-therapy\/#primaryimage"},"thumbnailUrl":"https:\/\/vividerm.lv\/wp-content\/uploads\/2024\/07\/endospheres-therapy1.webp","datePublished":"2024-07-12T14:01:32+00:00","dateModified":"2024-07-12T14:02:11+00:00","breadcrumb":{"@id":"https:\/\/vividerm.lv\/ierices\/endosferas-terapija-endospheres-therapy\/#breadcrumb"},"inLanguage":"ru-RU","potentialAction":[{"@type":"ReadAction","target":["https:\/\/vividerm.lv\/ierices\/endosferas-terapija-endospheres-therapy\/"]}]},{"@type":"ImageObject","inLanguage":"ru-RU","@id":"https:\/\/vividerm.lv\/ierices\/endosferas-terapija-endospheres-therapy\/#primaryimage","url":"https:\/\/vividerm.lv\/wp-content\/uploads\/2024\/07\/endospheres-therapy1.webp","contentUrl":"https:\/\/vividerm.lv\/wp-content\/uploads\/2024\/07\/endospheres-therapy1.webp","width":1735,"height":1943},{"@type":"BreadcrumbList","@id":"https:\/\/vividerm.lv\/ierices\/endosferas-terapija-endospheres-therapy\/#breadcrumb","itemListElement":[{"@type":"ListItem","position":1,"name":"Galven\u0101","item":"https:\/\/vividerm.lv\/"},{"@type":"ListItem","position":2,"name":"Ier\u012bces","item":"https:\/\/vividerm.lv\/ierices\/"},{"@type":"ListItem","position":3,"name":"Endosf\u0113ras terapija\/Endospheres Therapy"}]},{"@type":"WebSite","@id":"https:\/\/vividerm.lv\/#website","url":"https:\/\/vividerm.lv\/","name":"VIVIDERM","description":"","publisher":{"@id":"https:\/\/vividerm.lv\/#organization"},"potentialAction":[{"@type":"SearchAction","target":{"@type":"EntryPoint","urlTemplate":"https:\/\/vividerm.lv\/?s={search_term_string}"},"query-input":{"@type":"PropertyValueSpecification","valueRequired":true,"valueName":"search_term_string"}}],"inLanguage":"ru-RU"},{"@type":"Organization","@id":"https:\/\/vividerm.lv\/#organization","name":"VIVIDERM","url":"https:\/\/vividerm.lv\/","logo":{"@type":"ImageObject","inLanguage":"ru-RU","@id":"https:\/\/vividerm.lv\/#\/schema\/logo\/image\/","url":"https:\/\/vividerm.lv\/wp-content\/uploads\/2025\/10\/VIVIDERM-Logo-White.png","contentUrl":"https:\/\/vividerm.lv\/wp-content\/uploads\/2025\/10\/VIVIDERM-Logo-White.png","width":512,"height":512,"caption":"VIVIDERM"},"image":{"@id":"https:\/\/vividerm.lv\/#\/schema\/logo\/image\/"},"sameAs":["https:\/\/www.facebook.com\/vividerm.lv","https:\/\/www.instagram.com\/vividerm_lv\/"]}]}},"_links":{"self":[{"href":"https:\/\/vividerm.lv\/ru\/wp-json\/wp\/v2\/pages\/1564","targetHints":{"allow":["GET"]}}],"collection":[{"href":"https:\/\/vividerm.lv\/ru\/wp-json\/wp\/v2\/pages"}],"about":[{"href":"https:\/\/vividerm.lv\/ru\/wp-json\/wp\/v2\/types\/page"}],"author":[{"embeddable":true,"href":"https:\/\/vividerm.lv\/ru\/wp-json\/wp\/v2\/users\/1"}],"replies":[{"embeddable":true,"href":"https:\/\/vividerm.lv\/ru\/wp-json\/wp\/v2\/comments?post=1564"}],"version-history":[{"count":0,"href":"https:\/\/vividerm.lv\/ru\/wp-json\/wp\/v2\/pages\/1564\/revisions"}],"up":[{"embeddable":true,"href":"https:\/\/vividerm.lv\/ru\/wp-json\/wp\/v2\/pages\/613"}],"wp:featuredmedia":[{"embeddable":true,"href":"https:\/\/vividerm.lv\/ru\/wp-json\/wp\/v2\/media\/1565"}],"wp:attachment":[{"href":"https:\/\/vividerm.lv\/ru\/wp-json\/wp\/v2\/media?parent=1564"}],"curies":[{"name":"wp","href":"https:\/\/api.w.org\/{rel}","templated":true}]}}