{"id":2273,"date":"2024-07-15T11:44:13","date_gmt":"2024-07-15T08:44:13","guid":{"rendered":"https:\/\/vividerm.lv\/?page_id=2273"},"modified":"2025-02-11T18:37:44","modified_gmt":"2025-02-11T15:37:44","slug":"noteikumi","status":"publish","type":"page","link":"https:\/\/vividerm.lv\/ru\/noteikumi\/","title":{"rendered":"\u041f\u0440\u0430\u0432\u0438\u043b\u0430 VIVIDERM"},"content":{"rendered":"<div data-elementor-type=\"wp-page\" data-elementor-id=\"2273\" class=\"elementor elementor-2273\" data-elementor-post-type=\"page\">\n\t\t\t\t<div class=\"xts-negative-gap elementor-element elementor-element-41be9af xts-section-stretch e-flex e-con-boxed e-con e-parent\" data-id=\"41be9af\" data-element_type=\"container\">\n\t\t\t\t\t<div class=\"e-con-inner\">\n\t\t\t\t<div class=\"elementor-element elementor-element-0bd11da xts-width-100 elementor-widget elementor-widget-xts_title\" data-id=\"0bd11da\" data-element_type=\"widget\" data-widget_type=\"xts_title.default\">\n\t\t\t\t<div class=\"elementor-widget-container\">\n\t\t\t\t\t\t\t\t<div class=\"xts-section-heading xts-reset-mb-10 xts-reset-last xts-textalign-left\" data-animation-delay=\"\">\n\t\t\t\t\n\t\t\t\t\t\t\t\t\t<h2 class=\"xts-section-title title xts-design-default xts-fontsize-l\">\n\t\t\t\t\t\t<span class=\"xts-section-title-text\" data-elementor-setting-key=\"title\">\n\t\t\t\t\t\t\t\u0423\u0441\u043b\u043e\u0432\u0438\u044f \u0418\u0441\u043f\u043e\u043b\u044c\u0437\u043e\u0432\u0430\u043d\u0438\u044f \u0410\u0431\u043e\u043d\u0435\u043c\u0435\u043d\u0442\u0430\t\t\t\t\t\t<\/span>\n\n\t\t\t\t\t\t\t\t\t\t\t<\/h2>\n\t\t\t\t\n\t\t\t\t\n\t\t\t\t\t\t\t<\/div>\n\t\t\t\t\t\t<\/div>\n\t\t\t\t<\/div>\n\t\t\t\t<div class=\"elementor-element elementor-element-392b732 xts-scheme-inherit xts-textalign-inherit elementor-widget elementor-widget-text-editor\" data-id=\"392b732\" data-element_type=\"widget\" data-widget_type=\"text-editor.default\">\n\t\t\t\t<div class=\"elementor-widget-container\">\n\t\t\t\t\t\t\t\t\t\n<ol class=\"wp-block-list\">\n<li class=\"translation-block\">\u0410\u0431\u043e\u043d\u0435\u043c\u0435\u043d\u0442 \u0434\u0435\u0439\u0441\u0442\u0432\u0438\u0442\u0435\u043b\u0435\u043d \u0432 \u0442\u0435\u0447\u0435\u043d\u0438\u0435 <strong>6 \u043c\u0435\u0441\u044f\u0446\u0435\u0432<\/strong> \u0441 \u043c\u043e\u043c\u0435\u043d\u0442\u0430 \u043f\u043e\u043a\u0443\u043f\u043a\u0438. \u0415\u0441\u043b\u0438 \u0443\u0441\u043b\u0443\u0433\u0430 \u043d\u0435 \u0431\u044b\u043b\u0430 \u0438\u0441\u043f\u043e\u043b\u044c\u0437\u043e\u0432\u0430\u043d\u0430, \u0441\u0443\u043c\u043c\u0430 \u043d\u0435 \u0432\u043e\u0437\u0432\u0440\u0430\u0449\u0430\u0435\u0442\u0441\u044f.<\/li>\n\n<li>\u041f\u0440\u0438 \u043f\u043e\u043a\u0443\u043f\u043a\u0435 \u0430\u0431\u043e\u043d\u0435\u043c\u0435\u043d\u0442\u0430 \u043d\u0430 \u043e\u0434\u043d\u0443 \u0438\u0437 \u043f\u0440\u043e\u0446\u0435\u0434\u0443\u0440 \u0430\u043f\u043f\u0430\u0440\u0430\u0442\u043d\u043e\u0433\u043e \u043c\u0430\u0441\u0441\u0430\u0436\u0430 \u0437\u0430\u043f\u0438\u0441\u044c \u043e\u0441\u0443\u0449\u0435\u0441\u0442\u0432\u043b\u044f\u0435\u0442\u0441\u044f \u0442\u043e\u043b\u044c\u043a\u043e \u043d\u0430 \u0432\u044b\u0431\u0440\u0430\u043d\u043d\u0443\u044e \u043f\u0440\u043e\u0446\u0435\u0434\u0443\u0440\u0443 \u0438 \u043f\u0435\u0440\u0435\u0445\u043e\u0434 \u043d\u0430 \u0434\u0440\u0443\u0433\u0443\u044e \u043f\u0440\u043e\u0446\u0435\u0434\u0443\u0440\u0443 \u043d\u0435\u0432\u043e\u0437\u043c\u043e\u0436\u0435\u043d.<\/li>\n\n<li class=\"translation-block\">\u041f\u0440\u0438 \u043f\u0440\u0435\u0434\u0432\u0430\u0440\u0438\u0442\u0435\u043b\u044c\u043d\u043e\u0439 \u0437\u0430\u043f\u0438\u0441\u0438 \u043d\u0430 \u0432\u0435\u0441\u044c \u043a\u0443\u0440\u0441 \u043f\u0440\u043e\u0446\u0435\u0434\u0443\u0440, \u043f\u043e\u0436\u0430\u043b\u0443\u0439\u0441\u0442\u0430, \u0441\u043e\u043e\u0431\u0449\u0430\u0439\u0442\u0435 \u043d\u0430\u043c \u043e\u0431 \u0438\u0437\u043c\u0435\u043d\u0435\u043d\u0438\u044f\u0445\/\u043e\u0442\u043c\u0435\u043d\u0430\u0445 \u043d\u0435 \u043c\u0435\u043d\u0435\u0435 \u0447\u0435\u043c \u0437\u0430 \u0434\u0432\u043e\u0435 \u0441\u0443\u0442\u043e\u043a. \u0415\u0441\u043b\u0438 \u043e\u0442\u043c\u0435\u043d\u0430 \u043f\u0440\u043e\u0438\u0437\u0432\u043e\u0434\u0438\u0442\u0441\u044f \u043c\u0435\u043d\u0435\u0435 \u0447\u0435\u043c \u0437\u0430 <strong>24 \u0447\u0430\u0441\u0430 \u0434\u043e \u043f\u0440\u043e\u0446\u0435\u0434\u0443\u0440\u044b<\/strong>, \u0442\u043e \u0441\u0443\u043c\u043c\u0430 \u0437\u0430 \u043f\u0440\u043e\u0446\u0435\u0434\u0443\u0440\u0443 \u0431\u0443\u0434\u0435\u0442 \u0432\u044b\u0447\u0442\u0435\u043d\u0430 \u0438\u0437 \u0430\u0431\u043e\u043d\u0435\u043c\u0435\u043d\u0442\u0430 \u0432 \u0440\u0430\u0437\u043c\u0435\u0440\u0435 <strong>100%<\/strong>.<\/li>\n\n<li>\u0410\u0431\u043e\u043d\u0435\u043c\u0435\u043d\u0442 \u043c\u043e\u0436\u0435\u0442 \u0431\u044b\u0442\u044c \u0437\u0430\u043c\u043e\u0440\u043e\u0436\u0435\u043d \u0438\u043b\u0438 \u0432\u043e\u0437\u0432\u0440\u0430\u0449\u0435\u043d \u0442\u043e\u043b\u044c\u043a\u043e \u043f\u043e \u043c\u0435\u0434\u0438\u0446\u0438\u043d\u0441\u043a\u0438\u043c \u043f\u043e\u043a\u0430\u0437\u0430\u043d\u0438\u044f\u043c \u043f\u0440\u0438 \u043f\u0440\u0435\u0434\u044a\u044f\u0432\u043b\u0435\u043d\u0438\u0438 \u0441\u043f\u0440\u0430\u0432\u043a\u0438 \u043e\u0442 \u0432\u0440\u0430\u0447\u0430.<\/li>\n<\/ol>\n\t\t\t\t\t\t\t\t<\/div>\n\t\t\t\t<\/div>\n\t\t\t\t<div class=\"elementor-element elementor-element-87a07b8 xts-width-100 elementor-widget elementor-widget-xts_title\" data-id=\"87a07b8\" data-element_type=\"widget\" data-widget_type=\"xts_title.default\">\n\t\t\t\t<div class=\"elementor-widget-container\">\n\t\t\t\t\t\t\t\t<div class=\"xts-section-heading xts-reset-mb-10 xts-reset-last xts-textalign-left\" data-animation-delay=\"\">\n\t\t\t\t\n\t\t\t\t\t\t\t\t\t<h2 class=\"xts-section-title title xts-design-default xts-fontsize-l\">\n\t\t\t\t\t\t<span class=\"xts-section-title-text\" data-elementor-setting-key=\"title\">\n\t\t\t\t\t\t\t\u0423\u0441\u043b\u043e\u0432\u0438\u044f \u0438\u0441\u043f\u043e\u043b\u044c\u0437\u043e\u0432\u0430\u043d\u0438\u044f \u043f\u043e\u0434\u0430\u0440\u043e\u0447\u043d\u043e\u0439 \u043a\u0430\u0440\u0442\u044b:\t\t\t\t\t\t<\/span>\n\n\t\t\t\t\t\t\t\t\t\t\t<\/h2>\n\t\t\t\t\n\t\t\t\t\n\t\t\t\t\t\t\t<\/div>\n\t\t\t\t\t\t<\/div>\n\t\t\t\t<\/div>\n\t\t\t\t<div class=\"elementor-element elementor-element-87a8a7f xts-scheme-inherit xts-textalign-inherit elementor-widget elementor-widget-text-editor\" data-id=\"87a8a7f\" data-element_type=\"widget\" data-widget_type=\"text-editor.default\">\n\t\t\t\t<div class=\"elementor-widget-container\">\n\t\t\t\t\t\t\t\t\t\n<ol class=\"wp-block-list\">\n<li>\n<p>\u041f\u043e\u0434\u0430\u0440\u043e\u0447\u043d\u0430\u044f \u043a\u0430\u0440\u0442\u0430 \u043d\u0435 \u043f\u043e\u0434\u043b\u0435\u0436\u0438\u0442 \u0432\u043e\u0437\u0432\u0440\u0430\u0442\u0443 \u0438 \u043c\u043e\u0436\u0435\u0442 \u0431\u044b\u0442\u044c \u0438\u0441\u043f\u043e\u043b\u044c\u0437\u043e\u0432\u0430\u043d\u0430 \u0434\u043b\u044f \u043e\u043f\u043b\u0430\u0442\u044b \u043b\u044e\u0431\u044b\u0445 \u0443\u0441\u043b\u0443\u0433 \u0432 \u0442\u0435\u0447\u0435\u043d\u0438\u0435 1 \u0433\u043e\u0434\u0430. \u041f\u043e \u0438\u0441\u0442\u0435\u0447\u0435\u043d\u0438\u0438 \u0441\u0440\u043e\u043a\u0430 \u0433\u043e\u0434\u043d\u043e\u0441\u0442\u0438 \u0438\u0441\u043f\u043e\u043b\u044c\u0437\u043e\u0432\u0430\u043d\u0438\u0435 \u043a\u0430\u0440\u0442\u044b \u0441\u0442\u0430\u043d\u043e\u0432\u0438\u0442\u0441\u044f \u043d\u0435\u0432\u043e\u0437\u043c\u043e\u0436\u043d\u044b\u043c, \u0438 \u0441\u0440\u0435\u0434\u0441\u0442\u0432\u0430 \u043d\u0430 \u043a\u0430\u0440\u0442\u0435 \u0430\u043d\u043d\u0443\u043b\u0438\u0440\u0443\u044e\u0442\u0441\u044f.<\/p>\n<\/li>\n<li>\n<p>\u041f\u0440\u0438\u043e\u0431\u0440\u0435\u0442\u0430\u044f \u043f\u043e\u0434\u0430\u0440\u043e\u0447\u043d\u0443\u044e \u043a\u0430\u0440\u0442\u0443, \u043f\u043e\u043a\u0443\u043f\u0430\u0442\u0435\u043b\u044c \u043f\u043e\u0434\u0442\u0432\u0435\u0440\u0436\u0434\u0430\u0435\u0442 \u0441\u0432\u043e\u0435 \u0441\u043e\u0433\u043b\u0430\u0441\u0438\u0435 \u0441 \u0443\u0441\u043b\u043e\u0432\u0438\u044f\u043c\u0438 \u0438\u0441\u043f\u043e\u043b\u044c\u0437\u043e\u0432\u0430\u043d\u0438\u044f, \u043a\u043e\u0442\u043e\u0440\u044b\u0435 \u043f\u0440\u0435\u0434\u0443\u0441\u043c\u0430\u0442\u0440\u0438\u0432\u0430\u044e\u0442 \u043d\u0435\u0432\u043e\u0437\u043c\u043e\u0436\u043d\u043e\u0441\u0442\u044c \u0432\u043e\u0437\u0432\u0440\u0430\u0442\u0430 \u0434\u0435\u043d\u0435\u0436\u043d\u044b\u0445 \u0441\u0440\u0435\u0434\u0441\u0442\u0432, \u043f\u043e\u0442\u0440\u0430\u0447\u0435\u043d\u043d\u044b\u0445 \u043d\u0430 \u043f\u043e\u043a\u0443\u043f\u043a\u0443 \u043a\u0430\u0440\u0442\u044b.<\/p>\n<\/li>\n<li>\n<p>\u041f\u043e\u0434\u0430\u0440\u043e\u0447\u043d\u0430\u044f \u043a\u0430\u0440\u0442\u0430 \u043c\u043e\u0436\u0435\u0442 \u0431\u044b\u0442\u044c \u0438\u0441\u043f\u043e\u043b\u044c\u0437\u043e\u0432\u0430\u043d\u0430 \u043a\u0430\u043a \u0446\u0435\u043b\u0438\u043a\u043e\u043c, \u0442\u0430\u043a \u0438 \u0447\u0430\u0441\u0442\u0438\u0447\u043d\u043e. \u041e\u0431\u044f\u0437\u0430\u0442\u0435\u043b\u044c\u043d\u044b\u043c \u044f\u0432\u043b\u044f\u0435\u0442\u0441\u044f \u0445\u0440\u0430\u043d\u0435\u043d\u0438\u0435 \u0444\u0438\u0437\u0438\u0447\u0435\u0441\u043a\u043e\u0439 \u043f\u043e\u0434\u0430\u0440\u043e\u0447\u043d\u044b\u0439 \u043a\u0430\u0440\u0442\u044b \u0434\u043e \u043f\u043e\u043b\u043d\u043e\u0433\u043e \u0435\u0451 \u0438\u0441\u043f\u043e\u043b\u044c\u0437\u043e\u0432\u0430\u043d\u0438\u044f.<\/p>\n<\/li>\n<\/ol>\n\t\t\t\t\t\t\t\t<\/div>\n\t\t\t\t<\/div>\n\t\t\t\t<div class=\"elementor-element elementor-element-adee28b xts-scheme-inherit xts-textalign-inherit elementor-widget elementor-widget-text-editor\" data-id=\"adee28b\" data-element_type=\"widget\" data-widget_type=\"text-editor.default\">\n\t\t\t\t<div class=\"elementor-widget-container\">\n\t\t\t\t\t\t\t\t\t\n<p>\u0421\u043f\u0430\u0441\u0438\u0431\u043e \u0437\u0430 \u043f\u043e\u043d\u0438\u043c\u0430\u043d\u0438\u0435,<\/p>\n\n<p><strong>VIVIDERM \u2013 \u0422\u0432\u043e\u0439 \u044d\u043a\u0441\u043f\u0435\u0440\u0442 \u043a\u0440\u0430\u0441\u043e\u0442\u044b<\/strong><\/p>\n\t\t\t\t\t\t\t\t<\/div>\n\t\t\t\t<\/div>\n\t\t\t\t\t<\/div>\n\t\t\t\t<\/div>\n\t\t\t\t<\/div>","protected":false},"excerpt":{"rendered":"<p>ABONEMENTU LIETO\u0160ANAS NOTEIKUMI D\u0101vanu kartes lieto\u0161anas noteikumi:<\/p>","protected":false},"author":1,"featured_media":0,"parent":0,"menu_order":0,"comment_status":"closed","ping_status":"closed","template":"","meta":{"_acf_changed":false,"footnotes":""},"class_list":["post-2273","page","type-page","status-publish","hentry"],"acf":[],"yoast_head":"<!-- This site is optimized with the Yoast SEO plugin v27.3 - https:\/\/yoast.com\/product\/yoast-seo-wordpress\/ -->\n<title>VIVIDERM noteikumi<\/title>\n<meta name=\"description\" content=\"M\u016bsu centrs pied\u0101v\u0101 l\u0101zerepil\u0101ciju un \u0137erme\u0146a korekciju, apvienojot augstas kvalit\u0101tes proced\u016bras ar maksim\u0101lu komfortu. VIVIDERM noteikumi.\" \/>\n<meta name=\"robots\" content=\"index, follow, max-snippet:-1, max-image-preview:large, max-video-preview:-1\" \/>\n<link rel=\"canonical\" href=\"https:\/\/vividerm.lv\/ru\/noteikumi\/\" \/>\n<meta property=\"og:locale\" content=\"ru_RU\" \/>\n<meta property=\"og:type\" content=\"article\" \/>\n<meta property=\"og:title\" content=\"VIVIDERM noteikumi\" \/>\n<meta property=\"og:description\" content=\"M\u016bsu centrs pied\u0101v\u0101 l\u0101zerepil\u0101ciju un \u0137erme\u0146a korekciju, apvienojot augstas kvalit\u0101tes proced\u016bras ar maksim\u0101lu komfortu. VIVIDERM noteikumi.\" \/>\n<meta property=\"og:url\" content=\"https:\/\/vividerm.lv\/ru\/noteikumi\/\" \/>\n<meta property=\"og:site_name\" content=\"VIVIDERM\" \/>\n<meta property=\"article:publisher\" content=\"https:\/\/www.facebook.com\/vividerm.lv\" \/>\n<meta property=\"article:modified_time\" content=\"2025-02-11T15:37:44+00:00\" \/>\n<meta property=\"og:image\" content=\"https:\/\/vividerm.lv\/wp-content\/uploads\/2024\/10\/VIVIDERM-Lazerepilacijas-un-Kosmetologijas-centrs.webp\" \/>\n\t<meta property=\"og:image:width\" content=\"1280\" \/>\n\t<meta property=\"og:image:height\" content=\"854\" \/>\n\t<meta property=\"og:image:type\" content=\"image\/webp\" \/>\n<meta name=\"twitter:card\" content=\"summary_large_image\" \/>\n<meta name=\"twitter:label1\" content=\"\u041f\u0440\u0438\u043c\u0435\u0440\u043d\u043e\u0435 \u0432\u0440\u0435\u043c\u044f \u0434\u043b\u044f \u0447\u0442\u0435\u043d\u0438\u044f\" \/>\n\t<meta name=\"twitter:data1\" content=\"1 \u043c\u0438\u043d\u0443\u0442\u0430\" \/>\n<script type=\"application\/ld+json\" class=\"yoast-schema-graph\">{\"@context\":\"https:\\\/\\\/schema.org\",\"@graph\":[{\"@type\":\"WebPage\",\"@id\":\"https:\\\/\\\/vividerm.lv\\\/noteikumi\\\/\",\"url\":\"https:\\\/\\\/vividerm.lv\\\/noteikumi\\\/\",\"name\":\"VIVIDERM noteikumi\",\"isPartOf\":{\"@id\":\"https:\\\/\\\/vividerm.lv\\\/#website\"},\"datePublished\":\"2024-07-15T08:44:13+00:00\",\"dateModified\":\"2025-02-11T15:37:44+00:00\",\"description\":\"M\u016bsu centrs pied\u0101v\u0101 l\u0101zerepil\u0101ciju un \u0137erme\u0146a korekciju, apvienojot augstas kvalit\u0101tes proced\u016bras ar maksim\u0101lu komfortu. VIVIDERM noteikumi.\",\"breadcrumb\":{\"@id\":\"https:\\\/\\\/vividerm.lv\\\/noteikumi\\\/#breadcrumb\"},\"inLanguage\":\"ru-RU\",\"potentialAction\":[{\"@type\":\"ReadAction\",\"target\":[\"https:\\\/\\\/vividerm.lv\\\/noteikumi\\\/\"]}]},{\"@type\":\"BreadcrumbList\",\"@id\":\"https:\\\/\\\/vividerm.lv\\\/noteikumi\\\/#breadcrumb\",\"itemListElement\":[{\"@type\":\"ListItem\",\"position\":1,\"name\":\"Galven\u0101\",\"item\":\"https:\\\/\\\/vividerm.lv\\\/\"},{\"@type\":\"ListItem\",\"position\":2,\"name\":\"VIVIDERM noteikumi\"}]},{\"@type\":\"WebSite\",\"@id\":\"https:\\\/\\\/vividerm.lv\\\/#website\",\"url\":\"https:\\\/\\\/vividerm.lv\\\/\",\"name\":\"VIVIDERM\",\"description\":\"\",\"publisher\":{\"@id\":\"https:\\\/\\\/vividerm.lv\\\/#organization\"},\"potentialAction\":[{\"@type\":\"SearchAction\",\"target\":{\"@type\":\"EntryPoint\",\"urlTemplate\":\"https:\\\/\\\/vividerm.lv\\\/?s={search_term_string}\"},\"query-input\":{\"@type\":\"PropertyValueSpecification\",\"valueRequired\":true,\"valueName\":\"search_term_string\"}}],\"inLanguage\":\"ru-RU\"},{\"@type\":\"Organization\",\"@id\":\"https:\\\/\\\/vividerm.lv\\\/#organization\",\"name\":\"VIVIDERM\",\"url\":\"https:\\\/\\\/vividerm.lv\\\/\",\"logo\":{\"@type\":\"ImageObject\",\"inLanguage\":\"ru-RU\",\"@id\":\"https:\\\/\\\/vividerm.lv\\\/#\\\/schema\\\/logo\\\/image\\\/\",\"url\":\"https:\\\/\\\/vividerm.lv\\\/wp-content\\\/uploads\\\/2025\\\/10\\\/VIVIDERM-Logo-White.png\",\"contentUrl\":\"https:\\\/\\\/vividerm.lv\\\/wp-content\\\/uploads\\\/2025\\\/10\\\/VIVIDERM-Logo-White.png\",\"width\":512,\"height\":512,\"caption\":\"VIVIDERM\"},\"image\":{\"@id\":\"https:\\\/\\\/vividerm.lv\\\/#\\\/schema\\\/logo\\\/image\\\/\"},\"sameAs\":[\"https:\\\/\\\/www.facebook.com\\\/vividerm.lv\",\"https:\\\/\\\/www.instagram.com\\\/vividerm_lv\\\/\"]}]}<\/script>\n<!-- \/ Yoast SEO plugin. -->","yoast_head_json":{"title":"\u041f\u0440\u0430\u0432\u0438\u043b\u0430 VIVIDERM","description":"M\u016bsu centrs pied\u0101v\u0101 l\u0101zerepil\u0101ciju un \u0137erme\u0146a korekciju, apvienojot augstas kvalit\u0101tes proced\u016bras ar maksim\u0101lu komfortu. VIVIDERM noteikumi.","robots":{"index":"index","follow":"follow","max-snippet":"max-snippet:-1","max-image-preview":"max-image-preview:large","max-video-preview":"max-video-preview:-1"},"canonical":"https:\/\/vividerm.lv\/ru\/noteikumi\/","og_locale":"ru_RU","og_type":"article","og_title":"VIVIDERM noteikumi","og_description":"M\u016bsu centrs pied\u0101v\u0101 l\u0101zerepil\u0101ciju un \u0137erme\u0146a korekciju, apvienojot augstas kvalit\u0101tes proced\u016bras ar maksim\u0101lu komfortu. VIVIDERM noteikumi.","og_url":"https:\/\/vividerm.lv\/ru\/noteikumi\/","og_site_name":"VIVIDERM","article_publisher":"https:\/\/www.facebook.com\/vividerm.lv","article_modified_time":"2025-02-11T15:37:44+00:00","og_image":[{"width":1280,"height":854,"url":"https:\/\/vividerm.lv\/wp-content\/uploads\/2024\/10\/VIVIDERM-Lazerepilacijas-un-Kosmetologijas-centrs.webp","type":"image\/webp"}],"twitter_card":"summary_large_image","twitter_misc":{"\u041f\u0440\u0438\u043c\u0435\u0440\u043d\u043e\u0435 \u0432\u0440\u0435\u043c\u044f \u0434\u043b\u044f \u0447\u0442\u0435\u043d\u0438\u044f":"1 \u043c\u0438\u043d\u0443\u0442\u0430"},"schema":{"@context":"https:\/\/schema.org","@graph":[{"@type":"WebPage","@id":"https:\/\/vividerm.lv\/noteikumi\/","url":"https:\/\/vividerm.lv\/noteikumi\/","name":"\u041f\u0440\u0430\u0432\u0438\u043b\u0430 VIVIDERM","isPartOf":{"@id":"https:\/\/vividerm.lv\/#website"},"datePublished":"2024-07-15T08:44:13+00:00","dateModified":"2025-02-11T15:37:44+00:00","description":"M\u016bsu centrs pied\u0101v\u0101 l\u0101zerepil\u0101ciju un \u0137erme\u0146a korekciju, apvienojot augstas kvalit\u0101tes proced\u016bras ar maksim\u0101lu komfortu. VIVIDERM noteikumi.","breadcrumb":{"@id":"https:\/\/vividerm.lv\/noteikumi\/#breadcrumb"},"inLanguage":"ru-RU","potentialAction":[{"@type":"ReadAction","target":["https:\/\/vividerm.lv\/noteikumi\/"]}]},{"@type":"BreadcrumbList","@id":"https:\/\/vividerm.lv\/noteikumi\/#breadcrumb","itemListElement":[{"@type":"ListItem","position":1,"name":"Galven\u0101","item":"https:\/\/vividerm.lv\/"},{"@type":"ListItem","position":2,"name":"VIVIDERM noteikumi"}]},{"@type":"WebSite","@id":"https:\/\/vividerm.lv\/#website","url":"https:\/\/vividerm.lv\/","name":"VIVIDERM","description":"","publisher":{"@id":"https:\/\/vividerm.lv\/#organization"},"potentialAction":[{"@type":"SearchAction","target":{"@type":"EntryPoint","urlTemplate":"https:\/\/vividerm.lv\/?s={search_term_string}"},"query-input":{"@type":"PropertyValueSpecification","valueRequired":true,"valueName":"search_term_string"}}],"inLanguage":"ru-RU"},{"@type":"Organization","@id":"https:\/\/vividerm.lv\/#organization","name":"VIVIDERM","url":"https:\/\/vividerm.lv\/","logo":{"@type":"ImageObject","inLanguage":"ru-RU","@id":"https:\/\/vividerm.lv\/#\/schema\/logo\/image\/","url":"https:\/\/vividerm.lv\/wp-content\/uploads\/2025\/10\/VIVIDERM-Logo-White.png","contentUrl":"https:\/\/vividerm.lv\/wp-content\/uploads\/2025\/10\/VIVIDERM-Logo-White.png","width":512,"height":512,"caption":"VIVIDERM"},"image":{"@id":"https:\/\/vividerm.lv\/#\/schema\/logo\/image\/"},"sameAs":["https:\/\/www.facebook.com\/vividerm.lv","https:\/\/www.instagram.com\/vividerm_lv\/"]}]}},"_links":{"self":[{"href":"https:\/\/vividerm.lv\/ru\/wp-json\/wp\/v2\/pages\/2273","targetHints":{"allow":["GET"]}}],"collection":[{"href":"https:\/\/vividerm.lv\/ru\/wp-json\/wp\/v2\/pages"}],"about":[{"href":"https:\/\/vividerm.lv\/ru\/wp-json\/wp\/v2\/types\/page"}],"author":[{"embeddable":true,"href":"https:\/\/vividerm.lv\/ru\/wp-json\/wp\/v2\/users\/1"}],"replies":[{"embeddable":true,"href":"https:\/\/vividerm.lv\/ru\/wp-json\/wp\/v2\/comments?post=2273"}],"version-history":[{"count":0,"href":"https:\/\/vividerm.lv\/ru\/wp-json\/wp\/v2\/pages\/2273\/revisions"}],"wp:attachment":[{"href":"https:\/\/vividerm.lv\/ru\/wp-json\/wp\/v2\/media?parent=2273"}],"curies":[{"name":"wp","href":"https:\/\/api.w.org\/{rel}","templated":true}]}}