{"id":3380,"date":"2024-11-05T16:55:17","date_gmt":"2024-11-05T13:55:17","guid":{"rendered":"https:\/\/vividerm.lv\/?page_id=3380"},"modified":"2024-12-03T20:00:56","modified_gmt":"2024-12-03T17:00:56","slug":"vides-pieejamiba","status":"publish","type":"page","link":"https:\/\/vividerm.lv\/ru\/vides-pieejamiba\/","title":{"rendered":"Vides pieejam\u012bba"},"content":{"rendered":"<p class=\"translation-block\">L\u0101zerdermatolo\u0123ijas kl\u012bnik\u0101 VIVIDERM ir iesp\u0113ja sa\u0146emt visus dermatologa un venerologa pakalpojumus person\u0101m ar kust\u012bbas trauc\u0113jumiem.<br>Apmekl\u0113t\u0101jiem ar kust\u012bbas trauc\u0113jumiem iek\u013c\u016bt \u0113k\u0101 iesp\u0113jams <a href=\"https:\/\/maps.app.goo.gl\/pCLCsrgKVQ7EAzeJ8\" target=\"_self\">no Roberta Hir\u0161a ielas un no Skanstes ielas<\/a>.<\/p>\n\n\n\n<ul class=\"wp-block-list\">\n<li>No Skanstes ielas ir nodro\u0161in\u0101ta \u0113rta iebrauktuve un uzbrauktuve person\u0101m ar kust\u012bbas trauc\u0113jumiem;<\/li>\n\n\n\n<li>Ir iesp\u0113jams izmantot inval\u012bdiem autost\u0101vvietu pagalm\u0101, kur \u0113rti var\u0113siet novietot savu automa\u0161\u012bnu;<\/li>\n\n\n\n<li>Ja ir nepiecie\u0161ama pal\u012bdz\u012bba, lai iek\u013c\u016btu \u0113k\u0101, zvan\u012bt administratoram pa t\u0101lr. <a href=\"tel:+37123444401\">+37123444401<\/a>;<\/li>\n\n\n\n<li>&nbsp;Iek\u013c\u016bstot \u0113k\u0101, gr\u012bdas plakne ir vien\u0101 l\u012bmen\u012b l\u012bdz pat liftam;<\/li>\n\n\n\n<li>Katr\u0101 st\u0101v\u0101 ir speci\u0101li apr\u012bkota tualetes telpa person\u0101m ar funkcion\u0101liem trauc\u0113jumiem;<\/li>\n\n\n\n<li>\u0112k\u0101 pa st\u0101viem iesp\u0113jams p\u0101rvietoties izmantojot liftu.<\/li>\n<\/ul>\n\n\n\n<p><\/p>","protected":false},"excerpt":{"rendered":"<p class=\"translation-block\">L\u0101zerdermatolo\u0123ijas kl\u012bnik\u0101 VIVIDERM ir iesp\u0113ja sa\u0146emt visus dermatologa un venerologa pakalpojumus person\u0101m ar kust\u012bbas trauc\u0113jumiem.<br>Apmekl\u0113t\u0101jiem ar kust\u012bbas trauc\u0113jumiem iek\u013c\u016bt \u0113k\u0101 iesp\u0113jams <a href=\"https:\/\/maps.app.goo.gl\/pCLCsrgKVQ7EAzeJ8\" target=\"_self\">no Roberta Hir\u0161a ielas un no Skanstes ielas<\/a>.<\/p>","protected":false},"author":2,"featured_media":0,"parent":0,"menu_order":0,"comment_status":"closed","ping_status":"closed","template":"","meta":{"_acf_changed":false,"footnotes":""},"class_list":["post-3380","page","type-page","status-publish","hentry"],"acf":[],"yoast_head":"<!-- This site is optimized with the Yoast SEO plugin v27.3 - https:\/\/yoast.com\/product\/yoast-seo-wordpress\/ -->\n<title>Vides pieejam\u012bba - VIVIDERM<\/title>\n<meta name=\"robots\" content=\"index, follow, max-snippet:-1, max-image-preview:large, max-video-preview:-1\" \/>\n<link rel=\"canonical\" href=\"https:\/\/vividerm.lv\/ru\/vides-pieejamiba\/\" \/>\n<meta property=\"og:locale\" content=\"ru_RU\" \/>\n<meta property=\"og:type\" content=\"article\" \/>\n<meta property=\"og:title\" content=\"Vides pieejam\u012bba - VIVIDERM\" \/>\n<meta property=\"og:description\" content=\"L\u0101zerdermatolo\u0123ijas kl\u012bnik\u0101 VIVIDERM ir iesp\u0113ja sa\u0146emt visus dermatologa un venerologa pakalpojumus person\u0101m ar kust\u012bbas trauc\u0113jumiem.Apmekl\u0113t\u0101jiem ar kust\u012bbas trauc\u0113jumiem iek\u013c\u016bt \u0113k\u0101 iesp\u0113jams no Roberta Hir\u0161a ielas un no Skanstes ielas.\" \/>\n<meta property=\"og:url\" content=\"https:\/\/vividerm.lv\/ru\/vides-pieejamiba\/\" \/>\n<meta property=\"og:site_name\" content=\"VIVIDERM\" \/>\n<meta property=\"article:publisher\" content=\"https:\/\/www.facebook.com\/vividerm.lv\" \/>\n<meta property=\"article:modified_time\" content=\"2024-12-03T17:00:56+00:00\" \/>\n<meta property=\"og:image\" content=\"https:\/\/vividerm.lv\/wp-content\/uploads\/2024\/10\/VIVIDERM-Lazerepilacijas-un-Kosmetologijas-centrs.webp\" \/>\n\t<meta property=\"og:image:width\" content=\"1280\" \/>\n\t<meta property=\"og:image:height\" content=\"854\" \/>\n\t<meta property=\"og:image:type\" content=\"image\/webp\" \/>\n<meta name=\"twitter:card\" content=\"summary_large_image\" \/>\n<meta name=\"twitter:label1\" content=\"\u041f\u0440\u0438\u043c\u0435\u0440\u043d\u043e\u0435 \u0432\u0440\u0435\u043c\u044f \u0434\u043b\u044f \u0447\u0442\u0435\u043d\u0438\u044f\" \/>\n\t<meta name=\"twitter:data1\" content=\"1 \u043c\u0438\u043d\u0443\u0442\u0430\" \/>\n<script type=\"application\/ld+json\" class=\"yoast-schema-graph\">{\"@context\":\"https:\\\/\\\/schema.org\",\"@graph\":[{\"@type\":\"WebPage\",\"@id\":\"https:\\\/\\\/vividerm.lv\\\/vides-pieejamiba\\\/\",\"url\":\"https:\\\/\\\/vividerm.lv\\\/vides-pieejamiba\\\/\",\"name\":\"Vides pieejam\u012bba - VIVIDERM\",\"isPartOf\":{\"@id\":\"https:\\\/\\\/vividerm.lv\\\/#website\"},\"datePublished\":\"2024-11-05T13:55:17+00:00\",\"dateModified\":\"2024-12-03T17:00:56+00:00\",\"breadcrumb\":{\"@id\":\"https:\\\/\\\/vividerm.lv\\\/vides-pieejamiba\\\/#breadcrumb\"},\"inLanguage\":\"ru-RU\",\"potentialAction\":[{\"@type\":\"ReadAction\",\"target\":[\"https:\\\/\\\/vividerm.lv\\\/vides-pieejamiba\\\/\"]}]},{\"@type\":\"BreadcrumbList\",\"@id\":\"https:\\\/\\\/vividerm.lv\\\/vides-pieejamiba\\\/#breadcrumb\",\"itemListElement\":[{\"@type\":\"ListItem\",\"position\":1,\"name\":\"Galven\u0101\",\"item\":\"https:\\\/\\\/vividerm.lv\\\/\"},{\"@type\":\"ListItem\",\"position\":2,\"name\":\"Vides pieejam\u012bba\"}]},{\"@type\":\"WebSite\",\"@id\":\"https:\\\/\\\/vividerm.lv\\\/#website\",\"url\":\"https:\\\/\\\/vividerm.lv\\\/\",\"name\":\"VIVIDERM\",\"description\":\"\",\"publisher\":{\"@id\":\"https:\\\/\\\/vividerm.lv\\\/#organization\"},\"potentialAction\":[{\"@type\":\"SearchAction\",\"target\":{\"@type\":\"EntryPoint\",\"urlTemplate\":\"https:\\\/\\\/vividerm.lv\\\/?s={search_term_string}\"},\"query-input\":{\"@type\":\"PropertyValueSpecification\",\"valueRequired\":true,\"valueName\":\"search_term_string\"}}],\"inLanguage\":\"ru-RU\"},{\"@type\":\"Organization\",\"@id\":\"https:\\\/\\\/vividerm.lv\\\/#organization\",\"name\":\"VIVIDERM\",\"url\":\"https:\\\/\\\/vividerm.lv\\\/\",\"logo\":{\"@type\":\"ImageObject\",\"inLanguage\":\"ru-RU\",\"@id\":\"https:\\\/\\\/vividerm.lv\\\/#\\\/schema\\\/logo\\\/image\\\/\",\"url\":\"https:\\\/\\\/vividerm.lv\\\/wp-content\\\/uploads\\\/2025\\\/10\\\/VIVIDERM-Logo-White.png\",\"contentUrl\":\"https:\\\/\\\/vividerm.lv\\\/wp-content\\\/uploads\\\/2025\\\/10\\\/VIVIDERM-Logo-White.png\",\"width\":512,\"height\":512,\"caption\":\"VIVIDERM\"},\"image\":{\"@id\":\"https:\\\/\\\/vividerm.lv\\\/#\\\/schema\\\/logo\\\/image\\\/\"},\"sameAs\":[\"https:\\\/\\\/www.facebook.com\\\/vividerm.lv\",\"https:\\\/\\\/www.instagram.com\\\/vividerm_lv\\\/\"]}]}<\/script>\n<!-- \/ Yoast SEO plugin. -->","yoast_head_json":{"title":"Vides pieejam\u012bba - VIVIDERM","robots":{"index":"index","follow":"follow","max-snippet":"max-snippet:-1","max-image-preview":"max-image-preview:large","max-video-preview":"max-video-preview:-1"},"canonical":"https:\/\/vividerm.lv\/ru\/vides-pieejamiba\/","og_locale":"ru_RU","og_type":"article","og_title":"Vides pieejam\u012bba - VIVIDERM","og_description":"L\u0101zerdermatolo\u0123ijas kl\u012bnik\u0101 VIVIDERM ir iesp\u0113ja sa\u0146emt visus dermatologa un venerologa pakalpojumus person\u0101m ar kust\u012bbas trauc\u0113jumiem.Apmekl\u0113t\u0101jiem ar kust\u012bbas trauc\u0113jumiem iek\u013c\u016bt \u0113k\u0101 iesp\u0113jams no Roberta Hir\u0161a ielas un no Skanstes ielas.","og_url":"https:\/\/vividerm.lv\/ru\/vides-pieejamiba\/","og_site_name":"VIVIDERM","article_publisher":"https:\/\/www.facebook.com\/vividerm.lv","article_modified_time":"2024-12-03T17:00:56+00:00","og_image":[{"width":1280,"height":854,"url":"https:\/\/vividerm.lv\/wp-content\/uploads\/2024\/10\/VIVIDERM-Lazerepilacijas-un-Kosmetologijas-centrs.webp","type":"image\/webp"}],"twitter_card":"summary_large_image","twitter_misc":{"\u041f\u0440\u0438\u043c\u0435\u0440\u043d\u043e\u0435 \u0432\u0440\u0435\u043c\u044f \u0434\u043b\u044f \u0447\u0442\u0435\u043d\u0438\u044f":"1 \u043c\u0438\u043d\u0443\u0442\u0430"},"schema":{"@context":"https:\/\/schema.org","@graph":[{"@type":"WebPage","@id":"https:\/\/vividerm.lv\/vides-pieejamiba\/","url":"https:\/\/vividerm.lv\/vides-pieejamiba\/","name":"Vides pieejam\u012bba - VIVIDERM","isPartOf":{"@id":"https:\/\/vividerm.lv\/#website"},"datePublished":"2024-11-05T13:55:17+00:00","dateModified":"2024-12-03T17:00:56+00:00","breadcrumb":{"@id":"https:\/\/vividerm.lv\/vides-pieejamiba\/#breadcrumb"},"inLanguage":"ru-RU","potentialAction":[{"@type":"ReadAction","target":["https:\/\/vividerm.lv\/vides-pieejamiba\/"]}]},{"@type":"BreadcrumbList","@id":"https:\/\/vividerm.lv\/vides-pieejamiba\/#breadcrumb","itemListElement":[{"@type":"ListItem","position":1,"name":"Galven\u0101","item":"https:\/\/vividerm.lv\/"},{"@type":"ListItem","position":2,"name":"Vides pieejam\u012bba"}]},{"@type":"WebSite","@id":"https:\/\/vividerm.lv\/#website","url":"https:\/\/vividerm.lv\/","name":"VIVIDERM","description":"","publisher":{"@id":"https:\/\/vividerm.lv\/#organization"},"potentialAction":[{"@type":"SearchAction","target":{"@type":"EntryPoint","urlTemplate":"https:\/\/vividerm.lv\/?s={search_term_string}"},"query-input":{"@type":"PropertyValueSpecification","valueRequired":true,"valueName":"search_term_string"}}],"inLanguage":"ru-RU"},{"@type":"Organization","@id":"https:\/\/vividerm.lv\/#organization","name":"VIVIDERM","url":"https:\/\/vividerm.lv\/","logo":{"@type":"ImageObject","inLanguage":"ru-RU","@id":"https:\/\/vividerm.lv\/#\/schema\/logo\/image\/","url":"https:\/\/vividerm.lv\/wp-content\/uploads\/2025\/10\/VIVIDERM-Logo-White.png","contentUrl":"https:\/\/vividerm.lv\/wp-content\/uploads\/2025\/10\/VIVIDERM-Logo-White.png","width":512,"height":512,"caption":"VIVIDERM"},"image":{"@id":"https:\/\/vividerm.lv\/#\/schema\/logo\/image\/"},"sameAs":["https:\/\/www.facebook.com\/vividerm.lv","https:\/\/www.instagram.com\/vividerm_lv\/"]}]}},"_links":{"self":[{"href":"https:\/\/vividerm.lv\/ru\/wp-json\/wp\/v2\/pages\/3380","targetHints":{"allow":["GET"]}}],"collection":[{"href":"https:\/\/vividerm.lv\/ru\/wp-json\/wp\/v2\/pages"}],"about":[{"href":"https:\/\/vividerm.lv\/ru\/wp-json\/wp\/v2\/types\/page"}],"author":[{"embeddable":true,"href":"https:\/\/vividerm.lv\/ru\/wp-json\/wp\/v2\/users\/2"}],"replies":[{"embeddable":true,"href":"https:\/\/vividerm.lv\/ru\/wp-json\/wp\/v2\/comments?post=3380"}],"version-history":[{"count":0,"href":"https:\/\/vividerm.lv\/ru\/wp-json\/wp\/v2\/pages\/3380\/revisions"}],"wp:attachment":[{"href":"https:\/\/vividerm.lv\/ru\/wp-json\/wp\/v2\/media?parent=3380"}],"curies":[{"name":"wp","href":"https:\/\/api.w.org\/{rel}","templated":true}]}}